{"id":3239,"date":"2015-06-10T10:54:26","date_gmt":"2015-06-10T09:54:26","guid":{"rendered":"https:\/\/estudi6.com\/?page_id=3239"},"modified":"2020-05-20T10:48:05","modified_gmt":"2020-05-20T09:48:05","slug":"25-anys-dexperiencia","status":"publish","type":"page","link":"https:\/\/estudi6.com\/es\/estudi-6\/el-nostre-adn\/25-anys-dexperiencia\/","title":{"rendered":"25 a\u00f1os de Experiencia"},"content":{"rendered":"<div class=\"wpb-content-wrapper\"><p>[vc_row width=&#8221;full&#8221; p_bottom=&#8221;10px&#8221; m_top=&#8221;100px&#8221;][vc_column][vc_column_text c_id=&#8221;.vc_1433318601891&#8243;]<\/p>\n<h1><strong>25 a\u00f1os de Experiencia<\/strong><\/h1>\n<p>[\/vc_column_text][\/vc_column][\/vc_row][vc_row width=&#8221;full&#8221; bg_color_row=&#8221;#eaeaea&#8221; p_top=&#8221;40px&#8221; p_bottom=&#8221;60px&#8221; m_bottom=&#8221;0&#8243; cut_top=&#8221;top-right&#8221; cut_top_h=&#8221;40&#8243;][vc_column][vc_column_text c_id=&#8221;.vc_1433318617038&#8243;]Estudi 6 nace en el a\u00f1o 1989 con el fin de dise\u00f1ar, organizar y gestionar programas y servicios relacionados con el mundo de la educaci\u00f3n. Desde entonces su evoluci\u00f3n ha sido continua. La clave del crecimiento de Estudi 6 ha sido y es la calidad en la gesti\u00f3n de los servicios, poniendo especial atenci\u00f3n en la adaptaci\u00f3n de los proyectos al territorio y a las necesidades de la comunidad.<\/p>\n<p>Estudi 6 aporta una trayectoria de m\u00e1s de 25 a\u00f1os de experiencia al servicio de las instituciones p\u00fablicas y privadas. La Misi\u00f3n de Estudi 6 se concreta en la gesti\u00f3n de servicios y programas socioeducativos de calidad para conseguir la satisfacci\u00f3n de los clientes con eficiencia y eficacia.[\/vc_column_text][\/vc_column][\/vc_row]<\/p>\n<\/div>","protected":false},"excerpt":{"rendered":"<p>[vc_row width=&#8221;full&#8221; p_bottom=&#8221;10px&#8221; m_top=&#8221;100px&#8221;][vc_column][vc_column_text c_id=&#8221;.vc_1433318601891&#8243;] 25 a\u00f1os de Experiencia [\/vc_column_text][\/vc_column][\/vc_row][vc_row width=&#8221;full&#8221; bg_color_row=&#8221;#eaeaea&#8221; p_top=&#8221;40px&#8221; p_bottom=&#8221;60px&#8221; m_bottom=&#8221;0&#8243; cut_top=&#8221;top-right&#8221; cut_top_h=&#8221;40&#8243;][vc_column][vc_column_text c_id=&#8221;.vc_1433318617038&#8243;]Estudi 6 nace en el a\u00f1o 1989 con el fin de dise\u00f1ar, organizar y gestionar programas y servicios relacionados con el mundo de la educaci\u00f3n. Desde entonces su evoluci\u00f3n ha sido continua. La clave del crecimiento de Estudi [&hellip;]<\/p>\n","protected":false},"author":1,"featured_media":0,"parent":3235,"menu_order":0,"comment_status":"closed","ping_status":"closed","template":"","meta":{"footnotes":""},"class_list":["post-3239","page","type-page","status-publish","hentry"],"_links":{"self":[{"href":"https:\/\/estudi6.com\/es\/wp-json\/wp\/v2\/pages\/3239","targetHints":{"allow":["GET"]}}],"collection":[{"href":"https:\/\/estudi6.com\/es\/wp-json\/wp\/v2\/pages"}],"about":[{"href":"https:\/\/estudi6.com\/es\/wp-json\/wp\/v2\/types\/page"}],"author":[{"embeddable":true,"href":"https:\/\/estudi6.com\/es\/wp-json\/wp\/v2\/users\/1"}],"replies":[{"embeddable":true,"href":"https:\/\/estudi6.com\/es\/wp-json\/wp\/v2\/comments?post=3239"}],"version-history":[{"count":4,"href":"https:\/\/estudi6.com\/es\/wp-json\/wp\/v2\/pages\/3239\/revisions"}],"predecessor-version":[{"id":6739,"href":"https:\/\/estudi6.com\/es\/wp-json\/wp\/v2\/pages\/3239\/revisions\/6739"}],"up":[{"embeddable":true,"href":"https:\/\/estudi6.com\/es\/wp-json\/wp\/v2\/pages\/3235"}],"wp:attachment":[{"href":"https:\/\/estudi6.com\/es\/wp-json\/wp\/v2\/media?parent=3239"}],"curies":[{"name":"wp","href":"https:\/\/api.w.org\/{rel}","templated":true}]}}