{"id":3252,"date":"2015-06-10T10:55:05","date_gmt":"2015-06-10T09:55:05","guid":{"rendered":"https:\/\/estudi6.com\/?page_id=3252"},"modified":"2025-11-17T15:19:11","modified_gmt":"2025-11-17T14:19:11","slug":"lequip-huma","status":"publish","type":"page","link":"https:\/\/estudi6.com\/es\/estudi-6\/el-nostre-adn\/lequip-huma\/","title":{"rendered":"El Equipo Humano"},"content":{"rendered":"<div class=\"wpb-content-wrapper\"><p>[vc_row][vc_column][vc_column_text c_id=&#8221;.vc_1434441249918&#8243;]<iframe loading=\"lazy\" src=\"https:\/\/www.youtube.com\/embed\/B2W27f7jD1c?rel=0\" width=\"1280\" height=\"720\" frameborder=\"0\" allowfullscreen=\"allowfullscreen\"><\/iframe>[\/vc_column_text][\/vc_column][\/vc_row][vc_row p_bottom=&#8221;10px&#8221; m_top=&#8221;10px&#8221;][vc_column][vc_column_text c_id=&#8221;.vc_1433319170911&#8243;]<\/p>\n<h1><strong>Comit\u00e9 de direcci\u00f3n<\/strong><\/h1>\n<p>[\/vc_column_text][vc_column_text]<\/p>\n<h3>JOAN CERD\u00c0<\/h3>\n<h5><em style=\"color: #808080;\">Director gerente<\/em>.<br \/>\n<span style=\"color: #808080;\"><em>Direcci\u00f3n de proyectos y equipamientos socioculturales<\/em><\/span><\/h5>\n<h5><i class=\"fa fa-phone  iv-icon\"><\/i>+34 627477981 \/\u00a0+34 971498181<br \/>\n<i class=\"fa fa-envelope  iv-icon\"><\/i><a href=\"mailto:joancerda@estudi6.com\">joancerda@estudi6.com<\/a><\/h5>\n<p>[\/vc_column_text][vc_row_inner][vc_column_inner width=&#8221;1\/4&#8243;][vc_column_text]<\/p>\n<h3>JOANA MATEU<\/h3>\n<h5><span style=\"color: #808080;\"><em>Direcci\u00f3n de proyectos<br \/>\nde soporte educativo y orientaci\u00f3n<\/em><\/span><\/h5>\n<h5><i class=\"fa fa-phone  iv-icon\"><\/i>+34 626157921 \/\u00a0+34 971498181<br \/>\n<i class=\"fa fa-envelope  iv-icon\"><\/i><a href=\"mailto:joanamateu@estudi6.com\">\u00a0joanamateu@estudi6.com<\/a><\/h5>\n<p>[\/vc_column_text][\/vc_column_inner][vc_column_inner width=&#8221;1\/4&#8243;][vc_column_text]<\/p>\n<h3>CATALINA BARCEL\u00d3<\/h3>\n<h5><span style=\"color: #808080;\"><em>Direcci\u00f3n de proyectos<br \/>\nde formaci\u00f3n de personas adultas<\/em><\/span><\/h5>\n<h5><i class=\"fa fa-phone  iv-icon\"><\/i>+34 618820045 \/\u00a0+34 971498181<br \/>\n<i class=\"fa fa-envelope  iv-icon\"><\/i><a href=\"mailto:catibarcelo@estudi6.com\">catibarcelo@estudi6.com<\/a><\/h5>\n<p>[\/vc_column_text][\/vc_column_inner][vc_column_inner width=&#8221;1\/4&#8243;][vc_column_text]<\/p>\n<h3>CATALINA PONT<\/h3>\n<h5><span style=\"color: #808080;\"><em>Direcci\u00f3n de recursos<br \/>\n<\/em><\/span><span style=\"color: #808080;\"><em>educativos<\/em><\/span><\/h5>\n<h5><i class=\"fa fa-phone  iv-icon\"><\/i>+34 609197004 \/\u00a0+34 971498181<br \/>\n<i class=\"fa fa-envelope  iv-icon\"><\/i><a href=\"mailto:catalinapont@estudi6.com\">catalinapont@estudi6.com<\/a><\/h5>\n<p>[\/vc_column_text][\/vc_column_inner][vc_column_inner width=&#8221;1\/4&#8243;][vc_column_text]<\/p>\n<h3>MIQUELA ROIG<\/h3>\n<h5><span style=\"color: #808080;\"><em>Direcci\u00f3n de proyectos<br \/>\nde educaci\u00f3n infantil 0-3 a\u00f1os<\/em><\/span><\/h5>\n<h5><i class=\"fa fa-phone  iv-icon\"><\/i>+34 607111219 \/\u00a0+34 971498181<br \/>\n<i class=\"fa fa-envelope  iv-icon\"><\/i><a href=\"mailto:miquelaroig@estudi6.com\">miquelaroig@estudi6.com<\/a><\/h5>\n<p>[\/vc_column_text][\/vc_column_inner][\/vc_row_inner][\/vc_column][\/vc_row][vc_row p_bottom=&#8221;10px&#8221; m_top=&#8221;10px&#8221;][vc_column][vc_column_text c_id=&#8221;.vc_1432106789156&#8243;]<\/p>\n<h1><strong>Perfiles profesionales<\/strong><\/h1>\n<p>[\/vc_column_text][\/vc_column][\/vc_row][vc_row][vc_column width=&#8221;1\/6&#8243;][ivan_counter sub=&#8221;Coordinador\/a de servicio&#8221; animated=&#8221;yes&#8221; c_id=&#8221;.vc_1763388550682&#8243; title_css=&#8221;color:#6d365a;font-size:70px;&#8221; subtitle_css=&#8221;color:#a5a5a5;font-size:20px;&#8221;]31[\/ivan_counter][\/vc_column][vc_column width=&#8221;1\/6&#8243;][ivan_counter sub=&#8221;DIRECTOR\/A DE SERVICIO&#8221; animated=&#8221;yes&#8221; c_id=&#8221;.vc_1763388573961&#8243; title_css=&#8221;color:#6d365a;font-size:70px;&#8221; subtitle_css=&#8221;color:#a5a5a5;font-size:20px;&#8221;]20[\/ivan_counter][\/vc_column][vc_column width=&#8221;1\/6&#8243;][ivan_counter sub=&#8221;JEFE DE ESTUDIOS&#8221; animated=&#8221;yes&#8221; c_id=&#8221;.vc_1676726267669&#8243; title_css=&#8221;color:#6d365a;font-size:70px;&#8221; subtitle_css=&#8221;color:#a5a5a5;font-size:20px;&#8221;]5[\/ivan_counter][\/vc_column][vc_column width=&#8221;1\/6&#8243;][ivan_counter sub=&#8221;SECRETARIO\/A ACAD\u00c9MICA&#8221; animated=&#8221;yes&#8221; c_id=&#8221;.vc_1676726367267&#8243; title_css=&#8221;color:#6d365a;font-size:70px;&#8221; subtitle_css=&#8221;color:#a5a5a5;font-size:20px;&#8221;]2[\/ivan_counter][\/vc_column][vc_column width=&#8221;1\/6&#8243;][ivan_counter sub=&#8221;Director\/a proyecto&#8221; animated=&#8221;yes&#8221; c_id=&#8221;.vc_1433319227951&#8243; title_css=&#8221;color:#6d365a;font-size:70px;&#8221; subtitle_css=&#8221;color:#a5a5a5;font-size:20px;&#8221;]5[\/ivan_counter][\/vc_column][vc_column width=&#8221;1\/6&#8243;][ivan_counter sub=&#8221;Maestro\/a refuerzo educativo&#8221; animated=&#8221;yes&#8221; c_id=&#8221;.vc_1763388590098&#8243; title_css=&#8221;color:#6d365a;font-size:70px;&#8221; subtitle_css=&#8221;color:#a5a5a5;font-size:20px;&#8221;]15[\/ivan_counter][\/vc_column][\/vc_row][vc_row][vc_column width=&#8221;1\/6&#8243;][ivan_counter sub=&#8221;Maestro\/a PT&#8221; animated=&#8221;yes&#8221; c_id=&#8221;.vc_1763388606719&#8243; title_css=&#8221;color:#6d365a;font-size:70px;&#8221; subtitle_css=&#8221;color:#a5a5a5;font-size:20px;&#8221;]10[\/ivan_counter][\/vc_column][vc_column width=&#8221;1\/6&#8243;][ivan_counter sub=&#8221;Educador\/a infantil&#8221; animated=&#8221;yes&#8221; c_id=&#8221;.vc_1763388616456&#8243; title_css=&#8221;color:#6d365a;font-size:70px;&#8221; subtitle_css=&#8221;color:#a5a5a5;font-size:20px;&#8221;]108[\/ivan_counter][\/vc_column][vc_column width=&#8221;1\/6&#8243;][ivan_counter sub=&#8221;Profesorado<br \/>\n&#8221; animated=&#8221;yes&#8221; c_id=&#8221;.vc_1763388789193&#8243; title_css=&#8221;color:#6d365a;font-size:70px;&#8221; subtitle_css=&#8221;color:#a5a5a5;font-size:20px;&#8221;]43[\/ivan_counter][\/vc_column][vc_column width=&#8221;1\/6&#8243;][ivan_counter sub=&#8221;Dinamizador\/a juvenil&#8221; animated=&#8221;yes&#8221; c_id=&#8221;.vc_1763388638213&#8243; title_css=&#8221;color:#6d365a;font-size:70px;&#8221; subtitle_css=&#8221;color:#a5a5a5;font-size:20px;&#8221;]15[\/ivan_counter][\/vc_column][vc_column width=&#8221;1\/6&#8243;][ivan_counter sub=&#8221;Monitor\/a de tiempo libre&#8221; animated=&#8221;yes&#8221; c_id=&#8221;.vc_1763388649100&#8243; title_css=&#8221;color:#6d365a;font-size:70px;&#8221; subtitle_css=&#8221;color:#a5a5a5;font-size:20px;&#8221;]26[\/ivan_counter][\/vc_column][vc_column width=&#8221;1\/6&#8243;][ivan_counter sub=&#8221;Monitor\/a de talleres&#8221; animated=&#8221;yes&#8221; c_id=&#8221;.vc_1676725715064&#8243; title_css=&#8221;color:#6d365a;font-size:70px;&#8221; subtitle_css=&#8221;color:#a5a5a5;font-size:20px;&#8221;]480[\/ivan_counter][\/vc_column][\/vc_row][vc_row][vc_column width=&#8221;1\/6&#8243;][ivan_counter sub=&#8221;Auxiliar administrativo\/a&#8221; animated=&#8221;yes&#8221; c_id=&#8221;.vc_1763388874986&#8243; title_css=&#8221;color:#6d365a;font-size:70px;&#8221; subtitle_css=&#8221;color:#a5a5a5;font-size:20px;&#8221;]5[\/ivan_counter][\/vc_column][vc_column width=&#8221;1\/6&#8243;][ivan_counter sub=&#8221;AUXILIAR T\u00c9CNICO\/A EDUCATIVO&#8221; animated=&#8221;yes&#8221; c_id=&#8221;.vc_1763388861798&#8243; title_css=&#8221;color:#6d365a;font-size:70px;&#8221; subtitle_css=&#8221;color:#a5a5a5;font-size:20px;&#8221;]16[\/ivan_counter][\/vc_column][vc_column width=&#8221;1\/6&#8243;][ivan_counter sub=&#8221;Cocinero\/a&#8221; animated=&#8221;yes&#8221; c_id=&#8221;.vc_1763388849378&#8243; title_css=&#8221;color:#6d365a;font-size:70px;&#8221; subtitle_css=&#8221;color:#a5a5a5;font-size:20px;&#8221;]9[\/ivan_counter][\/vc_column][vc_column width=&#8221;1\/6&#8243;][ivan_counter sub=&#8221;Auxiliar de cocina&#8221; animated=&#8221;yes&#8221; c_id=&#8221;.vc_1676725815201&#8243; title_css=&#8221;color:#6d365a;font-size:70px;&#8221; subtitle_css=&#8221;color:#a5a5a5;font-size:20px;&#8221;]7[\/ivan_counter][\/vc_column][vc_column width=&#8221;1\/6&#8243;][ivan_counter sub=&#8221;Bibliotecarios\/rias&#8221; animated=&#8221;yes&#8221; c_id=&#8221;.vc_1763388838025&#8243; title_css=&#8221;color:#6d365a;font-size:70px;&#8221; subtitle_css=&#8221;color:#a5a5a5;font-size:20px;&#8221;]3[\/ivan_counter][\/vc_column][vc_column width=&#8221;1\/6&#8243;][ivan_counter sub=&#8221;PSIC\u00d3LOGO\/A&#8221; animated=&#8221;yes&#8221; c_id=&#8221;.vc_1763388802497&#8243; title_css=&#8221;color:#6d365a;font-size:70px;&#8221; subtitle_css=&#8221;color:#a5a5a5;font-size:20px;&#8221;]2[\/ivan_counter][\/vc_column][\/vc_row][vc_row][vc_column width=&#8221;1\/6&#8243;][ivan_counter sub=&#8221;TRABAJADOR\/A SOCIAL&#8221; animated=&#8221;yes&#8221; c_id=&#8221;.vc_1676725209485&#8243; title_css=&#8221;color:#6d365a;font-size:70px;&#8221; subtitle_css=&#8221;color:#a5a5a5;font-size:20px;&#8221;]9[\/ivan_counter][\/vc_column][vc_column width=&#8221;1\/6&#8243;][ivan_counter sub=&#8221;EDUCADOR\/A SOCIAL&#8221; animated=&#8221;yes&#8221; c_id=&#8221;.vc_1763388885722&#8243; title_css=&#8221;color:#6d365a;font-size:70px;&#8221; subtitle_css=&#8221;color:#a5a5a5;font-size:20px;&#8221;]13[\/ivan_counter][\/vc_column][vc_column width=&#8221;1\/6&#8243;][ivan_counter sub=&#8221;Profesor\/a escuela de m\u00fasica&#8221; animated=&#8221;yes&#8221; c_id=&#8221;.vc_1763388898660&#8243; title_css=&#8221;color:#6d365a;font-size:70px;&#8221; subtitle_css=&#8221;color:#a5a5a5;font-size:20px;&#8221;]214[\/ivan_counter][\/vc_column][vc_column width=&#8221;1\/6&#8243;][ivan_counter sub=&#8221;Profesor\/a formaci\u00f3n adultos&#8221; animated=&#8221;yes&#8221; c_id=&#8221;.vc_1676725560871&#8243; title_css=&#8221;color:#6d365a;font-size:70px;&#8221; subtitle_css=&#8221;color:#a5a5a5;font-size:20px;&#8221;]16[\/ivan_counter][\/vc_column][vc_column width=&#8221;1\/6&#8243;][ivan_counter sub=&#8221;ANIMADOR\/A SOCIOCULTURAL&#8221; animated=&#8221;yes&#8221; c_id=&#8221;.vc_1763388910897&#8243; title_css=&#8221;color:#6d365a;font-size:70px;&#8221; subtitle_css=&#8221;color:#a5a5a5;font-size:20px;&#8221;]24[\/ivan_counter][\/vc_column][vc_column width=&#8221;1\/6&#8243;][ivan_counter sub=&#8221;INFORMADOR\/A&#8221; animated=&#8221;yes&#8221; c_id=&#8221;.vc_1763388923501&#8243; title_css=&#8221;color:#6d365a;font-size:70px;&#8221; subtitle_css=&#8221;color:#a5a5a5;font-size:20px;&#8221;]14[\/ivan_counter][\/vc_column][\/vc_row][vc_row][vc_column width=&#8221;1\/6&#8243;][ivan_counter sub=&#8221;MONITORES\/AS SOCIALES&#8221; animated=&#8221;yes&#8221; c_id=&#8221;.vc_1763388999541&#8243; title_css=&#8221;color:#6d365a;font-size:70px;&#8221; subtitle_css=&#8221;color:#a5a5a5;font-size:20px;&#8221;]15[\/ivan_counter][\/vc_column][vc_column width=&#8221;1\/6&#8243;][ivan_counter sub=&#8221;T\u00e9cnico\/a de asesoramiento y proyectos&#8221; animated=&#8221;yes&#8221; c_id=&#8221;.vc_1613476371931&#8243; title_css=&#8221;color:#6d365a;font-size:70px;&#8221; subtitle_css=&#8221;color:#a5a5a5;font-size:20px;&#8221;]10[\/ivan_counter][\/vc_column][vc_column width=&#8221;1\/6&#8243;][ivan_counter sub=&#8221;ABOGADO\/A&#8221; animated=&#8221;yes&#8221; c_id=&#8221;.vc_1676725151254&#8243; title_css=&#8221;color:#6d365a;font-size:70px;&#8221; subtitle_css=&#8221;color:#a5a5a5;font-size:20px;&#8221;]6[\/ivan_counter][\/vc_column][vc_column width=&#8221;1\/6&#8243;][ivan_counter sub=&#8221;AUXILIAR DE CL\u00cdNICA&#8221; animated=&#8221;yes&#8221; c_id=&#8221;.vc_1763389013595&#8243; title_css=&#8221;color:#6d365a;font-size:70px;&#8221; subtitle_css=&#8221;color:#a5a5a5;font-size:20px;&#8221;]9[\/ivan_counter][\/vc_column][vc_column width=&#8221;1\/6&#8243;][ivan_counter sub=&#8221;T\u00c9CNICO DE MANTENIMIENTO&#8221; animated=&#8221;yes&#8221; c_id=&#8221;.vc_1676725859190&#8243; title_css=&#8221;color:#6d365a;font-size:70px;&#8221; subtitle_css=&#8221;color:#a5a5a5;font-size:20px;&#8221;]2[\/ivan_counter][\/vc_column][vc_column width=&#8221;1\/6&#8243;][ivan_counter sub=&#8221;Fisioterapeuta&#8221; animated=&#8221;yes&#8221; c_id=&#8221;.vc_1613476591476&#8243; title_css=&#8221;color:#6d365a;font-size:70px;&#8221; subtitle_css=&#8221;color:#a5a5a5;font-size:20px;&#8221;]1[\/ivan_counter][\/vc_column][\/vc_row][vc_row][vc_column width=&#8221;1\/6&#8243;][ivan_counter sub=&#8221;Enfermero\/a&#8221; animated=&#8221;yes&#8221; c_id=&#8221;.vc_1613476618938&#8243; title_css=&#8221;color:#6d365a;font-size:70px;&#8221; subtitle_css=&#8221;color:#a5a5a5;font-size:20px;&#8221;]1[\/ivan_counter][\/vc_column][vc_column width=&#8221;1\/6&#8243;][ivan_counter sub=&#8221;T\u00e9cnico\/a sociosanitario&#8221; animated=&#8221;yes&#8221; c_id=&#8221;.vc_1613476645600&#8243; title_css=&#8221;color:#6d365a;font-size:70px;&#8221; subtitle_css=&#8221;color:#a5a5a5;font-size:20px;&#8221;]1[\/ivan_counter][\/vc_column][vc_column width=&#8221;1\/6&#8243;][ivan_counter sub=&#8221;AUXILIAR EN SERVICIOS GENERALES&#8221; animated=&#8221;yes&#8221; c_id=&#8221;.vc_1763389041237&#8243; title_css=&#8221;color:#6d365a;font-size:70px;&#8221; subtitle_css=&#8221;color:#a5a5a5;font-size:20px;&#8221;]3[\/ivan_counter][\/vc_column][vc_column width=&#8221;1\/6&#8243;][ivan_counter sub=&#8221;Pedagogo\/a&#8221; animated=&#8221;yes&#8221; c_id=&#8221;.vc_1613476693806&#8243; title_css=&#8221;color:#6d365a;font-size:70px;&#8221; subtitle_css=&#8221;color:#a5a5a5;font-size:20px;&#8221;]6[\/ivan_counter][\/vc_column][vc_column width=&#8221;1\/6&#8243;][ivan_counter sub=&#8221;LOGOPEDA&#8221; animated=&#8221;yes&#8221; c_id=&#8221;.vc_1676726704016&#8243; title_css=&#8221;color:#6d365a;font-size:70px;&#8221; subtitle_css=&#8221;color:#a5a5a5;font-size:20px;&#8221;]3[\/ivan_counter][\/vc_column][vc_column width=&#8221;1\/6&#8243;][ivan_counter sub=&#8221;CONSERGER\u00cdA&#8221; animated=&#8221;yes&#8221; c_id=&#8221;.vc_1763389027133&#8243; title_css=&#8221;color:#6d365a;font-size:70px;&#8221; subtitle_css=&#8221;color:#a5a5a5;font-size:20px;&#8221;]7[\/ivan_counter][\/vc_column][\/vc_row][vc_row][vc_column width=&#8221;1\/6&#8243;][ivan_counter sub=&#8221;Limpiador\/a&#8221; animated=&#8221;yes&#8221; c_id=&#8221;.vc_1763389056858&#8243; title_css=&#8221;color:#6d365a;font-size:70px;&#8221; subtitle_css=&#8221;color:#a5a5a5;font-size:20px;&#8221;]17[\/ivan_counter][\/vc_column][vc_column width=&#8221;1\/6&#8243;][ivan_counter sub=&#8221;ADMINISTRATIVOS\/AS&#8221; animated=&#8221;yes&#8221; c_id=&#8221;.vc_1763389085768&#8243; title_css=&#8221;color:#6d365a;font-size:70px;&#8221; subtitle_css=&#8221;color:#a5a5a5;font-size:20px;&#8221;]17[\/ivan_counter][\/vc_column][vc_column width=&#8221;1\/6&#8243;][ivan_counter sub=&#8221;ORIENTADOR\/A&#8221; animated=&#8221;yes&#8221; c_id=&#8221;.vc_1763389116894&#8243; title_css=&#8221;color:#6d365a;font-size:70px;&#8221; subtitle_css=&#8221;color:#a5a5a5;font-size:20px;&#8221;]1[\/ivan_counter][\/vc_column][vc_column width=&#8221;1\/6&#8243;][ivan_counter sub=&#8221;T\u00c9CNICO INFORM\u00c1TICO&#8221; animated=&#8221;yes&#8221; c_id=&#8221;.vc_1763389144769&#8243; title_css=&#8221;color:#6d365a;font-size:70px;&#8221; subtitle_css=&#8221;color:#a5a5a5;font-size:20px;&#8221;]1[\/ivan_counter][\/vc_column][vc_column width=&#8221;1\/6&#8243;][\/vc_column][vc_column width=&#8221;1\/6&#8243;][\/vc_column][\/vc_row]<\/p>\n<\/div>","protected":false},"excerpt":{"rendered":"<p>[vc_row][vc_column][vc_column_text c_id=&#8221;.vc_1434441249918&#8243;][\/vc_column_text][\/vc_column][\/vc_row][vc_row p_bottom=&#8221;10px&#8221; m_top=&#8221;10px&#8221;][vc_column][vc_column_text c_id=&#8221;.vc_1433319170911&#8243;] Comit\u00e9 de direcci\u00f3n [\/vc_column_text][vc_column_text] JOAN CERD\u00c0 Director gerente. Direcci\u00f3n de proyectos y equipamientos socioculturales +34 627477981 \/\u00a0+34 971498181 joancerda@estudi6.com [\/vc_column_text][vc_row_inner][vc_column_inner width=&#8221;1\/4&#8243;][vc_column_text] JOANA MATEU Direcci\u00f3n de proyectos de soporte educativo y orientaci\u00f3n +34 626157921 \/\u00a0+34 971498181 \u00a0joanamateu@estudi6.com [\/vc_column_text][\/vc_column_inner][vc_column_inner width=&#8221;1\/4&#8243;][vc_column_text] CATALINA BARCEL\u00d3 Direcci\u00f3n de proyectos de formaci\u00f3n de personas adultas +34 618820045 [&hellip;]<\/p>\n","protected":false},"author":1,"featured_media":0,"parent":3235,"menu_order":0,"comment_status":"closed","ping_status":"closed","template":"","meta":{"footnotes":""},"class_list":["post-3252","page","type-page","status-publish","hentry"],"_links":{"self":[{"href":"https:\/\/estudi6.com\/es\/wp-json\/wp\/v2\/pages\/3252","targetHints":{"allow":["GET"]}}],"collection":[{"href":"https:\/\/estudi6.com\/es\/wp-json\/wp\/v2\/pages"}],"about":[{"href":"https:\/\/estudi6.com\/es\/wp-json\/wp\/v2\/types\/page"}],"author":[{"embeddable":true,"href":"https:\/\/estudi6.com\/es\/wp-json\/wp\/v2\/users\/1"}],"replies":[{"embeddable":true,"href":"https:\/\/estudi6.com\/es\/wp-json\/wp\/v2\/comments?post=3252"}],"version-history":[{"count":23,"href":"https:\/\/estudi6.com\/es\/wp-json\/wp\/v2\/pages\/3252\/revisions"}],"predecessor-version":[{"id":7854,"href":"https:\/\/estudi6.com\/es\/wp-json\/wp\/v2\/pages\/3252\/revisions\/7854"}],"up":[{"embeddable":true,"href":"https:\/\/estudi6.com\/es\/wp-json\/wp\/v2\/pages\/3235"}],"wp:attachment":[{"href":"https:\/\/estudi6.com\/es\/wp-json\/wp\/v2\/media?parent=3252"}],"curies":[{"name":"wp","href":"https:\/\/api.w.org\/{rel}","templated":true}]}}