{"id":3257,"date":"2015-06-10T10:55:25","date_gmt":"2015-06-10T09:55:25","guid":{"rendered":"https:\/\/estudi6.com\/?page_id=3257"},"modified":"2026-02-19T13:32:29","modified_gmt":"2026-02-19T12:32:29","slug":"qualitat-i-igualtat","status":"publish","type":"page","link":"https:\/\/estudi6.com\/es\/estudi-6\/el-nostre-adn\/qualitat-i-igualtat\/","title":{"rendered":"Esquema Nacional de Calidad y Seguridad (NSS)"},"content":{"rendered":"<div class=\"wpb-content-wrapper\"><p>[vc_section el_id=&#8221;qualitat-i-esquema-nacional-seguretat&#8221;][vc_row width=&#8221;full&#8221; bg_color_row=&#8221;#00000000&#8243; p_bottom=&#8221;10px&#8221; m_top=&#8221;10px&#8221; css=&#8221;.vc_custom_1771504289336{margin-top: 20px !important;}&#8221; el_class=&#8221;ancla-offset&#8221;][vc_column][vc_column_text css=&#8221;&#8221; c_id=&#8221;.vc_1429868196203&#8243;]<\/p>\n<h1>Esquema Nacional de Calidad y Seguridad (NSS)<\/h1>\n<p>[\/vc_column_text][\/vc_column][\/vc_row][vc_row width=&#8221;full&#8221; bg_color_row=&#8221;#00000000&#8243; p_top=&#8221;20px&#8221; p_bottom=&#8221;40px&#8221; m_bottom=&#8221;0&#8243; el_id=&#8221;calidad&#8221;][vc_column width=&#8221;2\/3&#8243; css=&#8221;.vc_custom_1430726490082{margin-bottom: 30px !important;}&#8221;][vc_column_text css=&#8221;&#8221; c_id=&#8221;.vc_1429868196203&#8243;]<\/p>\n<h2>Calidad ISO<\/h2>\n<p>[\/vc_column_text][vc_column_text css=&#8221;&#8221;]La certificaci\u00f3n de Calidad ISO 9001 es el marco que establece los requisitos para implantar un sistema de gesti\u00f3n de calidad orientado a la eficiencia de los procesos, mejora continua y satisfacci\u00f3n del cliente. Disponer de la Certificaci\u00f3n de Calidad ISO 9001 asegura que Estudi 6 cumple con los est\u00e1ndares internacionales de gesti\u00f3n de calidad, que trabaja de forma estructurada y responsable, cumpliendo con los requisitos legales y normativos y controlando los procedimientos para garantizar procesos eficientes, orientados siempre a la mejora continua ya la satisfacci\u00f3n de nuestros clientes. [\/vc_column_text][vc_empty_space][ivan_button link=&#8221;https:\/\/estudi6.com\/wp-content\/uploads\/2022\/10\/estudi6_IV_PLAN_DE_IGUALDAD_2022_26.pdf&#8221; border_r=&#8221;round&#8221; css_animation=&#8221;left-to-right&#8221; c_id=&#8221;.vc_1770024709837&#8243; btn_css=&#8221;font-weight:700;color:#592f4b;color-hover:#ffffff;background-color-hover:#743d61;border-color:#743d61;border-color-hover:#743d61;&#8221;]Descarrega el document[\/ivan_button][\/vc_column][vc_column width=&#8221;1\/3&#8243;][vc_single_image image=&#8221;7576&#8243; img_size=&#8221;full&#8221;][\/vc_column][\/vc_row][vc_row anchor=&#8221;seguretat&#8221; css=&#8221;.vc_custom_1771421883181{padding-top: 60px !important;}&#8221;][vc_column width=&#8221;2\/3&#8243;][vc_column_text css=&#8221;&#8221; c_id=&#8221;.vc_1429868196203&#8243;]<\/p>\n<h2>El Esquema de Seguridad Nacional (NSS)<\/h2>\n<p>[\/vc_column_text][vc_column_text css=&#8221;&#8221;]El Esquema Nacional de Seguridad (ENS) es el marco que establece c\u00f3mo proteger la informaci\u00f3n y los sistemas que apoyan a los servicios p\u00fablicos. Disponer de la certificaci\u00f3n ENS de nivel MEDIO significa que Estudio 6 aplica medidas t\u00e9cnicas y organizativos avances para garantizar la seguridad, la continuidad y la fiabilidad de sus sistemas. Esta certificaci\u00f3n refleja una manera de trabajar basada en la responsabilidad, el control y la mejora continua.[\/vc_column_text][vc_empty_space][ivan_button link=&#8221;https:\/\/estudi6.com\/wp-content\/uploads\/2026\/02\/DOC-170-Certificado-de-Conformidad-ENS_ESTUDI6_MEDIA_2026_signed.pdf&#8221; border_r=&#8221;round&#8221; css_animation=&#8221;left-to-right&#8221; c_id=&#8221;.vc_1771408210403&#8243; btn_css=&#8221;font-weight:700;color:#592f4b;color-hover:#ffffff;background-color-hover:#743d61;border-color:#743d61;border-color-hover:#743d61;&#8221;]Descarrega el document[\/ivan_button][\/vc_column][vc_column width=&#8221;1\/3&#8243; css=&#8221;.vc_custom_1770025213618{padding-right: 15% !important;padding-left: 15% !important;}&#8221;][vc_single_image image=&#8221;8155&#8243; img_size=&#8221;&#8221; alignment=&#8221;center&#8221; onclick=&#8221;custom_link&#8221; img_link_target=&#8221;_blank&#8221; css_animation=&#8221;fadeIn&#8221; css=&#8221;&#8221; link=&#8221;https:\/\/estudi6.com\/wp-content\/uploads\/2026\/02\/DOC-170-Certificado-de-Conformidad-ENS_ESTUDI6_MEDIA_2026_signed.pdf&#8221;][\/vc_column][\/vc_row][\/vc_section]<\/p>\n<\/div>","protected":false},"excerpt":{"rendered":"<p>[vc_section el_id=&#8221;qualitat-i-esquema-nacional-seguretat&#8221;][vc_row width=&#8221;full&#8221; bg_color_row=&#8221;#00000000&#8243; p_bottom=&#8221;10px&#8221; m_top=&#8221;10px&#8221; css=&#8221;.vc_custom_1771504289336{margin-top: 20px !important;}&#8221; el_class=&#8221;ancla-offset&#8221;][vc_column][vc_column_text css=&#8221;&#8221; c_id=&#8221;.vc_1429868196203&#8243;] Esquema Nacional de Calidad y Seguridad (NSS) [\/vc_column_text][\/vc_column][\/vc_row][vc_row width=&#8221;full&#8221; bg_color_row=&#8221;#00000000&#8243; p_top=&#8221;20px&#8221; p_bottom=&#8221;40px&#8221; m_bottom=&#8221;0&#8243; el_id=&#8221;calidad&#8221;][vc_column width=&#8221;2\/3&#8243; css=&#8221;.vc_custom_1430726490082{margin-bottom: 30px !important;}&#8221;][vc_column_text css=&#8221;&#8221; c_id=&#8221;.vc_1429868196203&#8243;] Calidad ISO [\/vc_column_text][vc_column_text css=&#8221;&#8221;]La certificaci\u00f3n de Calidad ISO 9001 es el marco que establece los requisitos para implantar un sistema de gesti\u00f3n de [&hellip;]<\/p>\n","protected":false},"author":1,"featured_media":0,"parent":3235,"menu_order":0,"comment_status":"closed","ping_status":"closed","template":"","meta":{"footnotes":""},"class_list":["post-3257","page","type-page","status-publish","hentry"],"_links":{"self":[{"href":"https:\/\/estudi6.com\/es\/wp-json\/wp\/v2\/pages\/3257","targetHints":{"allow":["GET"]}}],"collection":[{"href":"https:\/\/estudi6.com\/es\/wp-json\/wp\/v2\/pages"}],"about":[{"href":"https:\/\/estudi6.com\/es\/wp-json\/wp\/v2\/types\/page"}],"author":[{"embeddable":true,"href":"https:\/\/estudi6.com\/es\/wp-json\/wp\/v2\/users\/1"}],"replies":[{"embeddable":true,"href":"https:\/\/estudi6.com\/es\/wp-json\/wp\/v2\/comments?post=3257"}],"version-history":[{"count":32,"href":"https:\/\/estudi6.com\/es\/wp-json\/wp\/v2\/pages\/3257\/revisions"}],"predecessor-version":[{"id":8341,"href":"https:\/\/estudi6.com\/es\/wp-json\/wp\/v2\/pages\/3257\/revisions\/8341"}],"up":[{"embeddable":true,"href":"https:\/\/estudi6.com\/es\/wp-json\/wp\/v2\/pages\/3235"}],"wp:attachment":[{"href":"https:\/\/estudi6.com\/es\/wp-json\/wp\/v2\/media?parent=3257"}],"curies":[{"name":"wp","href":"https:\/\/api.w.org\/{rel}","templated":true}]}}