{"id":3268,"date":"2015-06-13T07:30:43","date_gmt":"2015-06-13T06:30:43","guid":{"rendered":"https:\/\/estudi6.com\/?page_id=3268"},"modified":"2020-03-23T16:30:57","modified_gmt":"2020-03-23T15:30:57","slug":"cataleg-de-serveis","status":"publish","type":"page","link":"https:\/\/estudi6.com\/es\/cataleg-de-serveis\/","title":{"rendered":"Cat\u00e1logo de servicios"},"content":{"rendered":"<div class=\"wpb-content-wrapper\"><p>[vc_row p_bottom=&#8221;10px&#8221; m_top=&#8221;10px&#8221; css=&#8221;.vc_custom_1584977400637{margin-top: 70px !important;}&#8221;][vc_column][vc_column_text c_id=&#8221;.vc_1433319737349&#8243;]<\/p>\n<h2 style=\"text-align: center;\">Cat\u00e1logo de servicios<\/h2>\n<p>[\/vc_column_text][\/vc_column][\/vc_row][vc_row m_bottom=&#8221;30px&#8221;][vc_column width=&#8221;1\/2&#8243;][vc_column_text c_id=&#8221;.vc_1433319904122&#8243;]<\/p>\n<h3>Educaci\u00f3n<\/h3>\n<ul>\n<li>Gesti\u00f3n de escuelas infantiles 0-3 a\u00f1os<\/li>\n<li>Servicios de atenci\u00f3n a la diversidad<\/li>\n<li>Servicios de refuerzo educativo para todas las etapas educativas<\/li>\n<li>Servicios de orientaci\u00f3n vocacional y profesional<\/li>\n<\/ul>\n<p>[\/vc_column_text][vc_empty_space][vc_column_text c_id=&#8221;.vc_1433320006901&#8243;]<\/p>\n<h3>Dinamizaci\u00f3n sociocultural<\/h3>\n<ul>\n<li>Gesti\u00f3n y dinamizaci\u00f3n de centros c\u00edvicos<\/li>\n<li>Gesti\u00f3n y dinamizaci\u00f3n de bibliotecas<\/li>\n<li>Servicios de actividades para mayores<\/li>\n<li>Servicios de dinamizaci\u00f3n juvenil<\/li>\n<li>Programas de dinamizaci\u00f3n del h\u00e1bito lector<\/li>\n<li>Servicio de monitoraje para actividades socioculturales<\/li>\n<li>Servicio de dinamizaci\u00f3n\u00a0infantil<\/li>\n<li>Programas de soporte a la vivienda social<\/li>\n<\/ul>\n<p>[\/vc_column_text][vc_empty_space][vc_column_text c_id=&#8221;.vc_1433320090875&#8243;]<\/p>\n<h3>Civismo e igualdad<\/h3>\n<ul>\n<li>Gesti\u00f3n de programas y servicios comunitarios<\/li>\n<li>Promoci\u00f3n de proyectos de igualdad y civismo\u00a0i cooperaci\u00f3n<\/li>\n<li>Programa de participaci\u00f3n ciudadana<\/li>\n<\/ul>\n<p>[\/vc_column_text][\/vc_column][vc_column width=&#8221;1\/2&#8243;][vc_column_text c_id=&#8221;.vc_1433319956383&#8243;]<\/p>\n<h3>Formaci\u00f3n<\/h3>\n<ul>\n<li>Gesti\u00f3n de planes de formaci\u00f3n para empresas y administraciones<\/li>\n<li>Realizaci\u00f3n de cursos de formaci\u00f3n b\u00e1sica y profesional para personas adultas<\/li>\n<li>Formaci\u00f3n en l\u00ednea y semipresencial (certificados de profesionalidad-ESPA-Idiomas)<\/li>\n<\/ul>\n<p>[\/vc_column_text][vc_empty_space][vc_column_text c_id=&#8221;.vc_1433320036837&#8243;]<\/p>\n<h3>Ense\u00f1anza musical<\/h3>\n<ul>\n<li>Gesti\u00f3n de escuelas de m\u00fasica<\/li>\n<li>Aportaci\u00f3n de profesorado especializado<\/li>\n<li>Organizaci\u00f3n de cursos y escuelas de verano de formaci\u00f3n para profesorado<\/li>\n<\/ul>\n<p>[\/vc_column_text][vc_empty_space][vc_column_text c_id=&#8221;.vc_1433320090875&#8243;]<\/p>\n<h3>Intervenci\u00f3n social comunitaria<\/h3>\n<ul>\n<li>Gesti\u00f3n de proyectos y servicios de intervenci\u00f3n socioeducativa<\/li>\n<li>Gesti\u00f3n de servicios de informaci\u00f3n y asesoramiento<\/li>\n<li>Programas de convivencia y cohesi\u00f3n social.<\/li>\n<\/ul>\n<p>[\/vc_column_text][vc_empty_space][vc_column_text c_id=&#8221;.vc_1433320090875&#8243;]<\/p>\n<h3>Intervenci\u00f3n social con colectivos<\/h3>\n<ul>\n<li>Gesti\u00f3n de programas y servicios de inclusi\u00f3n social de colectivos.<\/li>\n<li>Programas de intervenci\u00f3n social para personas en riesgo o exclusi\u00f3n social.<\/li>\n<\/ul>\n<p>[\/vc_column_text][\/vc_column][\/vc_row]<\/p>\n<\/div>","protected":false},"excerpt":{"rendered":"<p>[vc_row p_bottom=&#8221;10px&#8221; m_top=&#8221;10px&#8221; css=&#8221;.vc_custom_1584977400637{margin-top: 70px !important;}&#8221;][vc_column][vc_column_text c_id=&#8221;.vc_1433319737349&#8243;] Cat\u00e1logo de servicios [\/vc_column_text][\/vc_column][\/vc_row][vc_row m_bottom=&#8221;30px&#8221;][vc_column width=&#8221;1\/2&#8243;][vc_column_text c_id=&#8221;.vc_1433319904122&#8243;] Educaci\u00f3n Gesti\u00f3n de escuelas infantiles 0-3 a\u00f1os Servicios de atenci\u00f3n a la diversidad Servicios de refuerzo educativo para todas las etapas educativas Servicios de orientaci\u00f3n vocacional y profesional [\/vc_column_text][vc_empty_space][vc_column_text c_id=&#8221;.vc_1433320006901&#8243;] Dinamizaci\u00f3n sociocultural Gesti\u00f3n y dinamizaci\u00f3n de centros c\u00edvicos Gesti\u00f3n y dinamizaci\u00f3n [&hellip;]<\/p>\n","protected":false},"author":1,"featured_media":0,"parent":0,"menu_order":0,"comment_status":"closed","ping_status":"closed","template":"","meta":{"footnotes":""},"class_list":["post-3268","page","type-page","status-publish","hentry"],"_links":{"self":[{"href":"https:\/\/estudi6.com\/es\/wp-json\/wp\/v2\/pages\/3268","targetHints":{"allow":["GET"]}}],"collection":[{"href":"https:\/\/estudi6.com\/es\/wp-json\/wp\/v2\/pages"}],"about":[{"href":"https:\/\/estudi6.com\/es\/wp-json\/wp\/v2\/types\/page"}],"author":[{"embeddable":true,"href":"https:\/\/estudi6.com\/es\/wp-json\/wp\/v2\/users\/1"}],"replies":[{"embeddable":true,"href":"https:\/\/estudi6.com\/es\/wp-json\/wp\/v2\/comments?post=3268"}],"version-history":[{"count":11,"href":"https:\/\/estudi6.com\/es\/wp-json\/wp\/v2\/pages\/3268\/revisions"}],"predecessor-version":[{"id":3272,"href":"https:\/\/estudi6.com\/es\/wp-json\/wp\/v2\/pages\/3268\/revisions\/3272"}],"wp:attachment":[{"href":"https:\/\/estudi6.com\/es\/wp-json\/wp\/v2\/media?parent=3268"}],"curies":[{"name":"wp","href":"https:\/\/api.w.org\/{rel}","templated":true}]}}