{"id":3349,"date":"2015-06-19T07:37:13","date_gmt":"2015-06-19T06:37:13","guid":{"rendered":"https:\/\/estudi6.com\/?page_id=3349"},"modified":"2021-05-03T10:50:48","modified_gmt":"2021-05-03T09:50:48","slug":"avislegal","status":"publish","type":"page","link":"https:\/\/estudi6.com\/es\/avislegal\/","title":{"rendered":"aviso legal"},"content":{"rendered":"<div class=\"wpb-content-wrapper\"><p>[vc_row width=&#8221;full&#8221; p_bottom=&#8221;10px&#8221; m_top=&#8221;10px&#8221; css=&#8221;.vc_custom_1432021693550{margin-top: 30px !important;}&#8221;][vc_column][vc_column_text c_id=&#8221;.vc_1433492212046&#8243;]<\/p>\n<h1>Aviso legal<\/h1>\n<p><strong>NOTA LEGAL Y CONDICIONES DE USO DE LA WEB<\/strong>[\/vc_column_text][\/vc_column][\/vc_row][vc_row width=&#8221;full&#8221; p_bottom=&#8221;40px&#8221; m_bottom=&#8221;100px&#8221; cut_top=&#8221;top-right&#8221; cut_top_h=&#8221;40&#8243;][vc_column width=&#8221;2\/3&#8243;][vc_column_text c_id=&#8221;.vc_1456302358062&#8243;]El acceso a la web <a href=\"http:\/\/www.estudi6.com\">www.estudi6.com<\/a> atribuye la condici\u00f3n de USUARIO e implica la aceptaci\u00f3n plena y sin reserva, desde dicho acceso y\/o uso, de la presente nota legal y de la pol\u00edtica de privacidad en su \u00faltima versi\u00f3n. Por ello, aconsejamos que proceda a la lectura de estos documentos, antes de utilizar las funcionalidades ofrecidas por este sitio Web, as\u00ed como cada vez que acceda a \u00e9l, ya que nos reservamos el derecho de cambiar, modificar, a\u00f1adir o eliminar en cualquier momento parte de estas condiciones.<\/p>\n<p>&nbsp;<\/p>\n<p>El mero acceso a esta Web no supone en ning\u00fan caso la existencia de una relaci\u00f3n comercial entre el usuario y la web.<\/p>\n<p>&nbsp;<\/p>\n<ol>\n<li><strong> TITULAR DE LA WEB<\/strong><\/li>\n<\/ol>\n<p>&nbsp;<\/p>\n<p>A los efectos de lo previsto por el Art. 10 de la Ley 34\/ 2002, de 11 de julio, de Servicios de la Sociedad de la Informaci\u00f3n y de Comercio Electr\u00f3nico, se proporciona la siguiente informaci\u00f3n sobre la titular de esta Web:<\/p>\n<p>&nbsp;<\/p>\n<ul>\n<li><strong>Titular de la Web<\/strong>: ESTUDI 6 GESTI\u00d3 SOCIOEDUCATIVA, S.L. (ESTUDI 6, en adelante)<\/li>\n<li><strong>Domicilio social<\/strong>: CALLE GUILLEM MASSOT 54, 07003, PALMA DE MALLORCA (ILLES BALEARS)<\/li>\n<li><strong>I.F. <\/strong>B07526007<\/li>\n<li><strong>Datos registrales<\/strong>: inscrita en el Registro Mercantil, tomo 868, folio 209, PM-3020 y 1\u00aa inscripci\u00f3n.<\/li>\n<\/ul>\n<p>&nbsp;<\/p>\n<p>Adem\u00e1s del domicilio social, se pone a disposici\u00f3n de los usuarios los siguientes canales para dirigir sus peticiones, cuestiones o reclamaciones:<\/p>\n<ul>\n<li><a href=\"mailto:estudi6@estudi6.com\">estudi6@estudi6.com<\/a><\/li>\n<\/ul>\n<p><strong>\u00a0<\/strong><\/p>\n<ol>\n<li><strong> CONDICIONES DE USO<\/strong><\/li>\n<\/ol>\n<p><strong>\u00a0<\/strong><\/p>\n<ol>\n<li><strong> Introducci\u00f3n. <\/strong><strong>ESTUDI 6<\/strong> ofrece en esta web informaci\u00f3n acerca de la gesti\u00f3n de servicios y programas socioeducativos puestos al servicio de instituciones p\u00fablicas y privadas, tales como escuelas de ni\u00f1os de 0 a 3 a\u00f1os, programas de refuerzo educativo y orientaci\u00f3n psicopedag\u00f3gica, dinamizaci\u00f3n sociocultural, intervenci\u00f3n socioeducativa para colectivos en riesgo de exclusi\u00f3n social, formaci\u00f3n b\u00e1sica profesional de personas adultas, escuelas de m\u00fasica o servicios de intervenci\u00f3n social. Asimismo, la web incluye la posibilidad de que los interesados en trabajar o colaborar con ESTUDI 6 puedan enviar su C.v. y\/o una propuesta de proyectos socioeducativos. Finalmente, la web informa a los usuarios de la direcci\u00f3n de sus oficinas de Palma de Mallorca y Barcelona. Accediendo y utilizando esta web, usted acuerda obligarse a las condiciones que a continuaci\u00f3n se exponen, por lo que se le recomienda que lea cuidadosamente esta secci\u00f3n antes de iniciar su navegaci\u00f3n.<\/li>\n<li><strong> Obligaciones de los Usuarios. <\/strong>Los Usuarios se comprometen a utilizar esta Web de forma l\u00edcita, de acuerdo con lo dispuesto en las presentes condiciones y de forma que no produzcan un perjuicio en los derechos o intereses de <strong>ESTUDI 6<\/strong> o de terceros. A t\u00edtulo enunciativo y en ning\u00fan caso limitativo o excluyente, el Usuario se compromete igualmente a:<\/li>\n<\/ol>\n<ul>\n<li>No incurrir en actividades ilegales o contrarias al orden p\u00fablico o a la buena fe;<\/li>\n<li>No utilizar los datos publicados en la Web para el env\u00edo de comunicaciones no solicitadas (spam).<\/li>\n<li>No introducir o difundir en la web informaci\u00f3n o contenidos falsos, enga\u00f1osos, ambiguos o inexactos de forma que induzcan a error a los receptores de la informaci\u00f3n, ni tampoco difundir contenidos de car\u00e1cter racista, xen\u00f3fobo, pornogr\u00e1fico, de apolog\u00eda del terrorismo o atentatorio contra los derechos humanos o de los menores;<\/li>\n<li>No realizar acciones que supongan o conlleven una violaci\u00f3n de los derechos de propiedad intelectual <strong>ESTUDI 6<\/strong> o de terceros;<\/li>\n<li>No provocar da\u00f1os en los sistemas f\u00edsicos y l\u00f3gicos de <strong>ESTUDI 6<\/strong>, de sus proveedores o de terceras personas;<\/li>\n<li>No introducir o difundir en la red virus inform\u00e1ticos o utilizar cualesquiera otros sistemas f\u00edsicos o l\u00f3gicos que sean susceptibles de provocar los da\u00f1os anteriormente mencionados.<\/li>\n<li>No suprimir, alterar, eludir o manipular cualquier dispositivo de protecci\u00f3n o sistema de seguridad que estuviera instalado en las p\u00e1ginas de esta Web<\/li>\n<\/ul>\n<ol start=\"3\">\n<li><strong> Exclusi\u00f3n de responsabilidad. <\/strong><strong>Esta Web se proporciona \u201ctal como est\u00e1\u201d y su uso se realiza bajo el propio riesgo del Usuario, por lo que, ni ESTUDI 6, ni sus administradores, trabajadores, proveedores o colaboradores ser\u00e1n responsables por los da\u00f1os, de cualquier naturaleza, directos o no, que deriven del uso de la Web, excluyendo expresamente ESTUDI 6, en toda la medida prevista por la Ley, cualquier tipo de garant\u00edas, ya sean expresas o impl\u00edcitas.<\/strong><\/li>\n<\/ol>\n<p><strong>ESTUDI 6<\/strong> no garantiza la disponibilidad y accesibilidad de la Web, si bien realizar\u00e1 todos los esfuerzos que sean razonables en este sentido. En ocasiones, podr\u00e1n producirse interrupciones por el tiempo que resulte necesario para la realizaci\u00f3n de las correspondientes operaciones de mantenimiento.<\/p>\n<p><strong>ESTUDI 6<\/strong> no se responsabiliza de posibles da\u00f1os derivados de interferencias, interrupciones, virus inform\u00e1ticos, aver\u00edas telef\u00f3nicas o desconexiones telef\u00f3nicas motivadas por causas ajenas a la citada entidad; de retrasos o bloqueos en el uso del presente sistema electr\u00f3nico causados por deficiencias o sobrecargas en el centro procesador de datos, de l\u00edneas telef\u00f3nicas, en el sistema de Internet o en otros sistemas el\u00e9ctricos; ni tampoco de cualquier otra alteraci\u00f3n que se pueda producir en el Software o Hardware de los Usuarios. Tampoco garantiza la ausencia de virus, malwares, troyanos u otros elementos que puedan producir alteraciones en el sistema inform\u00e1tico, documentos o ficheros del Usuario, excluyendo cualquier responsabilidad por los da\u00f1os de cualquier clase causados al Usuario por este motivo. De igual manera, <strong>ESTUDI 6<\/strong> no responder\u00e1 por los da\u00f1os causados por terceras personas mediante intromisiones ileg\u00edtimas fuera de su control.<\/p>\n<p>Tampoco responder\u00e1 de los da\u00f1os y perjuicios causados por el uso o mala utilizaci\u00f3n de los contenidos de la Web, ni por las consecuencias que pudieran derivarse de los errores, defectos u omisiones en los contenidos que pudieran aparecer en esta Web proporcionados por los propios Usuarios u otros terceros. <strong>ESTUDI 6<\/strong> no asume obligaci\u00f3n ni responsabilidad alguna respecto de aquellos servicios que no preste directamente.<\/p>\n<ol start=\"4\">\n<li><strong> Enlaces externos. <\/strong>En ning\u00fan caso <strong>ESTUDI 6<\/strong> asumir\u00e1 responsabilidad alguna por los contenidos de los enlaces pertenecientes a un sitio web ajeno, ni garantizar\u00e1 la disponibilidad t\u00e9cnica, calidad, fiabilidad, exactitud, amplitud, veracidad, validez y legalidad de cualquier material o informaci\u00f3n contenida en ninguno de dichos hiperv\u00ednculos u otros sitios de Internet. Igualmente, la inclusi\u00f3n de estas conexiones externas no implicar\u00e1 ning\u00fan tipo de asociaci\u00f3n, fusi\u00f3n o participaci\u00f3n con las entidades conectadas.<\/li>\n<li><strong> Denegaci\u00f3n de acceso y cancelaci\u00f3n de las cuentas. <\/strong><strong>ESTUDI 6<\/strong> se reserva el derecho de denegar el acceso a la Web a aquellos Usuarios que incumplan las presentes condiciones; en caso de problemas t\u00e9cnicos o de seguridad imprevistos; de inactividad de la cuenta durante un tiempo significativo; o en cumplimiento de un requerimiento y\/o de una orden policial, judicial o administrativa.<\/li>\n<li><strong> Tratamiento de datos personales. <\/strong>Los Usuarios consienten el tratamiento de sus datos personales con el alcance y en los t\u00e9rminos que se indican en nuestra pol\u00edtica de privacidad, la cual est\u00e1 disponible en la home page de la Web, quedando asimismo dicha pol\u00edtica incorporada a las presentes condiciones por referencia. En dicha pol\u00edtica, los Usuarios encontrar\u00e1n informaci\u00f3n sobre la manera de ejercitar sus derechos de acceso, supresi\u00f3n, limitaci\u00f3n y rectificaci\u00f3n de su informaci\u00f3n personal, as\u00ed como el de oposici\u00f3n a su tratamiento y portabilidad.<\/li>\n<li><strong> Propiedad intelectual y derechos de autor. <\/strong>Sin perjuicio de los contenidos proporcionados por los propios Usuarios o sobre los cuales terceros ostentasen derechos intelectuales, los derechos de propiedad intelectual de la Web, el nombre de dominio, su c\u00f3digo fuente, dise\u00f1o y estructura de navegaci\u00f3n y elementos en ella contenidos (a t\u00edtulo enunciativo, im\u00e1genes, sonido, audio, v\u00eddeo, software, o textos; marcas o logotipos, combinaciones de colores, estructura y dise\u00f1o, etc.) son titularidad de <strong>ESTUDI 6<\/strong> , a quien corresponde el ejercicio exclusivo de los derechos de explotaci\u00f3n de los mismos en cualquier forma, y, en especial los derechos de reproducci\u00f3n, distribuci\u00f3n, comunicaci\u00f3n p\u00fablica y transformaci\u00f3n, conforme a lo previsto por la vigente Ley de Propiedad Intelectual. Quedan expresamente prohibidas la reproducci\u00f3n, distribuci\u00f3n y la comunicaci\u00f3n p\u00fablica, incluida su modalidad de puesta a disposici\u00f3n, de la totalidad o parte de los contenidos de esta web en cualquier soporte y por cualquier medio t\u00e9cnico, sin la autorizaci\u00f3n de <strong>ESTUDI 6<\/strong> o, en su caso, de los terceros que ostenten los derechos de propiedad intelectual o de autor sobre los contenidos afectados. No obstante lo anterior, el usuario de la web podr\u00e1 visualizar los elementos de esta Web e incluso imprimirlos, copiarlos y almacenarlos en el disco duro de su ordenador o en cualquier otro soporte f\u00edsico siempre y cuando sea, \u00fanica y exclusivamente, para su uso personal y privado. Aquellas entidades o personas que, previa autorizaci\u00f3n del titular de esta web, pretendan establecer un enlace con ella, deber\u00e1n garantizar que \u00fanicamente permite el acceso a esta Web o servicio pero que no realiza reproducci\u00f3n de sus contenidos y servicios.<\/li>\n<li><strong> Nulidad de las cl\u00e1usulas. <\/strong>En caso de que una cl\u00e1usula de las presentes condiciones de uso fuese declarada nula, s\u00f3lo afectar\u00e1 a dicha disposici\u00f3n o a aquella parte que as\u00ed haya sido declarada, subsistiendo las condiciones en todo lo dem\u00e1s y teni\u00e9ndose tal disposici\u00f3n, o la parte afectada, por no puesta.<\/li>\n<li><strong> Aceptaci\u00f3n. <\/strong>El acceso a la Web y su utilizaci\u00f3n implican necesariamente que todas y cada una de las presentes condiciones de uso son expresamente aceptadas por usted.<\/li>\n<li><strong> Ley y jurisdicci\u00f3n aplicables. <\/strong>La presente web se regir\u00e1 por la ley espa\u00f1ola con exclusi\u00f3n de sus reglas de conflicto de ley y cualquier controversia que pudiera derivarse de su utilizaci\u00f3n o de los servicios vinculados a la misma se someter\u00e1 a la jurisdicci\u00f3n y competencia de los Juzgados y Tribunales de Palma de Mallorca, renunciando expresamente los usuarios a su fuero propio si lo tuvieran.<\/li>\n<\/ol>\n<p>La Comisi\u00f3n Europea facilita una plataforma de resoluci\u00f3n de litigios en l\u00ednea dirigida a los consumidores, pudiendo estos acceder a la misma mediante el siguiente enlace: https:\/\/webgate.ec.europa.eu\/odr\/main\/index.cfm?event=main.home.chooseLanguage<\/p>\n<p>&nbsp;<\/p>\n<p>Versi\u00f3n 1.0 \u2013 octubre de 2018[\/vc_column_text][\/vc_column][vc_column width=&#8221;1\/3&#8243;][\/vc_column][\/vc_row]<\/p>\n<\/div>","protected":false},"excerpt":{"rendered":"<p>[vc_row width=&#8221;full&#8221; p_bottom=&#8221;10px&#8221; m_top=&#8221;10px&#8221; css=&#8221;.vc_custom_1432021693550{margin-top: 30px !important;}&#8221;][vc_column][vc_column_text c_id=&#8221;.vc_1433492212046&#8243;] Aviso legal NOTA LEGAL Y CONDICIONES DE USO DE LA WEB[\/vc_column_text][\/vc_column][\/vc_row][vc_row width=&#8221;full&#8221; p_bottom=&#8221;40px&#8221; m_bottom=&#8221;100px&#8221; cut_top=&#8221;top-right&#8221; cut_top_h=&#8221;40&#8243;][vc_column width=&#8221;2\/3&#8243;][vc_column_text c_id=&#8221;.vc_1456302358062&#8243;]El acceso a la web www.estudi6.com atribuye la condici\u00f3n de USUARIO e implica la aceptaci\u00f3n plena y sin reserva, desde dicho acceso y\/o uso, de la presente nota legal y [&hellip;]<\/p>\n","protected":false},"author":1,"featured_media":0,"parent":0,"menu_order":0,"comment_status":"closed","ping_status":"closed","template":"","meta":{"footnotes":""},"class_list":["post-3349","page","type-page","status-publish","hentry"],"_links":{"self":[{"href":"https:\/\/estudi6.com\/es\/wp-json\/wp\/v2\/pages\/3349","targetHints":{"allow":["GET"]}}],"collection":[{"href":"https:\/\/estudi6.com\/es\/wp-json\/wp\/v2\/pages"}],"about":[{"href":"https:\/\/estudi6.com\/es\/wp-json\/wp\/v2\/types\/page"}],"author":[{"embeddable":true,"href":"https:\/\/estudi6.com\/es\/wp-json\/wp\/v2\/users\/1"}],"replies":[{"embeddable":true,"href":"https:\/\/estudi6.com\/es\/wp-json\/wp\/v2\/comments?post=3349"}],"version-history":[{"count":6,"href":"https:\/\/estudi6.com\/es\/wp-json\/wp\/v2\/pages\/3349\/revisions"}],"predecessor-version":[{"id":7051,"href":"https:\/\/estudi6.com\/es\/wp-json\/wp\/v2\/pages\/3349\/revisions\/7051"}],"wp:attachment":[{"href":"https:\/\/estudi6.com\/es\/wp-json\/wp\/v2\/media?parent=3349"}],"curies":[{"name":"wp","href":"https:\/\/api.w.org\/{rel}","templated":true}]}}