{"id":3359,"date":"2015-06-13T07:31:11","date_gmt":"2015-06-13T06:31:11","guid":{"rendered":"https:\/\/estudi6.com\/?page_id=3359"},"modified":"2021-05-03T12:55:37","modified_gmt":"2021-05-03T11:55:37","slug":"cvs","status":"publish","type":"page","link":"https:\/\/estudi6.com\/es\/cvs\/","title":{"rendered":"CV&#8217;s"},"content":{"rendered":"<div class=\"wpb-content-wrapper\"><p>[vc_row width=&#8221;full&#8221; p_top=&#8221;40px&#8221; p_bottom=&#8221;40px&#8221; m_top=&#8221;80&#8243; m_bottom=&#8221;100px&#8221; css=&#8221;.vc_custom_1589967910959{padding-bottom: 20px !important;}&#8221;][vc_column width=&#8221;2\/3&#8243; css=&#8221;.vc_custom_1431341520917{border-right-width: 20px !important;padding-right: 20px !important;}&#8221;][vc_column_text c_id=&#8221;.vc_1433492477345&#8243;]<\/p>\n<h1>Trabaja con nosotros<\/h1>\n<p>[\/vc_column_text][vc_column_text c_id=&#8221;.vc_1433492524999&#8243; css=&#8221;.vc_custom_1433492524999{padding-bottom: 10px !important;}&#8221;]<\/p>\n<h3>Se\u00f1ala una de las tres opciones de territorio al cual te ofreces para trabajar:<\/h3>\n<p>[\/vc_column_text][vc_tabs interval=&#8221;0&#8243; style=&#8221;v_left&#8221; c_id=&#8221;.vc_1431340843017&#8243;][vc_tab title=&#8221;Illes Balears&#8221; tab_id=&#8221;6413b9fb-36ac-7&#8243;]\n<div class=\"wpcf7 no-js\" id=\"wpcf7-f5153-o1\" lang=\"ca\" dir=\"ltr\" data-wpcf7-id=\"5153\">\n<div class=\"screen-reader-response\"><p role=\"status\" aria-live=\"polite\" aria-atomic=\"true\"><\/p> <ul><\/ul><\/div>\n<form action=\"\/es\/wp-json\/wp\/v2\/pages\/3359#wpcf7-f5153-o1\" method=\"post\" class=\"wpcf7-form init wpcf7-acceptance-as-validation\" aria-label=\"Formulari de contacte\" enctype=\"multipart\/form-data\" novalidate=\"novalidate\" data-status=\"init\">\n<fieldset class=\"hidden-fields-container\"><input type=\"hidden\" name=\"_wpcf7\" value=\"5153\" \/><input type=\"hidden\" name=\"_wpcf7_version\" value=\"6.1.5\" \/><input type=\"hidden\" name=\"_wpcf7_locale\" value=\"ca\" \/><input type=\"hidden\" name=\"_wpcf7_unit_tag\" value=\"wpcf7-f5153-o1\" \/><input type=\"hidden\" name=\"_wpcf7_container_post\" value=\"0\" \/><input type=\"hidden\" name=\"_wpcf7_posted_data_hash\" value=\"\" \/>\n<\/fieldset>\n<p>Nombre\n<\/p>\n<p><span class=\"wpcf7-form-control-wrap\" data-name=\"your-name\"><input size=\"40\" maxlength=\"400\" class=\"wpcf7-form-control wpcf7-text wpcf7-validates-as-required\" aria-required=\"true\" aria-invalid=\"false\" value=\"\" type=\"text\" name=\"your-name\" \/><\/span>\n<\/p>\n<p>C\u00f3digo postal<br \/>\n<span class=\"wpcf7-form-control-wrap\" data-name=\"Codipostal\"><input size=\"40\" maxlength=\"400\" class=\"wpcf7-form-control wpcf7-text\" aria-invalid=\"false\" value=\"\" type=\"text\" name=\"Codipostal\" \/><\/span>\n<\/p>\n<p>Poblaci\u00f3n<br \/>\n<span class=\"wpcf7-form-control-wrap\" data-name=\"Poblacio\"><input size=\"40\" maxlength=\"400\" class=\"wpcf7-form-control wpcf7-text\" aria-invalid=\"false\" value=\"\" type=\"text\" name=\"Poblacio\" \/><\/span>\n<\/p>\n<p>Provincia<br \/>\n<span class=\"wpcf7-form-control-wrap\" data-name=\"Provincia\"><input size=\"40\" maxlength=\"400\" class=\"wpcf7-form-control wpcf7-text\" aria-invalid=\"false\" value=\"\" type=\"text\" name=\"Provincia\" \/><\/span>\n<\/p>\n<p>Tel\u00e9fono<br \/>\n<span class=\"wpcf7-form-control-wrap\" data-name=\"Telefon\"><input size=\"40\" maxlength=\"400\" class=\"wpcf7-form-control wpcf7-text\" aria-invalid=\"false\" value=\"\" type=\"text\" name=\"Telefon\" \/><\/span>\n<\/p>\n<p>Tu email (obligatorio)\n<\/p>\n<p><span class=\"wpcf7-form-control-wrap\" data-name=\"your-email\"><input size=\"40\" maxlength=\"400\" class=\"wpcf7-form-control wpcf7-email wpcf7-validates-as-required wpcf7-text wpcf7-validates-as-email\" aria-required=\"true\" aria-invalid=\"false\" value=\"\" type=\"email\" name=\"your-email\" \/><\/span>\n<\/p>\n<p>Formaci\u00f3n acad\u00e9mica<br \/>\n<span class=\"wpcf7-form-control-wrap\" data-name=\"Formacio\"><input size=\"40\" maxlength=\"400\" class=\"wpcf7-form-control wpcf7-text\" aria-invalid=\"false\" value=\"\" type=\"text\" name=\"Formacio\" \/><\/span>\n<\/p>\n<p>Lugar de trabajo al cual te ofreces<br \/>\n<span class=\"wpcf7-form-control-wrap\" data-name=\"Lloctreball\"><input size=\"40\" maxlength=\"400\" class=\"wpcf7-form-control wpcf7-text\" aria-invalid=\"false\" value=\"\" type=\"text\" name=\"Lloctreball\" \/><\/span>\n<\/p>\n<p>Adjuntar CV\n<\/p>\n<p style=\"color:grey; font-size:12px;\">[Tipo de archivos aceptados: PDF, JPG, Doc, Docx y Zip. Tama\u00f1o m\u00e1ximo: 2mb]\n<\/p>\n<p><span class=\"wpcf7-form-control-wrap\" data-name=\"curriculum\"><input size=\"40\" class=\"wpcf7-form-control wpcf7-file\" accept=\".pdf,.zip,.jpg,.doc,.docx\" aria-invalid=\"false\" type=\"file\" name=\"curriculum\" \/><\/span>\n<\/p>\n<p><span class=\"wpcf7-form-control-wrap\" data-name=\"acceptance-216\"><span class=\"wpcf7-form-control wpcf7-acceptance\"><span class=\"wpcf7-list-item\"><input type=\"checkbox\" name=\"acceptance-216\" value=\"1\" aria-invalid=\"false\" \/><\/span><\/span><\/span> He le\u00eddo y acepto la cl\u00e1usula expuesta abajo\n<\/p>\n<p><input type=\"hidden\" name=\"_wpcf7_captcha_challenge_captcha-568\" value=\"445471799\" \/><img loading=\"lazy\" decoding=\"async\" class=\"wpcf7-form-control wpcf7-captchac wpcf7-captcha-captcha-568\" width=\"72\" height=\"24\" alt=\"captcha\" src=\"https:\/\/estudi6.com\/wp-content\/uploads\/wpcf7_captcha\/445471799.png\" \/><span class=\"wpcf7-form-control-wrap\" data-name=\"captcha-568\"><input size=\"40\" class=\"wpcf7-form-control wpcf7-captchar\" autocomplete=\"off\" aria-invalid=\"false\" value=\"\" type=\"text\" name=\"captcha-568\" \/><\/span>\n<\/p>\n<p><input class=\"wpcf7-form-control wpcf7-submit has-spinner\" type=\"submit\" value=\"Enviar\" \/>\n<\/p><div class=\"wpcf7-response-output\" aria-hidden=\"true\"><\/div>\n<\/form>\n<\/div>\n[vc_column_text c_id=&#8221;.vc_1457951711070&#8243;]<em>Antes de enviar el formulario, debe leer la Informaci\u00f3n b\u00e1sica sobre protecci\u00f3n de datos que se encuentra\u00a0m\u00e1s abajo.<\/em> <em>Todos los campos marcados son obligatorios para la contrataci\u00f3n.<\/em><strong><em> Al pulsar el bot\u00f3n de env\u00edo manifiesta haber le\u00eddo esta informaci\u00f3n.<\/em><\/strong><\/p>\n<h6><span style=\"font-size: 16px;\"><strong><u>Informaci\u00f3n b\u00e1sica sobre privacidad<\/u>: <\/strong>El responsable del tratamiento es ESTUDI 6 GESTI\u00d3 SOCIOEDUCATIVA, S.L. La finalidad es la gesti\u00f3n de su solicitud de participaci\u00f3n en los procesos de selecci\u00f3n de personal realizados en nuestra entidad. La base jur\u00eddica es su propia solicitud, nuestro inter\u00e9s leg\u00edtimo en gestionar nuestros procesos de selecci\u00f3n y el cumplimiento de obligaciones legales. No comunicaremos sus datos personales a terceros salvo por obligaci\u00f3n legal o previo su consentimiento. Tiene derecho a acceder, rectificar y suprimir los datos, as\u00ed como otros derechos como se explica en <\/span><u style=\"font-size: 16px;\"><a href=\"https:\/\/estudi6.com\/es\/politica-de-privacidad-de-seleccion-de-personal\/\" target=\"_blank\" rel=\"noopener\">pol\u00edtica de privacidad de C.v.<\/a><\/u><\/h6>\n<p>[\/vc_column_text][\/vc_tab][vc_tab title=&#8221;Catalunya&#8221; tab_id=&#8221;2bce6376-59e9-5&#8243;]\n<div class=\"wpcf7 no-js\" id=\"wpcf7-f3367-o2\" lang=\"ca\" dir=\"ltr\" data-wpcf7-id=\"3367\">\n<div class=\"screen-reader-response\"><p role=\"status\" aria-live=\"polite\" aria-atomic=\"true\"><\/p> <ul><\/ul><\/div>\n<form action=\"\/es\/wp-json\/wp\/v2\/pages\/3359#wpcf7-f3367-o2\" method=\"post\" class=\"wpcf7-form init wpcf7-acceptance-as-validation\" aria-label=\"Formulari de contacte\" enctype=\"multipart\/form-data\" novalidate=\"novalidate\" data-status=\"init\">\n<fieldset class=\"hidden-fields-container\"><input type=\"hidden\" name=\"_wpcf7\" value=\"3367\" \/><input type=\"hidden\" name=\"_wpcf7_version\" value=\"6.1.5\" \/><input type=\"hidden\" name=\"_wpcf7_locale\" value=\"ca\" \/><input type=\"hidden\" name=\"_wpcf7_unit_tag\" value=\"wpcf7-f3367-o2\" \/><input type=\"hidden\" name=\"_wpcf7_container_post\" value=\"0\" \/><input type=\"hidden\" name=\"_wpcf7_posted_data_hash\" value=\"\" \/>\n<\/fieldset>\n<p>Nombre\n<\/p>\n<p><span class=\"wpcf7-form-control-wrap\" data-name=\"your-name\"><input size=\"40\" maxlength=\"400\" class=\"wpcf7-form-control wpcf7-text wpcf7-validates-as-required\" aria-required=\"true\" aria-invalid=\"false\" value=\"\" type=\"text\" name=\"your-name\" \/><\/span>\n<\/p>\n<p>C\u00f3digo postal<br \/>\n<span class=\"wpcf7-form-control-wrap\" data-name=\"Codipostal\"><input size=\"40\" maxlength=\"400\" class=\"wpcf7-form-control wpcf7-text\" aria-invalid=\"false\" value=\"\" type=\"text\" name=\"Codipostal\" \/><\/span>\n<\/p>\n<p>Poblaci\u00f3n<br \/>\n<span class=\"wpcf7-form-control-wrap\" data-name=\"Poblacio\"><input size=\"40\" maxlength=\"400\" class=\"wpcf7-form-control wpcf7-text\" aria-invalid=\"false\" value=\"\" type=\"text\" name=\"Poblacio\" \/><\/span>\n<\/p>\n<p>Provincia<br \/>\n<span class=\"wpcf7-form-control-wrap\" data-name=\"Provincia\"><input size=\"40\" maxlength=\"400\" class=\"wpcf7-form-control wpcf7-text\" aria-invalid=\"false\" value=\"\" type=\"text\" name=\"Provincia\" \/><\/span>\n<\/p>\n<p>Tel\u00e9fono<br \/>\n<span class=\"wpcf7-form-control-wrap\" data-name=\"Telefon\"><input size=\"40\" maxlength=\"400\" class=\"wpcf7-form-control wpcf7-text\" aria-invalid=\"false\" value=\"\" type=\"text\" name=\"Telefon\" \/><\/span>\n<\/p>\n<p>Tu email (obligatorio)\n<\/p>\n<p><span class=\"wpcf7-form-control-wrap\" data-name=\"your-email\"><input size=\"40\" maxlength=\"400\" class=\"wpcf7-form-control wpcf7-email wpcf7-validates-as-required wpcf7-text wpcf7-validates-as-email\" aria-required=\"true\" aria-invalid=\"false\" value=\"\" type=\"email\" name=\"your-email\" \/><\/span>\n<\/p>\n<p>Formaci\u00f3n acad\u00e9mica<br \/>\n<span class=\"wpcf7-form-control-wrap\" data-name=\"Formacio\"><input size=\"40\" maxlength=\"400\" class=\"wpcf7-form-control wpcf7-text\" aria-invalid=\"false\" value=\"\" type=\"text\" name=\"Formacio\" \/><\/span>\n<\/p>\n<p>Lugar de trabajo al cual te ofreces<br \/>\n<span class=\"wpcf7-form-control-wrap\" data-name=\"Lloctreball\"><input size=\"40\" maxlength=\"400\" class=\"wpcf7-form-control wpcf7-text\" aria-invalid=\"false\" value=\"\" type=\"text\" name=\"Lloctreball\" \/><\/span>\n<\/p>\n<p>Adjuntar CV\n<\/p>\n<p style=\"color:grey; font-size:12px;\">[Tipo de archivos aceptados: PDF, JPG,Doc, Docx y Zip. Tama\u00f1o m\u00e1ximo: 2mb]\n<\/p>\n<p><span class=\"wpcf7-form-control-wrap\" data-name=\"curriculum\"><input size=\"40\" class=\"wpcf7-form-control wpcf7-file\" accept=\".pdf,.zip,.jpg,.doc,.docx\" aria-invalid=\"false\" type=\"file\" name=\"curriculum\" \/><\/span>\n<\/p>\n<p><span class=\"wpcf7-form-control-wrap\" data-name=\"acceptance-216\"><span class=\"wpcf7-form-control wpcf7-acceptance\"><span class=\"wpcf7-list-item\"><input type=\"checkbox\" name=\"acceptance-216\" value=\"1\" aria-invalid=\"false\" \/><\/span><\/span><\/span> He le\u00eddo y acepto la cl\u00e1usula expuesta abajo\n<\/p>\n<p><input type=\"hidden\" name=\"_wpcf7_captcha_challenge_captcha-568\" value=\"475777047\" \/><img loading=\"lazy\" decoding=\"async\" class=\"wpcf7-form-control wpcf7-captchac wpcf7-captcha-captcha-568\" width=\"72\" height=\"24\" alt=\"captcha\" src=\"https:\/\/estudi6.com\/wp-content\/uploads\/wpcf7_captcha\/475777047.png\" \/><span class=\"wpcf7-form-control-wrap\" data-name=\"captcha-568\"><input size=\"40\" class=\"wpcf7-form-control wpcf7-captchar\" autocomplete=\"off\" aria-invalid=\"false\" value=\"\" type=\"text\" name=\"captcha-568\" \/><\/span>\n<\/p>\n<p><input class=\"wpcf7-form-control wpcf7-submit has-spinner\" type=\"submit\" value=\"Enviar\" \/>\n<\/p><div class=\"wpcf7-response-output\" aria-hidden=\"true\"><\/div>\n<\/form>\n<\/div>\n[vc_column_text c_id=&#8221;.vc_1457951933123&#8243;]<em>Antes de enviar el formulario, debe leer la Informaci\u00f3n b\u00e1sica sobre protecci\u00f3n de datos que se encuentra\u00a0m\u00e1s abajo.<\/em> <em>Todos los campos marcados son obligatorios para la contrataci\u00f3n.<\/em><strong><em> Al pulsar el bot\u00f3n de env\u00edo manifiesta haber le\u00eddo esta informaci\u00f3n.<\/em><\/strong><\/p>\n<h6><span style=\"font-size: 16px;\"><strong><u>Informaci\u00f3n b\u00e1sica sobre privacidad<\/u>: <\/strong>El responsable del tratamiento es ESTUDI 6 GESTI\u00d3 SOCIOEDUCATIVA, S.L. La finalidad es la gesti\u00f3n de su solicitud de participaci\u00f3n en los procesos de selecci\u00f3n de personal realizados en nuestra entidad. La base jur\u00eddica es su propia solicitud, nuestro inter\u00e9s leg\u00edtimo en gestionar nuestros procesos de selecci\u00f3n y el cumplimiento de obligaciones legales. No comunicaremos sus datos personales a terceros salvo por obligaci\u00f3n legal o previo su consentimiento. Tiene derecho a acceder, rectificar y suprimir los datos, as\u00ed como otros derechos como se explica en <\/span><u style=\"font-size: 16px;\"><a href=\"https:\/\/estudi6.com\/es\/politica-de-privacidad-de-seleccion-de-personal\/\" target=\"_blank\" rel=\"noopener\">pol\u00edtica de privacidad de C.v.<\/a><\/u><\/h6>\n<p>[\/vc_column_text][\/vc_tab][vc_tab title=&#8221;Illes Balears + Catalunya&#8221; tab_id=&#8221;1431340757032-2-1&#8243;]\n<div class=\"wpcf7 no-js\" id=\"wpcf7-f5155-o3\" lang=\"ca\" dir=\"ltr\" data-wpcf7-id=\"5155\">\n<div class=\"screen-reader-response\"><p role=\"status\" aria-live=\"polite\" aria-atomic=\"true\"><\/p> <ul><\/ul><\/div>\n<form action=\"\/es\/wp-json\/wp\/v2\/pages\/3359#wpcf7-f5155-o3\" method=\"post\" class=\"wpcf7-form init wpcf7-acceptance-as-validation\" aria-label=\"Formulari de contacte\" enctype=\"multipart\/form-data\" novalidate=\"novalidate\" data-status=\"init\">\n<fieldset class=\"hidden-fields-container\"><input type=\"hidden\" name=\"_wpcf7\" value=\"5155\" \/><input type=\"hidden\" name=\"_wpcf7_version\" value=\"6.1.5\" \/><input type=\"hidden\" name=\"_wpcf7_locale\" value=\"ca\" \/><input type=\"hidden\" name=\"_wpcf7_unit_tag\" value=\"wpcf7-f5155-o3\" \/><input type=\"hidden\" name=\"_wpcf7_container_post\" value=\"0\" \/><input type=\"hidden\" name=\"_wpcf7_posted_data_hash\" value=\"\" \/>\n<\/fieldset>\n<p>Nombre\n<\/p>\n<p><span class=\"wpcf7-form-control-wrap\" data-name=\"your-name\"><input size=\"40\" maxlength=\"400\" class=\"wpcf7-form-control wpcf7-text wpcf7-validates-as-required\" aria-required=\"true\" aria-invalid=\"false\" value=\"\" type=\"text\" name=\"your-name\" \/><\/span>\n<\/p>\n<p>C\u00f3digo postal<br \/>\n<span class=\"wpcf7-form-control-wrap\" data-name=\"Codipostal\"><input size=\"40\" maxlength=\"400\" class=\"wpcf7-form-control wpcf7-text\" aria-invalid=\"false\" value=\"\" type=\"text\" name=\"Codipostal\" \/><\/span>\n<\/p>\n<p>Poblaci\u00f3n<br \/>\n<span class=\"wpcf7-form-control-wrap\" data-name=\"Poblacio\"><input size=\"40\" maxlength=\"400\" class=\"wpcf7-form-control wpcf7-text\" aria-invalid=\"false\" value=\"\" type=\"text\" name=\"Poblacio\" \/><\/span>\n<\/p>\n<p>Provincia<br \/>\n<span class=\"wpcf7-form-control-wrap\" data-name=\"Provincia\"><input size=\"40\" maxlength=\"400\" class=\"wpcf7-form-control wpcf7-text\" aria-invalid=\"false\" value=\"\" type=\"text\" name=\"Provincia\" \/><\/span>\n<\/p>\n<p>Tel\u00e9fono<br \/>\n<span class=\"wpcf7-form-control-wrap\" data-name=\"Telefon\"><input size=\"40\" maxlength=\"400\" class=\"wpcf7-form-control wpcf7-text\" aria-invalid=\"false\" value=\"\" type=\"text\" name=\"Telefon\" \/><\/span>\n<\/p>\n<p>Tu email (obligatorio)\n<\/p>\n<p><span class=\"wpcf7-form-control-wrap\" data-name=\"your-email\"><input size=\"40\" maxlength=\"400\" class=\"wpcf7-form-control wpcf7-email wpcf7-validates-as-required wpcf7-text wpcf7-validates-as-email\" aria-required=\"true\" aria-invalid=\"false\" value=\"\" type=\"email\" name=\"your-email\" \/><\/span>\n<\/p>\n<p>Formaci\u00f3n acad\u00e9mica<br \/>\n<span class=\"wpcf7-form-control-wrap\" data-name=\"Formacio\"><input size=\"40\" maxlength=\"400\" class=\"wpcf7-form-control wpcf7-text\" aria-invalid=\"false\" value=\"\" type=\"text\" name=\"Formacio\" \/><\/span>\n<\/p>\n<p>Lugar de trabajo al cual te ofreces<br \/>\n<span class=\"wpcf7-form-control-wrap\" data-name=\"Lloctreball\"><input size=\"40\" maxlength=\"400\" class=\"wpcf7-form-control wpcf7-text\" aria-invalid=\"false\" value=\"\" type=\"text\" name=\"Lloctreball\" \/><\/span>\n<\/p>\n<p>Adjuntar CV\n<\/p>\n<p style=\"color:grey; font-size:12px;\">[Tipo de archivos aceptados: PDF, JPG, Doc, Docx y Zip. Tama\u00f1o m\u00e1ximo: 2mb]\n<\/p>\n<p><span class=\"wpcf7-form-control-wrap\" data-name=\"curriculum\"><input size=\"40\" class=\"wpcf7-form-control wpcf7-file\" accept=\".pdf,.zip,.jpg,.doc,.docx\" aria-invalid=\"false\" type=\"file\" name=\"curriculum\" \/><\/span>\n<\/p>\n<p><span class=\"wpcf7-form-control-wrap\" data-name=\"acceptance-216\"><span class=\"wpcf7-form-control wpcf7-acceptance\"><span class=\"wpcf7-list-item\"><input type=\"checkbox\" name=\"acceptance-216\" value=\"1\" aria-invalid=\"false\" \/><\/span><\/span><\/span> He le\u00eddo y acepto la cl\u00e1usula expuesta abajo\n<\/p>\n<p><input type=\"hidden\" name=\"_wpcf7_captcha_challenge_captcha-568\" value=\"1368528711\" \/><img loading=\"lazy\" decoding=\"async\" class=\"wpcf7-form-control wpcf7-captchac wpcf7-captcha-captcha-568\" width=\"72\" height=\"24\" alt=\"captcha\" src=\"https:\/\/estudi6.com\/wp-content\/uploads\/wpcf7_captcha\/1368528711.png\" \/><span class=\"wpcf7-form-control-wrap\" data-name=\"captcha-568\"><input size=\"40\" class=\"wpcf7-form-control wpcf7-captchar\" autocomplete=\"off\" aria-invalid=\"false\" value=\"\" type=\"text\" name=\"captcha-568\" \/><\/span>\n<\/p>\n<p><input class=\"wpcf7-form-control wpcf7-submit has-spinner\" type=\"submit\" value=\"Enviar\" \/>\n<\/p><div class=\"wpcf7-response-output\" aria-hidden=\"true\"><\/div>\n<\/form>\n<\/div>\n[vc_column_text c_id=&#8221;.vc_1457951946604&#8243;]<em>Antes de enviar el formulario, debe leer la Informaci\u00f3n b\u00e1sica sobre protecci\u00f3n de datos que se encuentra\u00a0m\u00e1s abajo.<\/em> <em>Todos los campos marcados son obligatorios para la contrataci\u00f3n.<\/em><strong><em> Al pulsar el bot\u00f3n de env\u00edo manifiesta haber le\u00eddo esta informaci\u00f3n.<\/em><\/strong><\/p>\n<h6><span style=\"font-size: 16px;\"><strong><u>Informaci\u00f3n b\u00e1sica sobre privacidad<\/u>: <\/strong>El responsable del tratamiento es ESTUDI 6 GESTI\u00d3 SOCIOEDUCATIVA, S.L. La finalidad es la gesti\u00f3n de su solicitud de participaci\u00f3n en los procesos de selecci\u00f3n de personal realizados en nuestra entidad. La base jur\u00eddica es su propia solicitud, nuestro inter\u00e9s leg\u00edtimo en gestionar nuestros procesos de selecci\u00f3n y el cumplimiento de obligaciones legales. No comunicaremos sus datos personales a terceros salvo por obligaci\u00f3n legal o previo su consentimiento. Tiene derecho a acceder, rectificar y suprimir los datos, as\u00ed como otros derechos como se explica en <\/span><u style=\"font-size: 16px;\"><a href=\"https:\/\/estudi6.com\/es\/politica-de-privacidad-de-seleccion-de-personal\/\" target=\"_blank\" rel=\"noopener\">pol\u00edtica de privacidad de C.v.<\/a><\/u><\/h6>\n<p>[\/vc_column_text][\/vc_tab][\/vc_tabs][\/vc_column][vc_column width=&#8221;1\/3&#8243; css=&#8221;.vc_custom_1431341945891{border-left-width: 20px !important;padding-top: 20px !important;padding-right: 20px !important;padding-left: 20px !important;background-color: #ededed !important;}&#8221;][vc_column_text c_id=&#8221;.vc_1433492590732&#8243;]<\/p>\n<h1>\u00bfTienes una idea o un proyecto que nos quieras proponer?<\/h1>\n<p>[\/vc_column_text]\n<div class=\"wpcf7 no-js\" id=\"wpcf7-f3369-o4\" lang=\"ca\" dir=\"ltr\" data-wpcf7-id=\"3369\">\n<div class=\"screen-reader-response\"><p role=\"status\" aria-live=\"polite\" aria-atomic=\"true\"><\/p> <ul><\/ul><\/div>\n<form action=\"\/es\/wp-json\/wp\/v2\/pages\/3359#wpcf7-f3369-o4\" method=\"post\" class=\"wpcf7-form init wpcf7-acceptance-as-validation\" aria-label=\"Formulari de contacte\" enctype=\"multipart\/form-data\" novalidate=\"novalidate\" data-status=\"init\">\n<fieldset class=\"hidden-fields-container\"><input type=\"hidden\" name=\"_wpcf7\" value=\"3369\" \/><input type=\"hidden\" name=\"_wpcf7_version\" value=\"6.1.5\" \/><input type=\"hidden\" name=\"_wpcf7_locale\" value=\"ca\" \/><input type=\"hidden\" name=\"_wpcf7_unit_tag\" value=\"wpcf7-f3369-o4\" \/><input type=\"hidden\" name=\"_wpcf7_container_post\" value=\"0\" \/><input type=\"hidden\" name=\"_wpcf7_posted_data_hash\" value=\"\" \/>\n<\/fieldset>\n<p>Nombre\n<\/p>\n<p><span class=\"wpcf7-form-control-wrap\" data-name=\"your-name\"><input size=\"40\" maxlength=\"400\" class=\"wpcf7-form-control wpcf7-text wpcf7-validates-as-required\" aria-required=\"true\" aria-invalid=\"false\" value=\"\" type=\"text\" name=\"your-name\" \/><\/span>\n<\/p>\n<p>C\u00f3digo postal<br \/>\n<span class=\"wpcf7-form-control-wrap\" data-name=\"Codipostal\"><input size=\"40\" maxlength=\"400\" class=\"wpcf7-form-control wpcf7-text\" aria-invalid=\"false\" value=\"\" type=\"text\" name=\"Codipostal\" \/><\/span>\n<\/p>\n<p>Poblaci\u00f3n<br \/>\n<span class=\"wpcf7-form-control-wrap\" data-name=\"Poblacio\"><input size=\"40\" maxlength=\"400\" class=\"wpcf7-form-control wpcf7-text\" aria-invalid=\"false\" value=\"\" type=\"text\" name=\"Poblacio\" \/><\/span>\n<\/p>\n<p>Provincia<br \/>\n<span class=\"wpcf7-form-control-wrap\" data-name=\"Provincia\"><input size=\"40\" maxlength=\"400\" class=\"wpcf7-form-control wpcf7-text\" aria-invalid=\"false\" value=\"\" type=\"text\" name=\"Provincia\" \/><\/span>\n<\/p>\n<p>Tel\u00e9fono<br \/>\n<span class=\"wpcf7-form-control-wrap\" data-name=\"Telefon\"><input size=\"40\" maxlength=\"400\" class=\"wpcf7-form-control wpcf7-text\" aria-invalid=\"false\" value=\"\" type=\"text\" name=\"Telefon\" \/><\/span>\n<\/p>\n<p>Tu email (obligatorio)\n<\/p>\n<p><span class=\"wpcf7-form-control-wrap\" data-name=\"your-email\"><input size=\"40\" maxlength=\"400\" class=\"wpcf7-form-control wpcf7-email wpcf7-validates-as-required wpcf7-text wpcf7-validates-as-email\" aria-required=\"true\" aria-invalid=\"false\" value=\"\" type=\"email\" name=\"your-email\" \/><\/span>\n<\/p>\n<p>Resumen proyecto <span class=\"wpcf7-form-control-wrap\" data-name=\"textarea-91\"><textarea cols=\"40\" rows=\"10\" maxlength=\"2000\" class=\"wpcf7-form-control wpcf7-textarea\" aria-invalid=\"false\" name=\"textarea-91\"><\/textarea><\/span>\n<\/p>\n<p>Adjuntar proyecto\n<\/p>\n<p style=\"color:grey; font-size:12px;\">[Tipo de archivos aceptados: PDF, JPG, Doc, Docx y Zip. Tama\u00f1o m\u00e1ximo: 2mb]\n<\/p>\n<p><span class=\"wpcf7-form-control-wrap\" data-name=\"projecte\"><input size=\"40\" class=\"wpcf7-form-control wpcf7-file\" accept=\".pdf,.zip,.jpg,.doc,.docx\" aria-invalid=\"false\" type=\"file\" name=\"projecte\" \/><\/span>\n<\/p>\n<p><span class=\"wpcf7-form-control-wrap\" data-name=\"acceptance-216\"><span class=\"wpcf7-form-control wpcf7-acceptance\"><span class=\"wpcf7-list-item\"><input type=\"checkbox\" name=\"acceptance-216\" value=\"1\" aria-invalid=\"false\" \/><\/span><\/span><\/span> He le\u00eddo y acepto la cl\u00e1usula expuesta abajo\n<\/p>\n<p><input type=\"hidden\" name=\"_wpcf7_captcha_challenge_captcha-568\" value=\"1127164105\" \/><img loading=\"lazy\" decoding=\"async\" class=\"wpcf7-form-control wpcf7-captchac wpcf7-captcha-captcha-568\" width=\"72\" height=\"24\" alt=\"captcha\" src=\"https:\/\/estudi6.com\/wp-content\/uploads\/wpcf7_captcha\/1127164105.png\" \/><span class=\"wpcf7-form-control-wrap\" data-name=\"captcha-568\"><input size=\"40\" class=\"wpcf7-form-control wpcf7-captchar\" autocomplete=\"off\" aria-invalid=\"false\" value=\"\" type=\"text\" name=\"captcha-568\" \/><\/span>\n<\/p>\n<p><input class=\"wpcf7-form-control wpcf7-submit has-spinner\" type=\"submit\" value=\"Enviar\" \/>\n<\/p><div class=\"wpcf7-response-output\" aria-hidden=\"true\"><\/div>\n<\/form>\n<\/div>\n[vc_column_text c_id=&#8221;.vc_1457951768874&#8243; css=&#8221;.vc_custom_1620042932751{padding-bottom: 20px !important;}&#8221;]<em>Antes de enviar este formulario, debe leer la Informaci\u00f3n b\u00e1sica sobre protecci\u00f3n de datos que se encuentra\u00a0<\/em><em>[m\u00e1s abajo\/URL]<\/em><em>.<\/em> <em>Todos los campos marcados son obligatorios para atender su propuesta. <\/em><strong>Al pulsar el bot\u00f3n de env\u00edo manifiesta haber le\u00eddo esta informaci\u00f3n.<\/strong><\/p>\n<h6><span style=\"font-size: 16px;\"><strong><u>Informaci\u00f3n b\u00e1sica sobre privacidad<\/u>: <\/strong>El responsable del tratamiento es ESTUDI 6 GESTI\u00d3 SOCIOEDUCATIVA, S.L. La finalidad es la gesti\u00f3n de su propuesta de proyecto. La base jur\u00eddica del tratamiento es su propia propuesta y el cumplimiento de obligaciones legales. S\u00f3lo comunicaremos sus datos por obligaci\u00f3n legal o previo su consentimiento. Tiene derecho a acceder, rectificar y suprimir los datos, as\u00ed como otros derechos como se explica en nuestra pol\u00edtica de privacidad web <\/span><u style=\"font-size: 16px;\"><a href=\"https:\/\/estudi6.com\/es\/politica-de-privacidad-web\/\" target=\"_blank\" rel=\"noopener\">pol\u00edtica de privacidad web<\/a><\/u><\/h6>\n<p>[\/vc_column_text][\/vc_column][\/vc_row]<\/p>\n<\/div>","protected":false},"excerpt":{"rendered":"<p>[vc_row width=&#8221;full&#8221; p_top=&#8221;40px&#8221; p_bottom=&#8221;40px&#8221; m_top=&#8221;80&#8243; m_bottom=&#8221;100px&#8221; css=&#8221;.vc_custom_1589967910959{padding-bottom: 20px !important;}&#8221;][vc_column width=&#8221;2\/3&#8243; css=&#8221;.vc_custom_1431341520917{border-right-width: 20px !important;padding-right: 20px !important;}&#8221;][vc_column_text c_id=&#8221;.vc_1433492477345&#8243;] Trabaja con nosotros [\/vc_column_text][vc_column_text c_id=&#8221;.vc_1433492524999&#8243; css=&#8221;.vc_custom_1433492524999{padding-bottom: 10px !important;}&#8221;] Se\u00f1ala una de las tres opciones de territorio al cual te ofreces para trabajar: [\/vc_column_text][vc_tabs interval=&#8221;0&#8243; style=&#8221;v_left&#8221; c_id=&#8221;.vc_1431340843017&#8243;][vc_tab title=&#8221;Illes Balears&#8221; tab_id=&#8221;6413b9fb-36ac-7&#8243;][vc_column_text c_id=&#8221;.vc_1457951711070&#8243;]Antes de enviar el formulario, debe leer la Informaci\u00f3n b\u00e1sica [&hellip;]<\/p>\n","protected":false},"author":1,"featured_media":0,"parent":0,"menu_order":0,"comment_status":"closed","ping_status":"closed","template":"","meta":{"footnotes":""},"class_list":["post-3359","page","type-page","status-publish","hentry"],"_links":{"self":[{"href":"https:\/\/estudi6.com\/es\/wp-json\/wp\/v2\/pages\/3359","targetHints":{"allow":["GET"]}}],"collection":[{"href":"https:\/\/estudi6.com\/es\/wp-json\/wp\/v2\/pages"}],"about":[{"href":"https:\/\/estudi6.com\/es\/wp-json\/wp\/v2\/types\/page"}],"author":[{"embeddable":true,"href":"https:\/\/estudi6.com\/es\/wp-json\/wp\/v2\/users\/1"}],"replies":[{"embeddable":true,"href":"https:\/\/estudi6.com\/es\/wp-json\/wp\/v2\/comments?post=3359"}],"version-history":[{"count":15,"href":"https:\/\/estudi6.com\/es\/wp-json\/wp\/v2\/pages\/3359\/revisions"}],"predecessor-version":[{"id":7059,"href":"https:\/\/estudi6.com\/es\/wp-json\/wp\/v2\/pages\/3359\/revisions\/7059"}],"wp:attachment":[{"href":"https:\/\/estudi6.com\/es\/wp-json\/wp\/v2\/media?parent=3359"}],"curies":[{"name":"wp","href":"https:\/\/api.w.org\/{rel}","templated":true}]}}