{"id":3579,"date":"2015-06-16T08:27:33","date_gmt":"2015-06-16T07:27:33","guid":{"rendered":"https:\/\/estudi6.com\/?page_id=3579"},"modified":"2026-01-27T09:30:31","modified_gmt":"2026-01-27T08:30:31","slug":"escuelas-de-musica","status":"publish","type":"page","link":"https:\/\/estudi6.com\/es\/gestio-socioeducativa\/escuelas-de-musica\/","title":{"rendered":"Escuelas de m\u00fasica"},"content":{"rendered":"<div class=\"wpb-content-wrapper\"><p>[vc_row m_bottom=&#8221;0&#8243; css=&#8221;.vc_custom_1763390419580{margin-top: 0px !important;margin-bottom: 0px !important;border-bottom-width: 0px !important;padding-top: 0px !important;padding-bottom: 0px !important;}&#8221;][vc_column css=&#8221;.vc_custom_1763390409842{margin-top: 0px !important;padding-top: 0px !important;}&#8221;][rev_slider_vc alias=&#8221;escoles_musica_2020&#8243;][\/vc_column][\/vc_row][vc_row width=&#8221;full&#8221; bg_color_row=&#8221;#e8da3b&#8221; p_top=&#8221;20&#8243; css=&#8221;.vc_custom_1584961964704{padding-bottom: 5px !important;}&#8221;][vc_column width=&#8221;2\/3&#8243;][vc_custom_heading source=&#8221;post_title&#8221; font_container=&#8221;tag:h1|text_align:left|color:%23ffffff&#8221; use_theme_fonts=&#8221;yes&#8221; css=&#8221;.vc_custom_1676724162854{padding-top: 20px !important;}&#8221;][vc_column_text css_animation=&#8221;top-to-bottom&#8221; css=&#8221;.vc_custom_1584961973635{padding-top: 20px !important;padding-right: 20px !important;padding-bottom: 30px !important;padding-left: 0px !important;}&#8221; c_id=&#8221;.vc_1433491408242&#8243; p_css=&#8221;color:#ffffff;font-size:24px;&#8221; el_class=&#8221;txt-pastilla&#8221;]Con la gesti\u00f3n de Escuelas de M\u00fasica trabajamos para conseguir despertar en nuestro alumnado sensibilidades que vayan m\u00e1s all\u00e1 del dominio de un instrumento, que valoren el esfuerzo y no solamente el resultado, que sean protagonistas en sus audiciones.[\/vc_column_text][\/vc_column][vc_column width=&#8221;1\/3&#8243; css=&#8221;.vc_custom_1431513365879{padding-bottom: 5px !important;}&#8221;][vc_single_image image=&#8221;6908&#8243; alignment=&#8221;center&#8221; css=&#8221;.vc_custom_1431513372576{padding-top: 30px !important;}&#8221;][vc_column_text css=&#8221;.vc_custom_1472803948571{margin-bottom: -10px !important;}&#8221; c_id=&#8221;.vc_1433491437610&#8243; p_css=&#8221;color:#020202;line-height:22px;&#8221; el_class=&#8221;txt-globo&#8221;]<\/p>\n<p style=\"text-align: center;\">Relaci\u00f3n de servicios<br \/>\ngestionados en la actualidad[\/vc_column_text][vc_icon icon_fontawesome=&#8221;fa fa-solid fa-angle-down&#8221; color=&#8221;white&#8221; align=&#8221;center&#8221; css=&#8221;&#8221;][\/vc_column][\/vc_row][vc_row][vc_column width=&#8221;1\/4&#8243;][\/vc_column][vc_column width=&#8221;1\/4&#8243;][ivan_counter sub=&#8221;escuelas de m\u00fasica&#8221; animated=&#8221;yes&#8221; c_id=&#8221;.vc_1769502601969&#8243; block_css=&#8221;padding-bottom:50px;&#8221; title_css=&#8221;color:#e8da3b;font-size:60pt;&#8221; subtitle_css=&#8221;font-weight:400;color:#c1c1c1;font-size:20pt;&#8221;]10[\/ivan_counter][\/vc_column][vc_column width=&#8221;1\/4&#8243;][ivan_counter sub=&#8221;persones usu\u00e0ries&#8221; animated=&#8221;yes&#8221; separator=&#8221;.&#8221; c_id=&#8221;.vc_1763389683535&#8243; block_css=&#8221;padding-bottom:50px;&#8221; title_css=&#8221;color:#e8da3b;font-size:60pt;&#8221; subtitle_css=&#8221;font-weight:400;color:#c1c1c1;font-size:20pt;&#8221;]3070[\/ivan_counter][\/vc_column][vc_column width=&#8221;1\/4&#8243;][\/vc_column][\/vc_row][vc_row width=&#8221;full&#8221; bg_color_row=&#8221;#eaeaea&#8221; p_top=&#8221;40px&#8221; p_bottom=&#8221;60px&#8221; m_bottom=&#8221;0&#8243; cut_top=&#8221;top-right&#8221; cut_top_h=&#8221;40&#8243;][vc_column width=&#8221;1\/2&#8243; css=&#8221;.vc_custom_1445850042169{padding-right: 40px !important;}&#8221;][vc_video link=&#8221;https:\/\/www.youtube.com\/watch?v=TkSSaJRBcPY&#8221;][\/vc_column][vc_column width=&#8221;1\/2&#8243;][vc_column_text c_id=&#8221;.vc_1445849997413&#8243;]El domingo 6 de mayo se llev\u00f3 a cabo el concierto \u201cJUNTS SONAM MILLOR\u201d, una iniciativa de la Escuela Municipal de M\u00fasica de Palma gestionada por Estudi6, con la participaci\u00f3n de Mater Misericordiae, Aspas, Once y asociaci\u00f3n Asperger.<\/p>\n<p>El proyecto consiste en poner de manifiesto que todo el mundo puede hacer m\u00fasica y que lo \u00fanico que es imposible es lo que no se intenta. As\u00ed lo hicimos durante m\u00e1s de medio a\u00f1o: hemos hecho ensayos, encuentros y reuniones que ya fueron un \u00e9xito en s\u00ed mismas y que culminaron con el concierto mencionado.<\/p>\n<p>S\u00ed que es posible\u2026 y continuamos.[\/vc_column_text][\/vc_column][\/vc_row][vc_row width=&#8221;full&#8221; bg_color_row=&#8221;#eaeaea&#8221; p_top=&#8221;40px&#8221; p_bottom=&#8221;60px&#8221; m_bottom=&#8221;0&#8243; cut_top=&#8221;top-right&#8221; cut_top_h=&#8221;40&#8243;][vc_column width=&#8221;1\/2&#8243; css=&#8221;.vc_custom_1445850042169{padding-right: 40px !important;}&#8221;][vc_column_text c_id=&#8221;.vc_1445849997413&#8243;]Fiorella una alumna ciega del <em>Conservatori Elemental i Escola Municipal de M\u00fasica de Palma<\/em>, protagonista del programa Panorama IB <strong>&#8220;Ceguera, hist\u00f2ries de vida&#8221;<\/strong>, emitido por IB3 Televisi\u00f3.<\/p>\n<p>Fiorella Curuchet Morelli tiene 9 a\u00f1os y cursa segundo de ense\u00f1anzas regladas de piano. En el conservatorio asiste a dos horas semanales de Lenguaje Musical, una hora de instrumento individual y una hora de instrumento colectivo.<\/p>\n<p><em>Im\u00e1genes cedidas por IB3 TV<\/em>[\/vc_column_text][\/vc_column][vc_column width=&#8221;1\/2&#8243;][vc_video link=&#8221;https:\/\/www.youtube.com\/embed\/62xQVrd87EY&#8221;][\/vc_column][\/vc_row]<\/p>\n<\/div>","protected":false},"excerpt":{"rendered":"<p>[vc_row m_bottom=&#8221;0&#8243; css=&#8221;.vc_custom_1763390419580{margin-top: 0px !important;margin-bottom: 0px !important;border-bottom-width: 0px !important;padding-top: 0px !important;padding-bottom: 0px !important;}&#8221;][vc_column css=&#8221;.vc_custom_1763390409842{margin-top: 0px !important;padding-top: 0px !important;}&#8221;][rev_slider_vc alias=&#8221;escoles_musica_2020&#8243;][\/vc_column][\/vc_row][vc_row width=&#8221;full&#8221; bg_color_row=&#8221;#e8da3b&#8221; p_top=&#8221;20&#8243; css=&#8221;.vc_custom_1584961964704{padding-bottom: 5px !important;}&#8221;][vc_column width=&#8221;2\/3&#8243;][vc_custom_heading source=&#8221;post_title&#8221; font_container=&#8221;tag:h1|text_align:left|color:%23ffffff&#8221; use_theme_fonts=&#8221;yes&#8221; css=&#8221;.vc_custom_1676724162854{padding-top: 20px !important;}&#8221;][vc_column_text css_animation=&#8221;top-to-bottom&#8221; css=&#8221;.vc_custom_1584961973635{padding-top: 20px !important;padding-right: 20px !important;padding-bottom: 30px !important;padding-left: 0px !important;}&#8221; c_id=&#8221;.vc_1433491408242&#8243; p_css=&#8221;color:#ffffff;font-size:24px;&#8221; el_class=&#8221;txt-pastilla&#8221;]Con la gesti\u00f3n de Escuelas de M\u00fasica trabajamos para conseguir despertar [&hellip;]<\/p>\n","protected":false},"author":1,"featured_media":0,"parent":3277,"menu_order":0,"comment_status":"closed","ping_status":"closed","template":"","meta":{"footnotes":""},"class_list":["post-3579","page","type-page","status-publish","hentry"],"_links":{"self":[{"href":"https:\/\/estudi6.com\/es\/wp-json\/wp\/v2\/pages\/3579","targetHints":{"allow":["GET"]}}],"collection":[{"href":"https:\/\/estudi6.com\/es\/wp-json\/wp\/v2\/pages"}],"about":[{"href":"https:\/\/estudi6.com\/es\/wp-json\/wp\/v2\/types\/page"}],"author":[{"embeddable":true,"href":"https:\/\/estudi6.com\/es\/wp-json\/wp\/v2\/users\/1"}],"replies":[{"embeddable":true,"href":"https:\/\/estudi6.com\/es\/wp-json\/wp\/v2\/comments?post=3579"}],"version-history":[{"count":30,"href":"https:\/\/estudi6.com\/es\/wp-json\/wp\/v2\/pages\/3579\/revisions"}],"predecessor-version":[{"id":8130,"href":"https:\/\/estudi6.com\/es\/wp-json\/wp\/v2\/pages\/3579\/revisions\/8130"}],"up":[{"embeddable":true,"href":"https:\/\/estudi6.com\/es\/wp-json\/wp\/v2\/pages\/3277"}],"wp:attachment":[{"href":"https:\/\/estudi6.com\/es\/wp-json\/wp\/v2\/media?parent=3579"}],"curies":[{"name":"wp","href":"https:\/\/api.w.org\/{rel}","templated":true}]}}