{"id":3589,"date":"2015-06-16T08:33:47","date_gmt":"2015-06-16T07:33:47","guid":{"rendered":"https:\/\/estudi6.com\/?page_id=3589"},"modified":"2026-01-26T13:28:09","modified_gmt":"2026-01-26T12:28:09","slug":"intervencion-socioeducativa-para-colectivos-de-riesgo-social","status":"publish","type":"page","link":"https:\/\/estudi6.com\/es\/gestio-socioeducativa\/intervencion-socioeducativa-para-colectivos-de-riesgo-social\/","title":{"rendered":"Intervenci\u00f3n Social Comnitaria"},"content":{"rendered":"<div class=\"wpb-content-wrapper\"><p>[vc_row m_bottom=&#8221;0&#8243; css=&#8221;.vc_custom_1584960877239{margin-bottom: 0px !important;border-bottom-width: 0px !important;padding-bottom: 0px !important;}&#8221;][vc_column][rev_slider_vc alias=&#8221;intervencio_social_comunitaria_2020&#8243;][\/vc_column][\/vc_row][vc_row width=&#8221;full&#8221; bg_color_row=&#8221;#99ccbd&#8221; p_top=&#8221;20&#8243; css=&#8221;.vc_custom_1584963630555{padding-bottom: 5px !important;}&#8221;][vc_column width=&#8221;2\/3&#8243;][vc_custom_heading source=&#8221;post_title&#8221; font_container=&#8221;tag:h1|text_align:left|color:%23ffffff&#8221; use_theme_fonts=&#8221;yes&#8221; css=&#8221;.vc_custom_1676723667062{padding-top: 20px !important;}&#8221;][vc_column_text css_animation=&#8221;top-to-bottom&#8221; css=&#8221;.vc_custom_1488188655379{padding-top: 30px !important;padding-right: 20px !important;padding-bottom: 30px !important;padding-left: 0px !important;}&#8221; c_id=&#8221;.vc_1456312444630&#8243; p_css=&#8221;color:#ffffff;font-size:24px;&#8221; el_class=&#8221;txt-pastilla&#8221;]Trabajamos en el \u00e1mbito de la intervenci\u00f3n socioeducativa de personas y colectivos con el fin de mejorar la convivencia y la cohesi\u00f3n social, favoreciendo la integraci\u00f3n de familias, j\u00f3venes y personas adultas.[\/vc_column_text][\/vc_column][vc_column width=&#8221;1\/3&#8243; css=&#8221;.vc_custom_1431513586254{padding-bottom: 5px !important;}&#8221;][vc_single_image image=&#8221;6908&#8243; alignment=&#8221;center&#8221; css=&#8221;.vc_custom_1431513593282{padding-top: 30px !important;}&#8221;][vc_column_text css=&#8221;.vc_custom_1472804107663{margin-bottom: -10px !important;}&#8221; c_id=&#8221;.vc_1433491753863&#8243; p_css=&#8221;color:#020202;line-height:22px;&#8221; el_class=&#8221;txt-globo&#8221;]<\/p>\n<p style=\"text-align: center;\">Relaci\u00f3n de servicios<br \/>\ngestionados en la actualidad<\/p>\n<p>[\/vc_column_text][vc_icon icon_fontawesome=&#8221;fa fa-solid fa-angle-down&#8221; color=&#8221;white&#8221; align=&#8221;center&#8221; css=&#8221;&#8221;][\/vc_column][\/vc_row][vc_row p_top=&#8221;0&#8243; m_top=&#8221;0&#8243;][vc_column width=&#8221;1\/4&#8243;][\/vc_column][vc_column width=&#8221;1\/4&#8243;][ivan_counter sub=&#8221;servicios de intervenci\u00f3n social&#8221; animated=&#8221;yes&#8221; c_id=&#8221;.vc_1769430465686&#8243; block_css=&#8221;padding-bottom:50px;&#8221; title_css=&#8221;color:#99ccbd;font-size:60pt;&#8221; subtitle_css=&#8221;font-weight:400;color:#c1c1c1;font-size:20pt;&#8221;]4[\/ivan_counter][\/vc_column][vc_column width=&#8221;1\/4&#8243;][ivan_counter sub=&#8221;usuarios&#8221; animated=&#8221;yes&#8221; separator=&#8221;.&#8221; c_id=&#8221;.vc_1677008198545&#8243; block_css=&#8221;padding-bottom:50px;&#8221; title_css=&#8221;color:#99ccbd;font-size:60pt;&#8221; subtitle_css=&#8221;font-weight:400;color:#c1c1c1;font-size:20pt;&#8221;]5456[\/ivan_counter][\/vc_column][vc_column width=&#8221;1\/4&#8243;][\/vc_column][\/vc_row][vc_row width=&#8221;full&#8221; bg_color_row=&#8221;#eaeaea&#8221; p_top=&#8221;40px&#8221; p_bottom=&#8221;60px&#8221; m_bottom=&#8221;0&#8243; cut_top=&#8221;top-right&#8221; cut_top_h=&#8221;40&#8243;][vc_column width=&#8221;1\/2&#8243; css=&#8221;.vc_custom_1445847539487{padding-right: 50px !important;}&#8221;][vc_column_text c_id=&#8221;.vc_1456314076442&#8243;]<\/p>\n<h4>FORMACI\u00d3N PARA LA INTEGRACI\u00d3N SOCIAL Y CULTURAL DE INMIGRANTES EN LAS ISLAS BALEARES \/ IB3 noticies<\/h4>\n<p>Reportaje sobre los cursos de integraci\u00f3n social y cultural que se organizan desde el centro de informaci\u00f3n i orientaci\u00f3n para la inmigraci\u00f3n &#8220;OFIM Mallorca&#8221;, titularidad del Govern de les Illes Balears, gestionado por Estudi6.<\/p>\n<p><em>Im\u00e1genes cedidas por IB3 noticies.<\/em>[\/vc_column_text][\/vc_column][vc_column width=&#8221;1\/2&#8243;][vc_video link=&#8221;https:\/\/www.youtube.com\/watch?v=V5BtyrjKqIc&#8221;][\/vc_column][\/vc_row]<\/p>\n<\/div>","protected":false},"excerpt":{"rendered":"<p>[vc_row m_bottom=&#8221;0&#8243; css=&#8221;.vc_custom_1584960877239{margin-bottom: 0px !important;border-bottom-width: 0px !important;padding-bottom: 0px !important;}&#8221;][vc_column][rev_slider_vc alias=&#8221;intervencio_social_comunitaria_2020&#8243;][\/vc_column][\/vc_row][vc_row width=&#8221;full&#8221; bg_color_row=&#8221;#99ccbd&#8221; p_top=&#8221;20&#8243; css=&#8221;.vc_custom_1584963630555{padding-bottom: 5px !important;}&#8221;][vc_column width=&#8221;2\/3&#8243;][vc_custom_heading source=&#8221;post_title&#8221; font_container=&#8221;tag:h1|text_align:left|color:%23ffffff&#8221; use_theme_fonts=&#8221;yes&#8221; css=&#8221;.vc_custom_1676723667062{padding-top: 20px !important;}&#8221;][vc_column_text css_animation=&#8221;top-to-bottom&#8221; css=&#8221;.vc_custom_1488188655379{padding-top: 30px !important;padding-right: 20px !important;padding-bottom: 30px !important;padding-left: 0px !important;}&#8221; c_id=&#8221;.vc_1456312444630&#8243; p_css=&#8221;color:#ffffff;font-size:24px;&#8221; el_class=&#8221;txt-pastilla&#8221;]Trabajamos en el \u00e1mbito de la intervenci\u00f3n socioeducativa de personas y colectivos con el fin de mejorar la convivencia y [&hellip;]<\/p>\n","protected":false},"author":1,"featured_media":0,"parent":3277,"menu_order":0,"comment_status":"closed","ping_status":"closed","template":"","meta":{"footnotes":""},"class_list":["post-3589","page","type-page","status-publish","hentry"],"_links":{"self":[{"href":"https:\/\/estudi6.com\/es\/wp-json\/wp\/v2\/pages\/3589","targetHints":{"allow":["GET"]}}],"collection":[{"href":"https:\/\/estudi6.com\/es\/wp-json\/wp\/v2\/pages"}],"about":[{"href":"https:\/\/estudi6.com\/es\/wp-json\/wp\/v2\/types\/page"}],"author":[{"embeddable":true,"href":"https:\/\/estudi6.com\/es\/wp-json\/wp\/v2\/users\/1"}],"replies":[{"embeddable":true,"href":"https:\/\/estudi6.com\/es\/wp-json\/wp\/v2\/comments?post=3589"}],"version-history":[{"count":39,"href":"https:\/\/estudi6.com\/es\/wp-json\/wp\/v2\/pages\/3589\/revisions"}],"predecessor-version":[{"id":8115,"href":"https:\/\/estudi6.com\/es\/wp-json\/wp\/v2\/pages\/3589\/revisions\/8115"}],"up":[{"embeddable":true,"href":"https:\/\/estudi6.com\/es\/wp-json\/wp\/v2\/pages\/3277"}],"wp:attachment":[{"href":"https:\/\/estudi6.com\/es\/wp-json\/wp\/v2\/media?parent=3589"}],"curies":[{"name":"wp","href":"https:\/\/api.w.org\/{rel}","templated":true}]}}