{"id":3599,"date":"2015-06-16T08:40:29","date_gmt":"2015-06-16T07:40:29","guid":{"rendered":"https:\/\/estudi6.com\/?page_id=3599"},"modified":"2026-01-27T09:37:53","modified_gmt":"2026-01-27T08:37:53","slug":"centros-civicos","status":"publish","type":"page","link":"https:\/\/estudi6.com\/es\/gestio-socioeducativa\/dinamizacion-sociocultural\/centros-civicos\/","title":{"rendered":"Dinamizaci\u00f3n de Centros c\u00edvicos"},"content":{"rendered":"<div class=\"wpb-content-wrapper\"><p>[vc_row m_bottom=&#8221;0&#8243; css=&#8221;.vc_custom_1584960877239{margin-bottom: 0px !important;border-bottom-width: 0px !important;padding-bottom: 0px !important;}&#8221;][vc_column css=&#8221;.vc_custom_1763390111702{margin-top: 0px !important;padding-top: 0px !important;}&#8221;][rev_slider_vc alias=&#8221;equipaments_civics_2020&#8243;][\/vc_column][\/vc_row][vc_row width=&#8221;full&#8221; bg_color_row=&#8221;#93cbbe&#8221; p_top=&#8221;20&#8243; css=&#8221;.vc_custom_1584966594998{padding-bottom: 5px !important;}&#8221;][vc_column width=&#8221;2\/3&#8243;][vc_custom_heading source=&#8221;post_title&#8221; font_container=&#8221;tag:h1|text_align:left|color:%23ffffff&#8221; use_theme_fonts=&#8221;yes&#8221; css=&#8221;.vc_custom_1676723117022{padding-top: 20px !important;}&#8221;][vc_column_text css_animation=&#8221;top-to-bottom&#8221; css=&#8221;.vc_custom_1475659383302{padding-top: 30px !important;padding-right: 20px !important;padding-bottom: 30px !important;padding-left: 0px !important;}&#8221; c_id=&#8221;.vc_1433490712097&#8243; p_css=&#8221;color:#ffffff;font-size:24px;&#8221; el_class=&#8221;txt-pastilla&#8221;]Planteamos la dinamizaci\u00f3n de centros c\u00edvicos desde la doble concepci\u00f3n que supone tener en cuenta tanto el contenido de la propuesta como el trabajo en valores.[\/vc_column_text][\/vc_column][vc_column width=&#8221;1\/3&#8243;][vc_single_image image=&#8221;6908&#8243; alignment=&#8221;center&#8221; css=&#8221;.vc_custom_1431512442875{padding-top: 30px !important;}&#8221;][vc_column_text css=&#8221;.vc_custom_1475659394336{margin-bottom: -10px !important;}&#8221; c_id=&#8221;.vc_1433490786513&#8243; p_css=&#8221;color:#020202;line-height:22px;&#8221; el_class=&#8221;txt-globo&#8221;]<\/p>\n<p style=\"text-align: center;\">Relaci\u00f3n de servicios<br \/>\ngestionados en la actualidad[\/vc_column_text][vc_icon icon_fontawesome=&#8221;fa fa-solid fa-angle-down&#8221; color=&#8221;white&#8221; align=&#8221;center&#8221; css=&#8221;&#8221;][\/vc_column][\/vc_row][vc_row anchor=&#8221;equipaments&#8221; css=&#8221;.vc_custom_1430732531518{padding-bottom: 30px !important;}&#8221;][vc_column width=&#8221;1\/4&#8243;][vc_column_text c_id=&#8221;.vc_1435046199406&#8243; h3_css=&#8221;font-size:26px;&#8221;]<\/p>\n<h3 style=\"text-align: center;\"><span style=\"color: #c1c1c1;\">ACTIVIDADES EN<\/span><\/h3>\n<p>[\/vc_column_text][\/vc_column][vc_column width=&#8221;1\/4&#8243; css=&#8221;.vc_custom_1516011169272{margin-top: 60px !important;}&#8221;][\/vc_column][vc_column width=&#8221;1\/4&#8243;][\/vc_column][vc_column width=&#8221;1\/4&#8243;][\/vc_column][\/vc_row][vc_row anchor=&#8221;equipaments&#8221; css=&#8221;.vc_custom_1430732531518{padding-bottom: 30px !important;}&#8221;][vc_column width=&#8221;1\/4&#8243;][\/vc_column][vc_column width=&#8221;1\/4&#8243; css=&#8221;.vc_custom_1516011169272{margin-top: 60px !important;}&#8221;][ivan_counter sub=&#8221;centros c\u00edvicos&#8221; animated=&#8221;yes&#8221; c_id=&#8221;.vc_1769503045841&#8243; block_css=&#8221;padding-bottom:50px;&#8221; title_css=&#8221;color:#93cbbe;font-size:60pt;&#8221; subtitle_css=&#8221;font-weight:400;color:#c1c1c1;font-size:20pt;&#8221;]84[\/ivan_counter][\/vc_column][vc_column width=&#8221;1\/4&#8243;][ivan_counter sub=&#8221;participantes&#8221; animated=&#8221;yes&#8221; separator=&#8221;.&#8221; c_id=&#8221;.vc_1769503051359&#8243; block_css=&#8221;padding-bottom:50px;&#8221; title_css=&#8221;color:#93cbbe;font-size:60pt;&#8221; subtitle_css=&#8221;font-weight:400;color:#c1c1c1;font-size:20pt;&#8221;]26361[\/ivan_counter][\/vc_column][vc_column width=&#8221;1\/4&#8243;][\/vc_column][\/vc_row]<\/p>\n<\/div>","protected":false},"excerpt":{"rendered":"<p>[vc_row m_bottom=&#8221;0&#8243; css=&#8221;.vc_custom_1584960877239{margin-bottom: 0px !important;border-bottom-width: 0px !important;padding-bottom: 0px !important;}&#8221;][vc_column css=&#8221;.vc_custom_1763390111702{margin-top: 0px !important;padding-top: 0px !important;}&#8221;][rev_slider_vc alias=&#8221;equipaments_civics_2020&#8243;][\/vc_column][\/vc_row][vc_row width=&#8221;full&#8221; bg_color_row=&#8221;#93cbbe&#8221; p_top=&#8221;20&#8243; css=&#8221;.vc_custom_1584966594998{padding-bottom: 5px !important;}&#8221;][vc_column width=&#8221;2\/3&#8243;][vc_custom_heading source=&#8221;post_title&#8221; font_container=&#8221;tag:h1|text_align:left|color:%23ffffff&#8221; use_theme_fonts=&#8221;yes&#8221; css=&#8221;.vc_custom_1676723117022{padding-top: 20px !important;}&#8221;][vc_column_text css_animation=&#8221;top-to-bottom&#8221; css=&#8221;.vc_custom_1475659383302{padding-top: 30px !important;padding-right: 20px !important;padding-bottom: 30px !important;padding-left: 0px !important;}&#8221; c_id=&#8221;.vc_1433490712097&#8243; p_css=&#8221;color:#ffffff;font-size:24px;&#8221; el_class=&#8221;txt-pastilla&#8221;]Planteamos la dinamizaci\u00f3n de centros c\u00edvicos desde la doble concepci\u00f3n que supone tener en cuenta [&hellip;]<\/p>\n","protected":false},"author":1,"featured_media":0,"parent":3574,"menu_order":0,"comment_status":"closed","ping_status":"closed","template":"","meta":{"footnotes":""},"class_list":["post-3599","page","type-page","status-publish","hentry"],"_links":{"self":[{"href":"https:\/\/estudi6.com\/es\/wp-json\/wp\/v2\/pages\/3599","targetHints":{"allow":["GET"]}}],"collection":[{"href":"https:\/\/estudi6.com\/es\/wp-json\/wp\/v2\/pages"}],"about":[{"href":"https:\/\/estudi6.com\/es\/wp-json\/wp\/v2\/types\/page"}],"author":[{"embeddable":true,"href":"https:\/\/estudi6.com\/es\/wp-json\/wp\/v2\/users\/1"}],"replies":[{"embeddable":true,"href":"https:\/\/estudi6.com\/es\/wp-json\/wp\/v2\/comments?post=3599"}],"version-history":[{"count":34,"href":"https:\/\/estudi6.com\/es\/wp-json\/wp\/v2\/pages\/3599\/revisions"}],"predecessor-version":[{"id":8137,"href":"https:\/\/estudi6.com\/es\/wp-json\/wp\/v2\/pages\/3599\/revisions\/8137"}],"up":[{"embeddable":true,"href":"https:\/\/estudi6.com\/es\/wp-json\/wp\/v2\/pages\/3574"}],"wp:attachment":[{"href":"https:\/\/estudi6.com\/es\/wp-json\/wp\/v2\/media?parent=3599"}],"curies":[{"name":"wp","href":"https:\/\/api.w.org\/{rel}","templated":true}]}}