{"id":3604,"date":"2015-06-16T08:43:44","date_gmt":"2015-06-16T07:43:44","guid":{"rendered":"https:\/\/estudi6.com\/?page_id=3604"},"modified":"2026-01-27T09:42:21","modified_gmt":"2026-01-27T08:42:21","slug":"servicios-para-mayores","status":"publish","type":"page","link":"https:\/\/estudi6.com\/es\/gestio-socioeducativa\/dinamizacion-sociocultural\/servicios-para-mayores\/","title":{"rendered":"Servicios para Personas Mayores"},"content":{"rendered":"<div class=\"wpb-content-wrapper\"><p>[vc_row m_bottom=&#8221;0&#8243; css=&#8221;.vc_custom_1584960877239{margin-bottom: 0px !important;border-bottom-width: 0px !important;padding-bottom: 0px !important;}&#8221;][vc_column css=&#8221;.vc_custom_1763390462709{margin-top: 0px !important;padding-top: 0px !important;}&#8221;][rev_slider_vc alias=&#8221;servei_gent_gran_2020&#8243;][\/vc_column][\/vc_row][vc_row width=&#8221;full&#8221; bg_color_row=&#8221;#e4ca3f&#8221; p_top=&#8221;20&#8243; css=&#8221;.vc_custom_1584963469584{padding-bottom: 5px !important;}&#8221;][vc_column width=&#8221;2\/3&#8243;][vc_custom_heading source=&#8221;post_title&#8221; font_container=&#8221;tag:h1|text_align:left|color:%23ffffff&#8221; use_theme_fonts=&#8221;yes&#8221; css=&#8221;.vc_custom_1676723219950{padding-top: 20px !important;}&#8221;][vc_column_text css_animation=&#8221;top-to-bottom&#8221; css=&#8221;.vc_custom_1584963498394{padding-top: 20px !important;padding-right: 20px !important;padding-bottom: 30px !important;padding-left: 0px !important;}&#8221; c_id=&#8221;.vc_1433490971655&#8243; p_css=&#8221;color:#ffffff;font-size:24px;&#8221; el_class=&#8221;txt-pastilla&#8221;]Cuando gestionamos servicios dirigidos a personas mayores lo hacemos con el fin de ofrecer espacios y actividades con las que puedan continuar su desarrollo, a trav\u00e9s de la acci\u00f3n, la participaci\u00f3n y la creaci\u00f3n\u2026 y a la vez alimentarnos de los valores que nos aportan.[\/vc_column_text][\/vc_column][vc_column width=&#8221;1\/3&#8243; css=&#8221;.vc_custom_1431513184012{padding-bottom: 5px !important;}&#8221;][vc_single_image image=&#8221;6908&#8243; alignment=&#8221;center&#8221; css=&#8221;.vc_custom_1431513195589{padding-top: 30px !important;}&#8221;][vc_column_text css=&#8221;.vc_custom_1472804351735{margin-bottom: -10px !important;}&#8221; c_id=&#8221;.vc_1433491023243&#8243; p_css=&#8221;color:#020202;line-height:22px;&#8221; el_class=&#8221;txt-globo&#8221;]<\/p>\n<p style=\"text-align: center;\">Relaci\u00f3n de servicios<br \/>\ngestionados en la actualidad[\/vc_column_text][vc_icon icon_fontawesome=&#8221;fa fa-solid fa-angle-down&#8221; color=&#8221;white&#8221; align=&#8221;center&#8221; css=&#8221;&#8221;][\/vc_column][\/vc_row][vc_row css=&#8221;.vc_custom_1429611496918{padding-bottom: 30px !important;}&#8221;][vc_column width=&#8221;1\/4&#8243;][vc_column_text]<\/p>\n<h3 style=\"text-align: center;\"><span style=\"color: #c1c1c1;\">ACTIVIDADES EN<\/span><\/h3>\n<p>[\/vc_column_text][\/vc_column][vc_column width=&#8221;1\/4&#8243;][\/vc_column][vc_column width=&#8221;1\/4&#8243;][\/vc_column][vc_column width=&#8221;1\/4&#8243;][\/vc_column][\/vc_row][vc_row css=&#8221;.vc_custom_1429611496918{padding-bottom: 30px !important;}&#8221;][vc_column width=&#8221;1\/3&#8243;][ivan_counter sub=&#8221;centros de actividades&#8221; animated=&#8221;yes&#8221; c_id=&#8221;.vc_1613467917290&#8243; block_css=&#8221;padding-top:0px;padding-bottom:50px;&#8221; title_css=&#8221;color:#e4ca3f;font-size:60pt;&#8221; subtitle_css=&#8221;font-weight:400;color:#c1c1c1;font-size:20pt;&#8221;]1[\/ivan_counter][\/vc_column][vc_column width=&#8221;1\/3&#8243;][ivan_counter sub=&#8221;talleres&#8221; animated=&#8221;yes&#8221; c_id=&#8221;.vc_1613467922690&#8243; block_css=&#8221;padding-top:0px;padding-bottom:50px;&#8221; title_css=&#8221;color:#e4ca3f;font-size:60pt;&#8221; subtitle_css=&#8221;font-weight:400;color:#c1c1c1;font-size:20pt;&#8221;]10[\/ivan_counter][\/vc_column][vc_column width=&#8221;1\/3&#8243;][ivan_counter sub=&#8221;programa de soporte a la vivienda social&#8221; animated=&#8221;yes&#8221; c_id=&#8221;.vc_1613467927584&#8243; block_css=&#8221;padding-bottom:50px;&#8221; title_css=&#8221;color:#e4ca3f;font-size:60pt;&#8221; subtitle_css=&#8221;font-weight:400;color:#c1c1c1;font-size:20pt;&#8221;]1[\/ivan_counter][\/vc_column][\/vc_row][vc_row css=&#8221;.vc_custom_1429611496918{padding-bottom: 30px !important;}&#8221;][vc_column width=&#8221;1\/3&#8243;][ivan_counter sub=&#8221;Centro de d\u00eda&#8221; animated=&#8221;yes&#8221; c_id=&#8221;.vc_1676723294638&#8243; block_css=&#8221;padding-bottom:50px;&#8221; title_css=&#8221;color:#e4ca3f;font-size:60pt;&#8221; subtitle_css=&#8221;font-weight:400;color:#c1c1c1;font-size:20pt;&#8221;]1[\/ivan_counter][\/vc_column][vc_column width=&#8221;1\/3&#8243;][ivan_counter sub=&#8221;usuarios&#8221; animated=&#8221;yes&#8221; separator=&#8221;.&#8221; c_id=&#8221;.vc_1676723308138&#8243; block_css=&#8221;padding-bottom:50px;&#8221; title_css=&#8221;color:#e4ca3f;font-size:60pt;&#8221; subtitle_css=&#8221;font-weight:400;color:#c1c1c1;font-size:20pt;&#8221;]350[\/ivan_counter][\/vc_column][vc_column width=&#8221;1\/3&#8243;][\/vc_column][\/vc_row]<\/p>\n<\/div>","protected":false},"excerpt":{"rendered":"<p>[vc_row m_bottom=&#8221;0&#8243; css=&#8221;.vc_custom_1584960877239{margin-bottom: 0px !important;border-bottom-width: 0px !important;padding-bottom: 0px !important;}&#8221;][vc_column css=&#8221;.vc_custom_1763390462709{margin-top: 0px !important;padding-top: 0px !important;}&#8221;][rev_slider_vc alias=&#8221;servei_gent_gran_2020&#8243;][\/vc_column][\/vc_row][vc_row width=&#8221;full&#8221; bg_color_row=&#8221;#e4ca3f&#8221; p_top=&#8221;20&#8243; css=&#8221;.vc_custom_1584963469584{padding-bottom: 5px !important;}&#8221;][vc_column width=&#8221;2\/3&#8243;][vc_custom_heading source=&#8221;post_title&#8221; font_container=&#8221;tag:h1|text_align:left|color:%23ffffff&#8221; use_theme_fonts=&#8221;yes&#8221; css=&#8221;.vc_custom_1676723219950{padding-top: 20px !important;}&#8221;][vc_column_text css_animation=&#8221;top-to-bottom&#8221; css=&#8221;.vc_custom_1584963498394{padding-top: 20px !important;padding-right: 20px !important;padding-bottom: 30px !important;padding-left: 0px !important;}&#8221; c_id=&#8221;.vc_1433490971655&#8243; p_css=&#8221;color:#ffffff;font-size:24px;&#8221; el_class=&#8221;txt-pastilla&#8221;]Cuando gestionamos servicios dirigidos a personas mayores lo hacemos con el fin de ofrecer espacios [&hellip;]<\/p>\n","protected":false},"author":1,"featured_media":0,"parent":3574,"menu_order":0,"comment_status":"closed","ping_status":"closed","template":"","meta":{"footnotes":""},"class_list":["post-3604","page","type-page","status-publish","hentry"],"_links":{"self":[{"href":"https:\/\/estudi6.com\/es\/wp-json\/wp\/v2\/pages\/3604","targetHints":{"allow":["GET"]}}],"collection":[{"href":"https:\/\/estudi6.com\/es\/wp-json\/wp\/v2\/pages"}],"about":[{"href":"https:\/\/estudi6.com\/es\/wp-json\/wp\/v2\/types\/page"}],"author":[{"embeddable":true,"href":"https:\/\/estudi6.com\/es\/wp-json\/wp\/v2\/users\/1"}],"replies":[{"embeddable":true,"href":"https:\/\/estudi6.com\/es\/wp-json\/wp\/v2\/comments?post=3604"}],"version-history":[{"count":31,"href":"https:\/\/estudi6.com\/es\/wp-json\/wp\/v2\/pages\/3604\/revisions"}],"predecessor-version":[{"id":7432,"href":"https:\/\/estudi6.com\/es\/wp-json\/wp\/v2\/pages\/3604\/revisions\/7432"}],"up":[{"embeddable":true,"href":"https:\/\/estudi6.com\/es\/wp-json\/wp\/v2\/pages\/3574"}],"wp:attachment":[{"href":"https:\/\/estudi6.com\/es\/wp-json\/wp\/v2\/media?parent=3604"}],"curies":[{"name":"wp","href":"https:\/\/api.w.org\/{rel}","templated":true}]}}