{"id":3614,"date":"2015-06-16T08:48:00","date_gmt":"2015-06-16T07:48:00","guid":{"rendered":"https:\/\/estudi6.com\/?page_id=3614"},"modified":"2026-01-27T09:26:44","modified_gmt":"2026-01-27T08:26:44","slug":"dinamizacion-juvenil","status":"publish","type":"page","link":"https:\/\/estudi6.com\/es\/gestio-socioeducativa\/dinamizacion-sociocultural\/dinamizacion-juvenil\/","title":{"rendered":"Iniciativas Juveniles"},"content":{"rendered":"<div class=\"wpb-content-wrapper\"><p>[vc_row m_bottom=&#8221;0&#8243; css=&#8221;.vc_custom_1584960877239{margin-bottom: 0px !important;border-bottom-width: 0px !important;padding-bottom: 0px !important;}&#8221;][vc_column css=&#8221;.vc_custom_1763390171553{margin-top: 0px !important;padding-top: 0px !important;}&#8221;][rev_slider_vc alias=&#8221;dinamitzacio_juvenil_2020&#8243;][\/vc_column][\/vc_row][vc_row width=&#8221;full&#8221; bg_color_row=&#8221;#5db5e5&#8243; p_top=&#8221;20&#8243; css=&#8221;.vc_custom_1584965456553{padding-bottom: 5px !important;}&#8221;][vc_column width=&#8221;2\/3&#8243;][vc_custom_heading source=&#8221;post_title&#8221; font_container=&#8221;tag:h1|text_align:left|color:%23ffffff&#8221; use_theme_fonts=&#8221;yes&#8221; css=&#8221;.vc_custom_1676722971187{padding-top: 20px !important;}&#8221;][vc_column_text css_animation=&#8221;top-to-bottom&#8221; css=&#8221;.vc_custom_1584965465057{padding-top: 20px !important;padding-right: 20px !important;padding-bottom: 30px !important;padding-left: 0px !important;}&#8221; c_id=&#8221;.vc_1433491279396&#8243; p_css=&#8221;color:#ffffff;font-size:24px;&#8221; el_class=&#8221;txt-pastilla&#8221;]Estudi 6 desarrolla programas de dinamizaci\u00f3n juvenil que promueven la participaci\u00f3n activa de la juventud, fomentando sus iniciativas y ofreci\u00e9ndoles recursos para su formaci\u00f3n integral.[\/vc_column_text][\/vc_column][vc_column width=&#8221;1\/3&#8243; css=&#8221;.vc_custom_1431512885164{padding-bottom: 5px !important;}&#8221;][vc_single_image image=&#8221;6908&#8243; alignment=&#8221;center&#8221; css=&#8221;.vc_custom_1431512893672{padding-top: 30px !important;}&#8221;][vc_column_text css=&#8221;.vc_custom_1472803846888{margin-bottom: -10px !important;}&#8221; c_id=&#8221;.vc_1433491296094&#8243; p_css=&#8221;color:#020202;line-height:22px;&#8221; el_class=&#8221;txt-globo&#8221;]<\/p>\n<p style=\"text-align: center;\">Relaci\u00f3n de servicios<br \/>\ngestionados en la actualidad[\/vc_column_text][vc_icon icon_fontawesome=&#8221;fa fa-solid fa-angle-down&#8221; color=&#8221;white&#8221; align=&#8221;center&#8221; css=&#8221;&#8221;][\/vc_column][\/vc_row][vc_row css=&#8221;.vc_custom_1429611496918{padding-bottom: 30px !important;}&#8221;][vc_column width=&#8221;1\/4&#8243;][\/vc_column][vc_column width=&#8221;1\/4&#8243;][ivan_counter sub=&#8221;centros de dinamizaci\u00f3n juvenil&#8221; animated=&#8221;yes&#8221; c_id=&#8221;.vc_1769502372314&#8243; title_css=&#8221;color:#5db5e5;font-size:60pt;&#8221; subtitle_css=&#8221;font-weight:400;color:#c1c1c1;font-size:20pt;&#8221;]11[\/ivan_counter][\/vc_column][vc_column width=&#8221;1\/4&#8243;][ivan_counter sub=&#8221;usuarios&#8221; animated=&#8221;yes&#8221; separator=&#8221;.&#8221; c_id=&#8221;.vc_1769502378466&#8243; title_css=&#8221;color:#5db5e5;font-size:60pt;&#8221; subtitle_css=&#8221;font-weight:400;color:#c1c1c1;font-size:20pt;&#8221;]2348[\/ivan_counter][\/vc_column][vc_column width=&#8221;1\/4&#8243;][\/vc_column][\/vc_row][vc_row width=&#8221;full&#8221; bg_color_row=&#8221;#eaeaea&#8221; p_top=&#8221;40px&#8221; p_bottom=&#8221;60px&#8221; m_bottom=&#8221;0&#8243; cut_top=&#8221;top-right&#8221; cut_top_h=&#8221;40&#8243;][vc_column width=&#8221;1\/2&#8243; css=&#8221;.vc_custom_1445847539487{padding-right: 50px !important;}&#8221;][vc_column_text c_id=&#8221;.vc_1445848832498&#8243;]El pasado 9 de mayo, el Centre Universitari de Calvi\u00e0 (CUC) llev\u00f3 a cabo las segundas Jornadas de Orientaci\u00f3n Vocacional: Planifica tu aventura, una actividad dirigida a los alumnos de 4\u00ba de ESO del IES del municipio de Calvi\u00e0.<\/p>\n<p>El CUC es un servicio gestionado por ESTUDI 6, bajo la direcci\u00f3n del Ayuntamiento de Calvi\u00e0.<\/p>\n<p><em>Im\u00e1genes cedidas por IB3 TV<\/em>[\/vc_column_text][\/vc_column][vc_column width=&#8221;1\/2&#8243;][vc_video link=&#8221;https:\/\/youtu.be\/hmBnJHshn48&#8243;][\/vc_column][\/vc_row]<\/p>\n<\/div>","protected":false},"excerpt":{"rendered":"<p>[vc_row m_bottom=&#8221;0&#8243; css=&#8221;.vc_custom_1584960877239{margin-bottom: 0px !important;border-bottom-width: 0px !important;padding-bottom: 0px !important;}&#8221;][vc_column css=&#8221;.vc_custom_1763390171553{margin-top: 0px !important;padding-top: 0px !important;}&#8221;][rev_slider_vc alias=&#8221;dinamitzacio_juvenil_2020&#8243;][\/vc_column][\/vc_row][vc_row width=&#8221;full&#8221; bg_color_row=&#8221;#5db5e5&#8243; p_top=&#8221;20&#8243; css=&#8221;.vc_custom_1584965456553{padding-bottom: 5px !important;}&#8221;][vc_column width=&#8221;2\/3&#8243;][vc_custom_heading source=&#8221;post_title&#8221; font_container=&#8221;tag:h1|text_align:left|color:%23ffffff&#8221; use_theme_fonts=&#8221;yes&#8221; css=&#8221;.vc_custom_1676722971187{padding-top: 20px !important;}&#8221;][vc_column_text css_animation=&#8221;top-to-bottom&#8221; css=&#8221;.vc_custom_1584965465057{padding-top: 20px !important;padding-right: 20px !important;padding-bottom: 30px !important;padding-left: 0px !important;}&#8221; c_id=&#8221;.vc_1433491279396&#8243; p_css=&#8221;color:#ffffff;font-size:24px;&#8221; el_class=&#8221;txt-pastilla&#8221;]Estudi 6 desarrolla programas de dinamizaci\u00f3n juvenil que promueven la participaci\u00f3n activa de la juventud, [&hellip;]<\/p>\n","protected":false},"author":1,"featured_media":0,"parent":3574,"menu_order":0,"comment_status":"closed","ping_status":"closed","template":"","meta":{"footnotes":""},"class_list":["post-3614","page","type-page","status-publish","hentry"],"_links":{"self":[{"href":"https:\/\/estudi6.com\/es\/wp-json\/wp\/v2\/pages\/3614","targetHints":{"allow":["GET"]}}],"collection":[{"href":"https:\/\/estudi6.com\/es\/wp-json\/wp\/v2\/pages"}],"about":[{"href":"https:\/\/estudi6.com\/es\/wp-json\/wp\/v2\/types\/page"}],"author":[{"embeddable":true,"href":"https:\/\/estudi6.com\/es\/wp-json\/wp\/v2\/users\/1"}],"replies":[{"embeddable":true,"href":"https:\/\/estudi6.com\/es\/wp-json\/wp\/v2\/comments?post=3614"}],"version-history":[{"count":30,"href":"https:\/\/estudi6.com\/es\/wp-json\/wp\/v2\/pages\/3614\/revisions"}],"predecessor-version":[{"id":8128,"href":"https:\/\/estudi6.com\/es\/wp-json\/wp\/v2\/pages\/3614\/revisions\/8128"}],"up":[{"embeddable":true,"href":"https:\/\/estudi6.com\/es\/wp-json\/wp\/v2\/pages\/3574"}],"wp:attachment":[{"href":"https:\/\/estudi6.com\/es\/wp-json\/wp\/v2\/media?parent=3614"}],"curies":[{"name":"wp","href":"https:\/\/api.w.org\/{rel}","templated":true}]}}