{"id":3620,"date":"2015-06-16T08:56:28","date_gmt":"2015-06-16T07:56:28","guid":{"rendered":"https:\/\/estudi6.com\/?page_id=3620"},"modified":"2026-01-26T10:23:51","modified_gmt":"2026-01-26T09:23:51","slug":"educacion-infantil-0-3-anos","status":"publish","type":"page","link":"https:\/\/estudi6.com\/es\/gestio-socioeducativa\/educacion-infantil-0-3-anos\/","title":{"rendered":"Educaci\u00f3n infantil 0 \u2013 3 a\u00f1os"},"content":{"rendered":"<div class=\"wpb-content-wrapper\"><p>[vc_row m_bottom=&#8221;0&#8243; css=&#8221;.vc_custom_1584960877239{margin-bottom: 0px !important;border-bottom-width: 0px !important;padding-bottom: 0px !important;}&#8221;][vc_column][rev_slider_vc alias=&#8221;educacin-infantil&#8221;][\/vc_column][\/vc_row][vc_row width=&#8221;full&#8221; bg_color_row=&#8221;#00b4c5&#8243; p_top=&#8221;20&#8243; m_bottom=&#8221;0&#8243; css=&#8221;.vc_custom_1768817999554{margin-bottom: 0px !important;padding-bottom: 5px !important;}&#8221;][vc_column width=&#8221;2\/3&#8243;][vc_custom_heading source=&#8221;post_title&#8221; font_container=&#8221;tag:h1|text_align:left|color:%23ffffff&#8221; use_theme_fonts=&#8221;yes&#8221; css=&#8221;.vc_custom_1584699398525{padding-top: 30px !important;}&#8221;][vc_column_text css_animation=&#8221;top-to-bottom&#8221; css=&#8221;.vc_custom_1472803331243{padding-top: 30px !important;padding-right: 20px !important;padding-bottom: 30px !important;padding-left: 0px !important;}&#8221; c_id=&#8221;.vc_1431513269118&#8243; p_css=&#8221;color:#ffffff;font-size:24px;&#8221; el_class=&#8221;txt-pastilla&#8221;]<\/p>\n<p style=\"text-align: left;\">Las escuelas infantiles 0-3 a\u00f1os que gestiona Estudi 6 se caracterizan por una atenci\u00f3n a les necesidades individuales, generando un ambiente agradable y seguro. Son escuelas arraigadas al entorno que tienen como objetivo facilitar el desarrollo integral, la socializaci\u00f3n y la autonom\u00eda de las ni\u00f1as y los ni\u00f1os.<\/p>\n<p>[\/vc_column_text][\/vc_column][vc_column width=&#8221;1\/3&#8243; css=&#8221;.vc_custom_1431513278721{padding-bottom: 5px !important;}&#8221;][vc_single_image image=&#8221;6908&#8243; alignment=&#8221;center&#8221; css=&#8221;.vc_custom_1431513284764{padding-top: 30px !important;}&#8221;][vc_column_text css=&#8221;.vc_custom_1472803339835{margin-bottom: -10px !important;}&#8221; c_id=&#8221;.vc_1431513290914&#8243; p_css=&#8221;color:#020202;line-height:22px;&#8221; el_class=&#8221;txt-globo&#8221;]<\/p>\n<p style=\"text-align: center;\">Relaci\u00f3n de servicios<br \/>\ngestionados en la actualidad<\/p>\n<p>[\/vc_column_text][vc_icon icon_fontawesome=&#8221;fa fa-solid fa-angle-down&#8221; color=&#8221;white&#8221; align=&#8221;center&#8221; css=&#8221;.vc_custom_1768820680762{padding-top: 10px !important;}&#8221;][\/vc_column][\/vc_row][vc_row content_placement=&#8221;top&#8221; css=&#8221;.vc_custom_1768820629329{margin-bottom: 0px !important;padding-top: 30px !important;padding-bottom: 30px !important;}&#8221;][vc_column width=&#8221;1\/4&#8243; css=&#8221;.vc_custom_1768818706830{padding-bottom: 50px !important;}&#8221;][\/vc_column][vc_column width=&#8221;1\/4&#8243;][ivan_counter sub=&#8221;ESCUELAS INFANTILES 0 A 3 A\u00d1OS&#8221; animated=&#8221;yes&#8221; c_id=&#8221;.vc_1768817051490&#8243; title_css=&#8221;color:#00b4c5;font-size:60pt;&#8221; subtitle_css=&#8221;font-weight:400;color:#c1c1c1;font-size:20pt;&#8221;]14[\/ivan_counter][\/vc_column][vc_column width=&#8221;1\/4&#8243;][ivan_counter sub=&#8221;ni\u00f1os\/as&#8221; animated=&#8221;yes&#8221; separator=&#8221;.&#8221; c_id=&#8221;.vc_1768817060608&#8243; title_css=&#8221;color:#00b4c5;font-size:60pt;&#8221; subtitle_css=&#8221;font-weight:400;color:#c1c1c1;font-size:20pt;&#8221;]947[\/ivan_counter][\/vc_column][vc_column width=&#8221;1\/4&#8243;][\/vc_column][\/vc_row][vc_section disable_element=&#8221;yes&#8221;][vc_row disable_element=&#8221;yes&#8221; css=&#8221;.vc_custom_1768818845004{padding-bottom: 30px !important;}&#8221;][vc_column width=&#8221;2\/3&#8243;][vc_single_image image=&#8221;7382&#8243; img_size=&#8221;full&#8221; alignment=&#8221;center&#8221;][\/vc_column][vc_column width=&#8221;1\/3&#8243;][ivan_counter sub=&#8221;ESCUELAS INFANTILES 0 A 3 A\u00d1OS&#8221; animated=&#8221;yes&#8221; c_id=&#8221;.vc_1613464097751&#8243; block_css=&#8221;padding-top:50px;padding-bottom:50px;&#8221; title_css=&#8221;color:#00b4c5;font-size:60pt;&#8221; subtitle_css=&#8221;font-weight:400;color:#c1c1c1;font-size:20pt;&#8221;]14[\/ivan_counter][ivan_counter sub=&#8221;infants&#8221; animated=&#8221;yes&#8221; separator=&#8221;.&#8221; c_id=&#8221;.vc_1763125841878&#8243; block_css=&#8221;padding-bottom:40px;&#8221; title_css=&#8221;color:#00b4c5;font-size:60pt;&#8221; subtitle_css=&#8221;font-weight:400;color:#c1c1c1;font-size:20pt;&#8221;]947[\/ivan_counter][\/vc_column][\/vc_row][vc_row content_placement=&#8221;top&#8221; css=&#8221;.vc_custom_1769082373831{padding-bottom: 30px !important;}&#8221;][vc_column width=&#8221;1\/3&#8243; css=&#8221;.vc_custom_1768818706830{padding-bottom: 50px !important;}&#8221;][ivan_icon_box icon_style=&#8221;normal&#8221; icon_pos=&#8221;left-title&#8221; size=&#8221;fa-3x&#8221; title=&#8221;Relaci\u00f3n de servicios gestionados en la actualidad&#8221; c_id=&#8221;.vc_1769083155354&#8243; ico=&#8221;earth&#8221; el_class=&#8221;txt-globo&#8221;][\/ivan_icon_box][\/vc_column][vc_column width=&#8221;1\/3&#8243;][ivan_counter sub=&#8221;ESCUELAS INFANTILES 0 A 3 A\u00d1OS&#8221; animated=&#8221;yes&#8221; c_id=&#8221;.vc_1768817051490&#8243; title_css=&#8221;color:#00b4c5;font-size:60pt;&#8221; subtitle_css=&#8221;font-weight:400;color:#c1c1c1;font-size:20pt;&#8221;]14[\/ivan_counter][\/vc_column][vc_column width=&#8221;1\/3&#8243;][ivan_counter sub=&#8221;ni\u00f1os\/as&#8221; animated=&#8221;yes&#8221; separator=&#8221;.&#8221; c_id=&#8221;.vc_1768817060608&#8243; title_css=&#8221;color:#00b4c5;font-size:60pt;&#8221; subtitle_css=&#8221;font-weight:400;color:#c1c1c1;font-size:20pt;&#8221;]947[\/ivan_counter][\/vc_column][\/vc_row][vc_row disable_element=&#8221;yes&#8221; width=&#8221;full&#8221; bg_color_row=&#8221;#00b4c5&#8243; p_top=&#8221;20&#8243; css=&#8221;.vc_custom_1768818666086{padding-bottom: 5px !important;}&#8221;][vc_column width=&#8221;2\/3&#8243;][vc_custom_heading source=&#8221;post_title&#8221; font_container=&#8221;tag:h1|text_align:left|color:%23ffffff&#8221; use_theme_fonts=&#8221;yes&#8221; css=&#8221;.vc_custom_1584699398525{padding-top: 30px !important;}&#8221;][vc_column_text css_animation=&#8221;top-to-bottom&#8221; css=&#8221;.vc_custom_1472803331243{padding-top: 30px !important;padding-right: 20px !important;padding-bottom: 30px !important;padding-left: 0px !important;}&#8221; c_id=&#8221;.vc_1431513269118&#8243; p_css=&#8221;color:#ffffff;font-size:24px;&#8221; el_class=&#8221;txt-pastilla&#8221;]<\/p>\n<p style=\"text-align: left;\">Las escuelas infantiles 0-3 a\u00f1os que gestiona Estudi 6 se caracterizan por una atenci\u00f3n a les necesidades individuales, generando un ambiente agradable y seguro. Son escuelas arraigadas al entorno que tienen como objetivo facilitar el desarrollo integral, la socializaci\u00f3n y la autonom\u00eda de las ni\u00f1as y los ni\u00f1os.<\/p>\n<p>[\/vc_column_text][\/vc_column][vc_column width=&#8221;1\/3&#8243; css=&#8221;.vc_custom_1431513278721{padding-bottom: 5px !important;}&#8221;][vc_single_image image=&#8221;6908&#8243; alignment=&#8221;center&#8221; css=&#8221;.vc_custom_1431513284764{padding-top: 30px !important;}&#8221;][vc_column_text css=&#8221;.vc_custom_1472803339835{margin-bottom: -10px !important;}&#8221; c_id=&#8221;.vc_1431513290914&#8243; p_css=&#8221;color:#020202;line-height:22px;&#8221; el_class=&#8221;txt-globo&#8221;]<\/p>\n<p style=\"text-align: center;\">Relaci\u00f3n de servicios<br \/>\ngestionados en la actualidad<\/p>\n<p>[\/vc_column_text][\/vc_column][\/vc_row][\/vc_section]<\/p>\n<\/div>","protected":false},"excerpt":{"rendered":"<p>[vc_row m_bottom=&#8221;0&#8243; css=&#8221;.vc_custom_1584960877239{margin-bottom: 0px !important;border-bottom-width: 0px !important;padding-bottom: 0px !important;}&#8221;][vc_column][rev_slider_vc alias=&#8221;educacin-infantil&#8221;][\/vc_column][\/vc_row][vc_row width=&#8221;full&#8221; bg_color_row=&#8221;#00b4c5&#8243; p_top=&#8221;20&#8243; m_bottom=&#8221;0&#8243; css=&#8221;.vc_custom_1768817999554{margin-bottom: 0px !important;padding-bottom: 5px !important;}&#8221;][vc_column width=&#8221;2\/3&#8243;][vc_custom_heading source=&#8221;post_title&#8221; font_container=&#8221;tag:h1|text_align:left|color:%23ffffff&#8221; use_theme_fonts=&#8221;yes&#8221; css=&#8221;.vc_custom_1584699398525{padding-top: 30px !important;}&#8221;][vc_column_text css_animation=&#8221;top-to-bottom&#8221; css=&#8221;.vc_custom_1472803331243{padding-top: 30px !important;padding-right: 20px !important;padding-bottom: 30px !important;padding-left: 0px !important;}&#8221; c_id=&#8221;.vc_1431513269118&#8243; p_css=&#8221;color:#ffffff;font-size:24px;&#8221; el_class=&#8221;txt-pastilla&#8221;] Las escuelas infantiles 0-3 a\u00f1os que gestiona Estudi 6 se caracterizan por una atenci\u00f3n a les [&hellip;]<\/p>\n","protected":false},"author":1,"featured_media":0,"parent":3277,"menu_order":0,"comment_status":"closed","ping_status":"closed","template":"","meta":{"footnotes":""},"class_list":["post-3620","page","type-page","status-publish","hentry"],"_links":{"self":[{"href":"https:\/\/estudi6.com\/es\/wp-json\/wp\/v2\/pages\/3620","targetHints":{"allow":["GET"]}}],"collection":[{"href":"https:\/\/estudi6.com\/es\/wp-json\/wp\/v2\/pages"}],"about":[{"href":"https:\/\/estudi6.com\/es\/wp-json\/wp\/v2\/types\/page"}],"author":[{"embeddable":true,"href":"https:\/\/estudi6.com\/es\/wp-json\/wp\/v2\/users\/1"}],"replies":[{"embeddable":true,"href":"https:\/\/estudi6.com\/es\/wp-json\/wp\/v2\/comments?post=3620"}],"version-history":[{"count":19,"href":"https:\/\/estudi6.com\/es\/wp-json\/wp\/v2\/pages\/3620\/revisions"}],"predecessor-version":[{"id":8084,"href":"https:\/\/estudi6.com\/es\/wp-json\/wp\/v2\/pages\/3620\/revisions\/8084"}],"up":[{"embeddable":true,"href":"https:\/\/estudi6.com\/es\/wp-json\/wp\/v2\/pages\/3277"}],"wp:attachment":[{"href":"https:\/\/estudi6.com\/es\/wp-json\/wp\/v2\/media?parent=3620"}],"curies":[{"name":"wp","href":"https:\/\/api.w.org\/{rel}","templated":true}]}}