{"id":4170,"date":"2016-02-24T12:09:50","date_gmt":"2016-02-24T11:09:50","guid":{"rendered":"https:\/\/estudi6.com\/?page_id=4170"},"modified":"2026-01-26T13:40:00","modified_gmt":"2026-01-26T12:40:00","slug":"actividades-ludicas-infantiles","status":"publish","type":"page","link":"https:\/\/estudi6.com\/es\/gestio-socioeducativa\/dinamizacion-sociocultural\/actividades-ludicas-infantiles\/","title":{"rendered":"Actividades l\u00fadicas y de descubrimiento infantil"},"content":{"rendered":"<div class=\"wpb-content-wrapper\"><p>[vc_row m_bottom=&#8221;0&#8243; css=&#8221;.vc_custom_1584960877239{margin-bottom: 0px !important;border-bottom-width: 0px !important;padding-bottom: 0px !important;}&#8221;][vc_column][rev_slider_vc alias=&#8221;activistas_infants_2020&#8243;][\/vc_column][\/vc_row][vc_row width=&#8221;full&#8221; bg_color_row=&#8221;#ea7b70&#8243; p_top=&#8221;30&#8243; css=&#8221;.vc_custom_1584967135285{padding-top: 20px !important;padding-bottom: 5px !important;}&#8221;][vc_column width=&#8221;2\/3&#8243;][vc_custom_heading source=&#8221;post_title&#8221; font_container=&#8221;tag:h1|text_align:left|color:%23ffffff&#8221; use_theme_fonts=&#8221;yes&#8221; css=&#8221;.vc_custom_1676724232335{padding-top: 20px !important;}&#8221;][vc_column_text css_animation=&#8221;top-to-bottom&#8221; css=&#8221;.vc_custom_1584967020204{padding-top: 20px !important;padding-right: 20px !important;padding-bottom: 50px !important;padding-left: 0px !important;}&#8221; c_id=&#8221;.vc_1456312133831&#8243; p_css=&#8221;color:#ffffff;font-size:24px;&#8221; el_class=&#8221;txt-pastilla&#8221;]Gestionamos actividades l\u00fadicas y actividades de descubrimiento para favorecer una intervenci\u00f3n educativa integral de los ni\u00f1os mediante el juego, la lectura y la educaci\u00f3n en valores.[\/vc_column_text][\/vc_column][vc_column width=&#8221;1\/3&#8243; css=&#8221;.vc_custom_1456308914030{padding-bottom: 0px !important;}&#8221;][vc_single_image image=&#8221;6908&#8243; alignment=&#8221;center&#8221; css=&#8221;.vc_custom_1456308273965{padding-top: 30px !important;}&#8221;][vc_column_text css=&#8221;.vc_custom_1472804009285{margin-bottom: -10px !important;}&#8221; c_id=&#8221;.vc_1456312158316&#8243; p_css=&#8221;color:#020202;line-height:22px;&#8221; el_class=&#8221;txt-globo&#8221;]<\/p>\n<p style=\"text-align: center;\">Relaci\u00f3n de servicios<br \/>\ngestionados en la actualidad[\/vc_column_text][vc_icon icon_fontawesome=&#8221;fa fa-solid fa-angle-down&#8221; color=&#8221;white&#8221; align=&#8221;center&#8221; css=&#8221;&#8221;][\/vc_column][\/vc_row][vc_row css=&#8221;.vc_custom_1429611496918{padding-bottom: 30px !important;}&#8221;][vc_column width=&#8221;1\/4&#8243;][\/vc_column][vc_column width=&#8221;1\/4&#8243;][ivan_counter sub=&#8221;centros c\u00edvicos<br \/>\n(con actividades para ni\u00f1os en Catalu\u00f1a)&#8221; animated=&#8221;yes&#8221; c_id=&#8221;.vc_1769431175588&#8243; title_css=&#8221;color:#ea7b70;font-size:60pt;&#8221; subtitle_css=&#8221;font-weight:400;color:#c1c1c1;font-size:20pt;&#8221;]17[\/ivan_counter][\/vc_column][vc_column width=&#8221;1\/4&#8243;][ivan_counter sub=&#8221;usuarios&#8221; animated=&#8221;yes&#8221; separator=&#8221;.&#8221; decimal=&#8221;.&#8221; c_id=&#8221;.vc_1763389437276&#8243; block_css=&#8221;padding-bottom:40px;&#8221; title_css=&#8221;color:#ea7b70;font-size:60pt;&#8221; subtitle_css=&#8221;font-weight:400;color:#c1c1c1;font-size:20pt;&#8221;]1110[\/ivan_counter][\/vc_column][vc_column width=&#8221;1\/4&#8243;][\/vc_column][\/vc_row][vc_row width=&#8221;full&#8221; bg_color_row=&#8221;#eaeaea&#8221; p_top=&#8221;40px&#8221; p_bottom=&#8221;60px&#8221; m_bottom=&#8221;0&#8243; cut_top=&#8221;top-right&#8221; cut_top_h=&#8221;40&#8243;][vc_column width=&#8221;1\/2&#8243; css=&#8221;.vc_custom_1445847539487{padding-right: 50px !important;}&#8221;][vc_column_text c_id=&#8221;.vc_1456479273250&#8243;]Reportaje de los 20 a\u00f1os en activo del programa socio-educativo &#8220;Jugar i Llegir&#8221;, en el Centro C\u00edvico de Canovelles ( Vall\u00e9s Oriental), de la Generalitat de Catalunya, gestionado por Estudi6.<\/p>\n<p><em>TV p\u00fablica del Vall\u00e9s Oriental.<\/em><\/p>\n<p>El programa &#8220;Jugar i Llegir&#8221; contribuye en el desarrollo integral de los ni\u00f1os y ni\u00f1as mediante el juego, la lectura y la educaci\u00f3n en valores.[\/vc_column_text][\/vc_column][vc_column width=&#8221;1\/2&#8243;][vc_video link=&#8221;https:\/\/www.youtube.com\/watch?v=4CLUbYkoTOU&amp;feature=youtu.be&#8221;][\/vc_column][\/vc_row]<\/p>\n<\/div>","protected":false},"excerpt":{"rendered":"<p>[vc_row m_bottom=&#8221;0&#8243; css=&#8221;.vc_custom_1584960877239{margin-bottom: 0px !important;border-bottom-width: 0px !important;padding-bottom: 0px !important;}&#8221;][vc_column][rev_slider_vc alias=&#8221;activistas_infants_2020&#8243;][\/vc_column][\/vc_row][vc_row width=&#8221;full&#8221; bg_color_row=&#8221;#ea7b70&#8243; p_top=&#8221;30&#8243; css=&#8221;.vc_custom_1584967135285{padding-top: 20px !important;padding-bottom: 5px !important;}&#8221;][vc_column width=&#8221;2\/3&#8243;][vc_custom_heading source=&#8221;post_title&#8221; font_container=&#8221;tag:h1|text_align:left|color:%23ffffff&#8221; use_theme_fonts=&#8221;yes&#8221; css=&#8221;.vc_custom_1676724232335{padding-top: 20px !important;}&#8221;][vc_column_text css_animation=&#8221;top-to-bottom&#8221; css=&#8221;.vc_custom_1584967020204{padding-top: 20px !important;padding-right: 20px !important;padding-bottom: 50px !important;padding-left: 0px !important;}&#8221; c_id=&#8221;.vc_1456312133831&#8243; p_css=&#8221;color:#ffffff;font-size:24px;&#8221; el_class=&#8221;txt-pastilla&#8221;]Gestionamos actividades l\u00fadicas y actividades de descubrimiento para favorecer una intervenci\u00f3n educativa integral de los ni\u00f1os mediante el [&hellip;]<\/p>\n","protected":false},"author":1,"featured_media":0,"parent":3574,"menu_order":0,"comment_status":"closed","ping_status":"closed","template":"","meta":{"footnotes":""},"class_list":["post-4170","page","type-page","status-publish","hentry"],"_links":{"self":[{"href":"https:\/\/estudi6.com\/es\/wp-json\/wp\/v2\/pages\/4170","targetHints":{"allow":["GET"]}}],"collection":[{"href":"https:\/\/estudi6.com\/es\/wp-json\/wp\/v2\/pages"}],"about":[{"href":"https:\/\/estudi6.com\/es\/wp-json\/wp\/v2\/types\/page"}],"author":[{"embeddable":true,"href":"https:\/\/estudi6.com\/es\/wp-json\/wp\/v2\/users\/1"}],"replies":[{"embeddable":true,"href":"https:\/\/estudi6.com\/es\/wp-json\/wp\/v2\/comments?post=4170"}],"version-history":[{"count":27,"href":"https:\/\/estudi6.com\/es\/wp-json\/wp\/v2\/pages\/4170\/revisions"}],"predecessor-version":[{"id":8125,"href":"https:\/\/estudi6.com\/es\/wp-json\/wp\/v2\/pages\/4170\/revisions\/8125"}],"up":[{"embeddable":true,"href":"https:\/\/estudi6.com\/es\/wp-json\/wp\/v2\/pages\/3574"}],"wp:attachment":[{"href":"https:\/\/estudi6.com\/es\/wp-json\/wp\/v2\/media?parent=4170"}],"curies":[{"name":"wp","href":"https:\/\/api.w.org\/{rel}","templated":true}]}}