{"id":5090,"date":"2018-02-13T11:26:59","date_gmt":"2018-02-13T10:26:59","guid":{"rendered":"https:\/\/estudi6.com\/?page_id=5090"},"modified":"2023-02-21T22:53:11","modified_gmt":"2023-02-21T21:53:11","slug":"servicios-en-las-islas-baleares","status":"publish","type":"page","link":"https:\/\/estudi6.com\/es\/servicios-en-las-islas-baleares\/","title":{"rendered":"Servicios en las Islas Baleares"},"content":{"rendered":"<div class=\"wpb-content-wrapper\"><p>[vc_row m_top=&#8221;80&#8243; css=&#8221;.vc_custom_1589967659327{padding-bottom: 30px !important;}&#8221;][vc_column width=&#8221;1\/2&#8243;][vc_single_image image=&#8221;5075&#8243; img_size=&#8221;full&#8221; css=&#8221;.vc_custom_1517481570676{padding-top: 60px !important;padding-right: 60px !important;}&#8221;][\/vc_column][vc_column width=&#8221;1\/2&#8243; css=&#8221;.vc_custom_1517480083122{margin-top: 50px !important;}&#8221;][vc_column_text c_id=&#8221;.vc_1464942358613&#8243;]<\/p>\n<h1 style=\"text-align: left;\"><strong>SERVICIOS EN LAS ISLAS BALEARES<\/strong><\/h1>\n<p>[\/vc_column_text][vc_column_text]<strong><span style=\"color: #6d365a;\">14<\/span> <span style=\"color: #c1c1c1;\">Escuelas infantiles 0-3 a\u00f1os<\/span><\/strong><\/p>\n<p><strong><span style=\"color: #6d365a;\">6<\/span> <span style=\"color: #c1c1c1;\">Servicios de refuerzo, orientaci\u00f3n y acompa\u00f1amiento educativo<\/span><\/strong><\/p>\n<p><strong><span style=\"color: #6d365a;\">1<\/span> <span style=\"color: #c1c1c1;\">Centro de formaci\u00f3n b\u00e1sica y profesional de personas adultas<\/span><\/strong><\/p>\n<p><strong><span style=\"color: #6d365a;\">2<\/span> <span style=\"color: #c1c1c1;\">Centros de dinamizaci\u00f3n juvenil<\/span><\/strong><\/p>\n<p><strong><span style=\"color: #6d365a;\">17<\/span> <span style=\"color: #c1c1c1;\">Centros de dinamizaci\u00f3n c\u00edvica<\/span><\/strong><\/p>\n<p><strong><span style=\"color: #6d365a;\">6<\/span><span style=\"color: #c1c1c1;\">\u00a0Bibliotecas<\/span><\/strong><\/p>\n<p><strong><span style=\"color: #6d365a;\">9<\/span> <span style=\"color: #c1c1c1;\">Escuelas de M\u00fasica\u00a0<\/span><\/strong><\/p>\n<p><strong><span style=\"color: #6d365a;\">14<\/span><span style=\"color: #c1c1c1;\"> Servicios de intervenci\u00f3n social<\/span><\/strong><\/p>\n<p><strong><span style=\"color: #6d365a;\">2<\/span><span style=\"color: #c1c1c1;\">\u00a0Centro de\u00a0primera acogida\u00a0pera personas en exclusi\u00f3n social<\/span><\/strong><\/p>\n<p><strong><span style=\"color: #6d365a;\">1<\/span> <span style=\"color: #c1c1c1;\">Centro de actividades de igualdad y civismo<\/span><\/strong><\/p>\n<p><strong><span style=\"color: #6d365a;\">1<\/span> <span style=\"color: #c1c1c1;\">Centro de informaci\u00f3n y orientaci\u00f3n a la inmigraci\u00f3n<\/span><\/strong><\/p>\n<p><strong><span style=\"color: #6d365a;\">1<\/span> <span style=\"color: #c1c1c1;\">Centro de d\u00eda pera personas mayores<\/span><\/strong>[\/vc_column_text][\/vc_column][\/vc_row][vc_row][vc_column][\/vc_column][\/vc_row]<\/p>\n<\/div>","protected":false},"excerpt":{"rendered":"<p>[vc_row m_top=&#8221;80&#8243; css=&#8221;.vc_custom_1589967659327{padding-bottom: 30px !important;}&#8221;][vc_column width=&#8221;1\/2&#8243;][vc_single_image image=&#8221;5075&#8243; img_size=&#8221;full&#8221; css=&#8221;.vc_custom_1517481570676{padding-top: 60px !important;padding-right: 60px !important;}&#8221;][\/vc_column][vc_column width=&#8221;1\/2&#8243; css=&#8221;.vc_custom_1517480083122{margin-top: 50px !important;}&#8221;][vc_column_text c_id=&#8221;.vc_1464942358613&#8243;] SERVICIOS EN LAS ISLAS BALEARES [\/vc_column_text][vc_column_text]14 Escuelas infantiles 0-3 a\u00f1os 6 Servicios de refuerzo, orientaci\u00f3n y acompa\u00f1amiento educativo 1 Centro de formaci\u00f3n b\u00e1sica y profesional de personas adultas 2 Centros de dinamizaci\u00f3n juvenil 17 Centros de dinamizaci\u00f3n [&hellip;]<\/p>\n","protected":false},"author":1,"featured_media":0,"parent":0,"menu_order":0,"comment_status":"closed","ping_status":"closed","template":"","meta":{"footnotes":""},"class_list":["post-5090","page","type-page","status-publish","hentry"],"_links":{"self":[{"href":"https:\/\/estudi6.com\/es\/wp-json\/wp\/v2\/pages\/5090","targetHints":{"allow":["GET"]}}],"collection":[{"href":"https:\/\/estudi6.com\/es\/wp-json\/wp\/v2\/pages"}],"about":[{"href":"https:\/\/estudi6.com\/es\/wp-json\/wp\/v2\/types\/page"}],"author":[{"embeddable":true,"href":"https:\/\/estudi6.com\/es\/wp-json\/wp\/v2\/users\/1"}],"replies":[{"embeddable":true,"href":"https:\/\/estudi6.com\/es\/wp-json\/wp\/v2\/comments?post=5090"}],"version-history":[{"count":18,"href":"https:\/\/estudi6.com\/es\/wp-json\/wp\/v2\/pages\/5090\/revisions"}],"predecessor-version":[{"id":7483,"href":"https:\/\/estudi6.com\/es\/wp-json\/wp\/v2\/pages\/5090\/revisions\/7483"}],"wp:attachment":[{"href":"https:\/\/estudi6.com\/es\/wp-json\/wp\/v2\/media?parent=5090"}],"curies":[{"name":"wp","href":"https:\/\/api.w.org\/{rel}","templated":true}]}}