{"id":5490,"date":"2019-01-17T09:42:00","date_gmt":"2019-01-17T08:42:00","guid":{"rendered":"https:\/\/estudi6.com\/?page_id=5490"},"modified":"2019-01-17T10:23:51","modified_gmt":"2019-01-17T09:23:51","slug":"politica-de-privacidad-de-seleccion-de-personal","status":"publish","type":"page","link":"https:\/\/estudi6.com\/es\/politica-de-privacidad-de-seleccion-de-personal\/","title":{"rendered":"pol\u00edtica de privacidad de selecci\u00f3n de personal"},"content":{"rendered":"<div class=\"wpb-content-wrapper\"><p>[vc_row css=&#8221;.vc_custom_1547717025008{padding-top: 60px !important;}&#8221;][vc_column width=&#8221;2\/3&#8243;][vc_column_text]<\/p>\n<h1>Pol\u00edtica de privacidad de selecci\u00f3n de personal<\/h1>\n<p>&nbsp;<\/p>\n<p>Esta pol\u00edtica de privacidad se aplica a los tratamientos de los datos personales aportados por los candidatos a un puesto de trabajo.<\/p>\n<p>Ud. manifiesta que los datos que nos facilite, ahora o en el futuro, son correctos y veraces y se compromete a comunicarnos cualquier modificaci\u00f3n de \u00e9stos. En caso de proporcionar datos de car\u00e1cter personal de terceros, se compromete a obtener el consentimiento previo de los afectados y a informarles acerca del contenido de esta pol\u00edtica.<\/p>\n<p><strong>\u00bfQui\u00e9n es el responsable del tratamiento de sus datos? <\/strong>El responsable del tratamiento de sus datos es ESTUDI 6 GESTI\u00d3 EDUCATIVA I CULTURA S.L., C\/ Guillem Massot 54, 07003 \u2013 Palma (Illes Balears), <a href=\"mailto:estudi6@estudi6.com\">estudi6@estudi6.com<\/a>.<\/p>\n<p><strong>\u00bfQu\u00e9 informaci\u00f3n personal obtenemos? <\/strong><\/p>\n<p>Los datos que tratamos son los que se obtienen:<\/p>\n<ul>\n<li>Del curr\u00edculum y de la informaci\u00f3n proporcionada durante el proceso de selecci\u00f3n;<\/li>\n<li>De los formularios que Ud. cumplimente relativos a ofertas de empleo publicitadas a trav\u00e9s de portales de empleo o agencias en las que est\u00e9 inscrito;<\/li>\n<\/ul>\n<p>Las categor\u00edas de datos que tratamos consisten t\u00edpicamente en:<\/p>\n<ul>\n<li>Datos de car\u00e1cter identificativo y de contacto, tales como DNI\/NIF\/DNI, nombre y apellidos, e-mail, direcci\u00f3n, tel\u00e9fono. En su caso, firma y imagen;<\/li>\n<li>Datos de caracter\u00edsticas personales, tales como idioma, nacionalidad y fecha de nacimiento;<\/li>\n<li>Datos de circunstancias sociales;<\/li>\n<li>Datos acad\u00e9micos y profesionales;<\/li>\n<li>Datos de detalles del empleo;<\/li>\n<li>Grado de discapacidad. Estos datos s\u00f3lo son tratados en cumplimiento de obligaciones legales, en materia de integraci\u00f3n social de personas con discapacidad;<\/li>\n<li>Datos derivados de otros procesos de selecci\u00f3n en los que participe Ud. como candidato.<\/li>\n<\/ul>\n<p><strong>\u00bfPara qu\u00e9 trataremos sus datos? \u00a0 <\/strong>Sus datos ser\u00e1n tratados para la gesti\u00f3n y el control de nuestros procesos de selecci\u00f3n del personal.<\/p>\n<p><strong>\u00bfC\u00f3mo hemos obtenido sus datos?<\/strong> Su curr\u00edculum ha sido proporcionado, bien directamente por Usted, bien por la agencia de colocaci\u00f3n o web de empleo mediante la cual Usted se ha inscrito para participar en nuestros procesos de selecci\u00f3n.<\/p>\n<p><strong>\u00bfCu\u00e1nto tiempo conservaremos sus datos? <\/strong>Conservaremos su CV hasta 1 a\u00f1o a contar de su \u00faltima actualizaci\u00f3n por lo que el deber\u00e1 presentar un nuevo curr\u00edculum actualizado si desea continuar participando en nuestros procesos de selecci\u00f3n.<\/p>\n<p><strong>\u00bfA qui\u00e9n podemos comunicar sus datos? <\/strong>No comunicaremos sus datos, salvo obligaci\u00f3n legal o con su previo consentimiento.<\/p>\n<p><strong>Base jur\u00eddica de los tratamientos. <\/strong>La base jur\u00eddica para el tratamiento de sus datos es su propia voluntad de participar en nuestros procesos de selecci\u00f3n de personal y nuestro inter\u00e9s leg\u00edtimo para la gesti\u00f3n de los mismos. El tratamiento de eventuales datos de salud se basa en la existencia de un consentimiento expl\u00edcito al habernos proporcionado dichos datos y en el cumplimiento de los deberes previstos por la normativa vigente en materia de derechos de las personas con discapacidad y de su inclusi\u00f3n social.<\/p>\n<p><strong>\u00bfCu\u00e1les son sus derechos? <\/strong>Tiene derecho a obtener confirmaci\u00f3n de si estamos tratando o no sus datos personales y, en tal caso, acceder a los mismos. \u00a0Puede igualmente pedir que sus datos sean rectificados cuando sean inexactos o a que se completen los datos que sean incompletos, as\u00ed como solicitar su supresi\u00f3n cuando, entre otros motivos, los datos ya no sean necesarios para los fines para los que fueron recogidos. En determinadas circunstancias, podr\u00e1 solicitar la limitaci\u00f3n del tratamiento de sus datos. En tal caso, s\u00f3lo trataremos los datos afectados para la formulaci\u00f3n, el ejercicio o la defensa de reclamaciones o con miras a la protecci\u00f3n de los derechos de otras personas. En determinadas condiciones y por motivos relacionados con su situaci\u00f3n particular, podr\u00e1 igualmente oponerse al tratamiento de sus datos. En este caso dejaremos de tratar los datos, salvo por motivos leg\u00edtimos imperiosos que prevalezcan sobre sus intereses o derechos y libertades, o para la formulaci\u00f3n, el ejercicio o la defensa de reclamaciones. As\u00ed mismo y bajo ciertas condiciones podr\u00e1 solicitar la portabilidad de sus datos para que sean transmitidos a otro responsable del tratamiento.<\/p>\n<p>En cualquier momento podr\u00e1 solicitar su baja de nuestra bolsa de trabajo y revocar su consentimiento para su participaci\u00f3n en nuestros procesos de selecci\u00f3n, sin que ello afecte a la licitud del tratamiento basado en el consentimiento previo a su retirada.<\/p>\n<p>Tiene igualmente derecho a presentar una reclamaci\u00f3n ante la Agencia Espa\u00f1ola de Protecci\u00f3n de Datos o cualquier otra autoridad de control competente.<\/p>\n<p>Para ejercer sus derechos deber\u00e1 remitirnos una solicitud acompa\u00f1ada de una copia de su documento nacional de identidad u otro documento v\u00e1lido que le identifique por correo postal o electr\u00f3nico a las direcciones indicadas en el apartado \u00bfQui\u00e9n es el responsable del tratamiento de sus datos? Podr\u00e1 obtener m\u00e1s informaci\u00f3n sobre sus derechos y c\u00f3mo ejercerlos en la p\u00e1gina de la Agencia Espa\u00f1ola de Protecci\u00f3n de Datos en <a href=\"http:\/\/www.aepd.es\">www.aepd.es<\/a>[\/vc_column_text][\/vc_column][vc_column width=&#8221;1\/3&#8243;][\/vc_column][\/vc_row]<\/p>\n<\/div>","protected":false},"excerpt":{"rendered":"<p>[vc_row css=&#8221;.vc_custom_1547717025008{padding-top: 60px !important;}&#8221;][vc_column width=&#8221;2\/3&#8243;][vc_column_text] Pol\u00edtica de privacidad de selecci\u00f3n de personal &nbsp; Esta pol\u00edtica de privacidad se aplica a los tratamientos de los datos personales aportados por los candidatos a un puesto de trabajo. Ud. manifiesta que los datos que nos facilite, ahora o en el futuro, son correctos y veraces y se compromete [&hellip;]<\/p>\n","protected":false},"author":1,"featured_media":0,"parent":0,"menu_order":0,"comment_status":"closed","ping_status":"closed","template":"","meta":{"footnotes":""},"class_list":["post-5490","page","type-page","status-publish","hentry"],"_links":{"self":[{"href":"https:\/\/estudi6.com\/es\/wp-json\/wp\/v2\/pages\/5490","targetHints":{"allow":["GET"]}}],"collection":[{"href":"https:\/\/estudi6.com\/es\/wp-json\/wp\/v2\/pages"}],"about":[{"href":"https:\/\/estudi6.com\/es\/wp-json\/wp\/v2\/types\/page"}],"author":[{"embeddable":true,"href":"https:\/\/estudi6.com\/es\/wp-json\/wp\/v2\/users\/1"}],"replies":[{"embeddable":true,"href":"https:\/\/estudi6.com\/es\/wp-json\/wp\/v2\/comments?post=5490"}],"version-history":[{"count":6,"href":"https:\/\/estudi6.com\/es\/wp-json\/wp\/v2\/pages\/5490\/revisions"}],"predecessor-version":[{"id":5512,"href":"https:\/\/estudi6.com\/es\/wp-json\/wp\/v2\/pages\/5490\/revisions\/5512"}],"wp:attachment":[{"href":"https:\/\/estudi6.com\/es\/wp-json\/wp\/v2\/media?parent=5490"}],"curies":[{"name":"wp","href":"https:\/\/api.w.org\/{rel}","templated":true}]}}