{"id":5499,"date":"2019-01-17T09:54:43","date_gmt":"2019-01-17T08:54:43","guid":{"rendered":"https:\/\/estudi6.com\/?page_id=5499"},"modified":"2021-05-03T12:49:04","modified_gmt":"2021-05-03T11:49:04","slug":"politica-de-privacidad-web","status":"publish","type":"page","link":"https:\/\/estudi6.com\/es\/politica-de-privacidad-web\/","title":{"rendered":"Pol\u00edtica de privacidad web"},"content":{"rendered":"<div class=\"wpb-content-wrapper\"><p>[vc_row css=&#8221;.vc_custom_1547717114338{padding-top: 60px !important;}&#8221;][vc_column width=&#8221;2\/3&#8243;][vc_column_text]<\/p>\n<h1>Pol\u00edtica de privacidad web<\/h1>\n<p><em>\u00daltima modificaci\u00f3n: octubre de 2018<\/em><\/p>\n<p>Esta pol\u00edtica de privacidad se aplica a la web <a href=\"http:\/\/www.estudi6.com\">www.estudi6.com<\/a> (en adelante la Web).<\/p>\n<p>Por favor, l\u00e9ala detenidamente. En ella encontrar\u00e1 informaci\u00f3n importante sobre el tratamiento de sus datos personales y los derechos que le reconoce la normativa vigente en la materia.<\/p>\n<p>Nos reservamos el derecho de actualizar nuestra pol\u00edtica de privacidad en cualquier momento con motivo de decisiones empresariales, as\u00ed como para cumplir con eventuales cambios legislativos o jurisprudenciales. Si tiene dudas o necesita cualquier aclaraci\u00f3n respecto a nuestra Pol\u00edtica de privacidad o a sus derechos, puede contactar con nosotros a trav\u00e9s de los canales que se indican m\u00e1s abajo.<\/p>\n<p>Ud. manifiesta que los datos que nos facilite, ahora o en el futuro, son correctos y veraces y se compromete a comunicarnos cualquier modificaci\u00f3n de los mismos. En caso de proporcionar datos de car\u00e1cter personal de terceros, se compromete a obtener el consentimiento previo de los afectados y a informarles acerca del contenido de esta pol\u00edtica.<\/p>\n<p>De manera general, los campos de nuestros formularios que son se\u00f1alados como obligatorios, deber\u00e1n necesariamente ser cumplimentados para poder tramitar sus solicitudes.<\/p>\n<ol>\n<li><strong>\u00bfQui\u00e9n es el responsable del tratamiento de sus datos?<\/strong><\/li>\n<\/ol>\n<p>Salvo indicaci\u00f3n espec\u00edfica en sentido contrario, el responsable del tratamiento de los datos recogidos en esta Web es ESTUDI 6 GESTI\u00d3 SOCIOEDUCATIVA, S.L., con domicilio social en la calle GUILLEM MASSOT 54, 07003, PALMA DE MALLORCA (ILLES BALEARS) y correo electr\u00f3nico <a href=\"mailto:estudi6@estudi6.com\">estudi6@estudi6.com<\/a>.<\/p>\n<ol start=\"2\">\n<li><strong>\u00bfQu\u00e9 informaci\u00f3n personal obtenemos? <\/strong><\/li>\n<\/ol>\n<p>Los datos que tratamos son los que se obtienen:<\/p>\n<ul>\n<li>De los formularios que Ud. cumplimente y de las solicitudes o propuestas que formule en la Web. Tambi\u00e9n tratamos los datos incluidos en las solicitudes y peticiones que recibimos por email.<\/li>\n<\/ul>\n<p>Las categor\u00edas de datos que tratamos consisten t\u00edpicamente en:<\/p>\n<ul>\n<li>Datos identificativos y de contacto;<\/li>\n<li>Datos derivados de los proyectos o ideas que nos proponga;<\/li>\n<li>Datos relacionados con su navegaci\u00f3n, por ejemplo la direcci\u00f3n IP desde la cual se conecta a la Web, weblogs, p\u00e1ginas visitadas o acciones realizadas en la Web. Para ello utilizamos cookies y tecnolog\u00edas similares que pueden implicar el rastreo de su navegaci\u00f3n. M\u00e1s informaci\u00f3n en nuestra pol\u00edtica de cookies disponible en URL.<\/li>\n<li>Datos generados por su uso de redes sociales, que haya decidido compartir con nosotros (por ejemplo likes y comentarios).<\/li>\n<\/ul>\n<ol start=\"3\">\n<li><strong>\u00bfPara qu\u00e9 trataremos sus datos? <\/strong><\/li>\n<\/ol>\n<p>Los datos de nuestros usuarios ser\u00e1n tratados para la gesti\u00f3n de la relaci\u00f3n con ellos, la atenci\u00f3n a sus solicitudes, propuestas y consultas, la administraci\u00f3n y la gesti\u00f3n de la seguridad de la web y el cumplimiento de nuestras obligaciones legales.<\/p>\n<ol start=\"4\">\n<li><strong>\u00bfA qui\u00e9n podemos comunicar sus datos?<\/strong><\/li>\n<\/ol>\n<p>Sus datos s\u00f3lo ser\u00e1n comunicados a terceros por obligaci\u00f3n legal o con su previo consentimiento.<\/p>\n<ol start=\"5\">\n<li><strong>Base jur\u00eddica de los tratamientos<\/strong><\/li>\n<\/ol>\n<p>La base para el tratamiento de sus datos es la gesti\u00f3n de la relaci\u00f3n jur\u00eddica que se establece con Ud. y el cumplimiento de obligaciones legales.<\/p>\n<p>La gesti\u00f3n de la seguridad de la Web se basa en la existencia de nuestro inter\u00e9s leg\u00edtimo en garantizar la seguridad de nuestros sistemas.<\/p>\n<p>La realizaci\u00f3n de perfiles de navegaci\u00f3n en base a la informaci\u00f3n obtenida a partir de cookies o tecnolog\u00edas similares se basan en su consentimiento, sin que la retirada de tal consentimiento condicione la prestaci\u00f3n de los servicios contratados.<\/p>\n<p>&nbsp;<\/p>\n<ol start=\"6\">\n<li><strong>\u00bfCu\u00e1nto tiempo conservaremos sus datos?<\/strong><\/li>\n<\/ol>\n<p>De manera general conservamos sus datos durante la vigencia de la relaci\u00f3n que mantiene con nosotros y en todo caso durante los plazos previstos en las disposiciones legales aplicables y durante el tiempo necesario para atender a posibles responsabilidades nacidas del tratamiento. Cancelaremos sus datos cuando hayan dejado de ser necesarios o pertinentes para las finalidades para las cuales fueron recabados. Los logs de acceso a \u00e1reas restringidas de la web se cancelar\u00e1n al mes de su creaci\u00f3n. Se cancelar\u00e1 la informaci\u00f3n relacionada con la navegaci\u00f3n, una vez finalizada la conexi\u00f3n web y realizadas las estad\u00edsticas.<\/p>\n<ol start=\"7\">\n<li><strong>\u00bfCu\u00e1les son sus derechos? <\/strong><\/li>\n<\/ol>\n<p>Tiene derecho a obtener confirmaci\u00f3n de si estamos tratando o no sus datos personales y, en tal caso, acceder a los mismos.\u00a0 Puede igualmente pedir que sus datos sean rectificados cuando sean inexactos o a que se completen los datos que sean incompletos, as\u00ed como solicitar su supresi\u00f3n cuando, entre otros motivos, los datos ya no sean necesarios para los fines para los que fueron recogidos.<\/p>\n<p>En determinadas circunstancias, podr\u00e1 solicitar la limitaci\u00f3n del tratamiento de sus datos. En tal caso, s\u00f3lo trataremos los datos afectados para la formulaci\u00f3n, el ejercicio o la defensa de reclamaciones o con miras a la protecci\u00f3n de los derechos de otras personas. En determinadas condiciones y por motivos relacionados con su situaci\u00f3n particular, podr\u00e1 igualmente oponerse al tratamiento de sus datos. En este caso, dejaremos de tratar los datos salvo por motivos leg\u00edtimos imperiosos que prevalezcan sobre sus intereses o derechos y libertades, o para la formulaci\u00f3n, el ejercicio o la defensa de reclamaciones.<\/p>\n<p>As\u00ed mismo y bajo ciertas condiciones podr\u00e1 solicitar la portabilidad de sus datos para que sean transmitidos a otro responsable del tratamiento.<\/p>\n<p>Puede obtener m\u00e1s informaci\u00f3n sobre la publicidad comportamental en l\u00ednea (online behavioural advertising) y sobre como gestionar la privacidad de su navegador para rechazar este tipo de tratamiento en\u00a0 <a href=\"http:\/\/www.youronlinechoices.eu\">www.youronlinechoices.eu<\/a>. M\u00e1s informaci\u00f3n en nuestra pol\u00edtica de cookies disponible en URL.<\/p>\n<p>Tiene igualmente el derecho a presentar una reclamaci\u00f3n ante una autoridad de protecci\u00f3n de datos.<\/p>\n<p>Para ejercer sus derechos deber\u00e1 remitirnos una solicitud acompa\u00f1ada de una copia de su documento nacional de identidad, u otro documento v\u00e1lido que le identifique por correo postal o electr\u00f3nico, a nuestro Delegado de Protecci\u00f3n de Datos en las direcciones indicadas en el apartado \u201c\u00bfQui\u00e9n es el responsable del tratamiento de sus datos?\u201d.<\/p>\n<p>Podr\u00e1 obtener m\u00e1s informaci\u00f3n sobre sus derechos y c\u00f3mo ejercerlos en la p\u00e1gina de la Agencia Espa\u00f1ola de Protecci\u00f3n de Datos en <u>www.aepd.es<\/u><\/p>\n<p>[\/vc_column_text][\/vc_column][vc_column width=&#8221;1\/3&#8243;][\/vc_column][\/vc_row]<\/p>\n<\/div>","protected":false},"excerpt":{"rendered":"<p>[vc_row css=&#8221;.vc_custom_1547717114338{padding-top: 60px !important;}&#8221;][vc_column width=&#8221;2\/3&#8243;][vc_column_text] Pol\u00edtica de privacidad web \u00daltima modificaci\u00f3n: octubre de 2018 Esta pol\u00edtica de privacidad se aplica a la web www.estudi6.com (en adelante la Web). Por favor, l\u00e9ala detenidamente. En ella encontrar\u00e1 informaci\u00f3n importante sobre el tratamiento de sus datos personales y los derechos que le reconoce la normativa vigente en la [&hellip;]<\/p>\n","protected":false},"author":1,"featured_media":0,"parent":0,"menu_order":0,"comment_status":"closed","ping_status":"closed","template":"","meta":{"footnotes":""},"class_list":["post-5499","page","type-page","status-publish","hentry"],"_links":{"self":[{"href":"https:\/\/estudi6.com\/es\/wp-json\/wp\/v2\/pages\/5499","targetHints":{"allow":["GET"]}}],"collection":[{"href":"https:\/\/estudi6.com\/es\/wp-json\/wp\/v2\/pages"}],"about":[{"href":"https:\/\/estudi6.com\/es\/wp-json\/wp\/v2\/types\/page"}],"author":[{"embeddable":true,"href":"https:\/\/estudi6.com\/es\/wp-json\/wp\/v2\/users\/1"}],"replies":[{"embeddable":true,"href":"https:\/\/estudi6.com\/es\/wp-json\/wp\/v2\/comments?post=5499"}],"version-history":[{"count":5,"href":"https:\/\/estudi6.com\/es\/wp-json\/wp\/v2\/pages\/5499\/revisions"}],"predecessor-version":[{"id":7057,"href":"https:\/\/estudi6.com\/es\/wp-json\/wp\/v2\/pages\/5499\/revisions\/7057"}],"wp:attachment":[{"href":"https:\/\/estudi6.com\/es\/wp-json\/wp\/v2\/media?parent=5499"}],"curies":[{"name":"wp","href":"https:\/\/api.w.org\/{rel}","templated":true}]}}