{"id":5790,"date":"2019-02-06T11:16:21","date_gmt":"2019-02-06T10:16:21","guid":{"rendered":"https:\/\/estudi6.com\/?page_id=5790"},"modified":"2026-01-27T09:31:33","modified_gmt":"2026-01-27T08:31:33","slug":"civisme-i-igualtat","status":"publish","type":"page","link":"https:\/\/estudi6.com\/es\/civisme-i-igualtat\/","title":{"rendered":"Civismo, participaci\u00f3n e igualdad"},"content":{"rendered":"<div class=\"wpb-content-wrapper\"><p>[vc_row m_bottom=&#8221;0&#8243; css=&#8221;.vc_custom_1763389915893{margin-top: 0px !important;margin-bottom: 0px !important;border-bottom-width: 0px !important;padding-top: 0px !important;padding-bottom: 0px !important;}&#8221;][vc_column css=&#8221;.vc_custom_1763389926810{margin-top: 0px !important;padding-top: 0px !important;}&#8221;][rev_slider_vc alias=&#8221;civisme_igualtat_2020&#8243;][\/vc_column][\/vc_row][vc_row width=&#8221;full&#8221; bg_color_row=&#8221;#ea3d34&#8243; p_top=&#8221;20&#8243; css=&#8221;.vc_custom_1584965897436{padding-bottom: 5px !important;}&#8221;][vc_column width=&#8221;2\/3&#8243;][vc_custom_heading source=&#8221;post_title&#8221; font_container=&#8221;tag:h1|text_align:left|color:%23ffffff&#8221; use_theme_fonts=&#8221;yes&#8221; css=&#8221;.vc_custom_1676723353454{padding-top: 20px !important;}&#8221;][vc_column_text css_animation=&#8221;top-to-bottom&#8221; css=&#8221;.vc_custom_1585130587834{padding-top: 30px !important;padding-right: 20px !important;padding-bottom: 30px !important;padding-left: 0px !important;}&#8221; c_id=&#8221;.vc_1456310049737&#8243; p_css=&#8221;color:#ffffff;font-size:24px;&#8221; el_class=&#8221;txt-pastilla&#8221;]Trabajamos en la promoci\u00f3n de la igualdad, la participaci\u00f3n y el civismo, generando espacios de conocimiento, reflexi\u00f3n y transformaci\u00f3n entre todas las personas que forman parte de la comunidad.[\/vc_column_text][\/vc_column][vc_column width=&#8221;1\/3&#8243; css=&#8221;.vc_custom_1431513586254{padding-bottom: 5px !important;}&#8221;][vc_single_image image=&#8221;6908&#8243; alignment=&#8221;center&#8221; css=&#8221;.vc_custom_1431513593282{padding-top: 30px !important;}&#8221;][vc_column_text css=&#8221;.vc_custom_1549448412845{margin-bottom: -10px !important;}&#8221; c_id=&#8221;.vc_1431513600577&#8243; p_css=&#8221;color:#020202;line-height:22px;&#8221; el_class=&#8221;txt-globo&#8221;]<\/p>\n<p style=\"text-align: center;\">Relaci\u00f3n de servicios<br \/>\ngestionados en la actualidad[\/vc_column_text][vc_icon icon_fontawesome=&#8221;fa fa-solid fa-angle-down&#8221; color=&#8221;white&#8221; align=&#8221;center&#8221; css=&#8221;&#8221;][\/vc_column][\/vc_row][vc_row css=&#8221;.vc_custom_1429611496918{padding-bottom: 30px !important;}&#8221;][vc_column width=&#8221;1\/4&#8243;][\/vc_column][vc_column width=&#8221;1\/4&#8243;][ivan_counter sub=&#8221;Actividad de igualdad y civismo&#8221; animated=&#8221;yes&#8221; c_id=&#8221;.vc_1769502671839&#8243; block_css=&#8221;padding-bottom:50px;&#8221; title_css=&#8221;color:#ea3d34;font-size:60pt;&#8221; subtitle_css=&#8221;font-weight:400;color:#c1c1c1;font-size:20pt;&#8221;]1[\/ivan_counter][\/vc_column][vc_column width=&#8221;1\/4&#8243;][ivan_counter sub=&#8221;usuarios&#8221; animated=&#8221;yes&#8221; separator=&#8221;.&#8221; c_id=&#8221;.vc_1763389770194&#8243; block_css=&#8221;padding-bottom:50px;&#8221; title_css=&#8221;color:#ea3d34;font-size:60pt;&#8221; subtitle_css=&#8221;font-weight:400;color:#c1c1c1;font-size:20pt;&#8221;]14643[\/ivan_counter][\/vc_column][vc_column width=&#8221;1\/4&#8243;][\/vc_column][\/vc_row]<\/p>\n<\/div>","protected":false},"excerpt":{"rendered":"<p>[vc_row m_bottom=&#8221;0&#8243; css=&#8221;.vc_custom_1763389915893{margin-top: 0px !important;margin-bottom: 0px !important;border-bottom-width: 0px !important;padding-top: 0px !important;padding-bottom: 0px !important;}&#8221;][vc_column css=&#8221;.vc_custom_1763389926810{margin-top: 0px !important;padding-top: 0px !important;}&#8221;][rev_slider_vc alias=&#8221;civisme_igualtat_2020&#8243;][\/vc_column][\/vc_row][vc_row width=&#8221;full&#8221; bg_color_row=&#8221;#ea3d34&#8243; p_top=&#8221;20&#8243; css=&#8221;.vc_custom_1584965897436{padding-bottom: 5px !important;}&#8221;][vc_column width=&#8221;2\/3&#8243;][vc_custom_heading source=&#8221;post_title&#8221; font_container=&#8221;tag:h1|text_align:left|color:%23ffffff&#8221; use_theme_fonts=&#8221;yes&#8221; css=&#8221;.vc_custom_1676723353454{padding-top: 20px !important;}&#8221;][vc_column_text css_animation=&#8221;top-to-bottom&#8221; css=&#8221;.vc_custom_1585130587834{padding-top: 30px !important;padding-right: 20px !important;padding-bottom: 30px !important;padding-left: 0px !important;}&#8221; c_id=&#8221;.vc_1456310049737&#8243; p_css=&#8221;color:#ffffff;font-size:24px;&#8221; el_class=&#8221;txt-pastilla&#8221;]Trabajamos en la promoci\u00f3n de la igualdad, la participaci\u00f3n y el [&hellip;]<\/p>\n","protected":false},"author":1,"featured_media":0,"parent":0,"menu_order":0,"comment_status":"closed","ping_status":"closed","template":"","meta":{"footnotes":""},"class_list":["post-5790","page","type-page","status-publish","hentry"],"_links":{"self":[{"href":"https:\/\/estudi6.com\/es\/wp-json\/wp\/v2\/pages\/5790","targetHints":{"allow":["GET"]}}],"collection":[{"href":"https:\/\/estudi6.com\/es\/wp-json\/wp\/v2\/pages"}],"about":[{"href":"https:\/\/estudi6.com\/es\/wp-json\/wp\/v2\/types\/page"}],"author":[{"embeddable":true,"href":"https:\/\/estudi6.com\/es\/wp-json\/wp\/v2\/users\/1"}],"replies":[{"embeddable":true,"href":"https:\/\/estudi6.com\/es\/wp-json\/wp\/v2\/comments?post=5790"}],"version-history":[{"count":17,"href":"https:\/\/estudi6.com\/es\/wp-json\/wp\/v2\/pages\/5790\/revisions"}],"predecessor-version":[{"id":8132,"href":"https:\/\/estudi6.com\/es\/wp-json\/wp\/v2\/pages\/5790\/revisions\/8132"}],"wp:attachment":[{"href":"https:\/\/estudi6.com\/es\/wp-json\/wp\/v2\/media?parent=5790"}],"curies":[{"name":"wp","href":"https:\/\/api.w.org\/{rel}","templated":true}]}}