{"id":6593,"date":"2020-03-23T16:17:16","date_gmt":"2020-03-23T15:17:16","guid":{"rendered":"https:\/\/estudi6.com\/?page_id=6593"},"modified":"2020-05-20T12:03:46","modified_gmt":"2020-05-20T11:03:46","slug":"convenios-de-colaboracion-con-entidades-e-instituciones","status":"publish","type":"page","link":"https:\/\/estudi6.com\/es\/convenios-de-colaboracion-con-entidades-e-instituciones\/","title":{"rendered":"Convenios de colaboraci\u00f3n con entidades e instituciones"},"content":{"rendered":"<div class=\"wpb-content-wrapper\"><p>[vc_row width=&#8221;full&#8221; p_bottom=&#8221;10px&#8221; m_top=&#8221;80px&#8221; css=&#8221;.vc_custom_1584968313663{margin-top: 30px !important;}&#8221;][vc_column][vc_column_text c_id=&#8221;.vc_1433319417337&#8243;]<\/p>\n<h1 style=\"text-align: center;\">Convenios de colaboraci\u00f3n con entidades e instituciones<\/h1>\n<p>[\/vc_column_text][\/vc_column][\/vc_row][vc_row width=&#8221;full&#8221; p_top=&#8221;40px&#8221; p_bottom=&#8221;60px&#8221; m_bottom=&#8221;0&#8243; cut_top=&#8221;top-right&#8221; cut_top_h=&#8221;40&#8243;][vc_column width=&#8221;1\/4&#8243; css=&#8221;.vc_custom_1430726490082{margin-bottom: 30px !important;}&#8221;][vc_single_image image=&#8221;6526&#8243; img_size=&#8221;160&#215;140&#8243; alignment=&#8221;center&#8221;][\/vc_column][vc_column width=&#8221;3\/4&#8243;][vc_custom_heading text=&#8221;CONVENI DE COL\u00b7LABORACI\u00d3 AMB EL COPPIB&#8221; use_theme_fonts=&#8221;yes&#8221;][vc_column_text c_id=&#8221;.vc_1433319447418&#8243;]Conveni de col\u00b7laboraci\u00f3 amb el Col\u00b7legi Oficial de Pedagogia i Psicopedagogia de les Illes Balears per a la realitzaci\u00f3 d\u2019actuacions conjuntes i de col\u00b7laboraci\u00f3 adre\u00e7ades a la millora de la situaci\u00f3 educativa de les Illes balears.[\/vc_column_text][\/vc_column][\/vc_row][vc_row width=&#8221;full&#8221; p_top=&#8221;40px&#8221; p_bottom=&#8221;60px&#8221; m_bottom=&#8221;0&#8243; cut_top=&#8221;top-right&#8221; cut_top_h=&#8221;40&#8243;][vc_column width=&#8221;1\/4&#8243; css=&#8221;.vc_custom_1430726490082{margin-bottom: 30px !important;}&#8221;][vc_single_image image=&#8221;6528&#8243; img_size=&#8221;full&#8221;][\/vc_column][vc_column width=&#8221;3\/4&#8243;][vc_custom_heading text=&#8221;CONVENI DE COL\u00b7LABORACI\u00d3 AMB LA UIB&#8221; use_theme_fonts=&#8221;yes&#8221;][vc_column_text c_id=&#8221;.vc_1433319447418&#8243;]Conveni de col\u00b7laboraci\u00f3 amb la Facultat d\u2019Educaci\u00f3 de la UIB per a la realitzaci\u00f3 de pr\u00e0ctiques d\u2019estudiants de grau de Pedagogia i de grau d\u2019Educaci\u00f3 Social.[\/vc_column_text][\/vc_column][\/vc_row][vc_row width=&#8221;full&#8221; p_top=&#8221;40px&#8221; p_bottom=&#8221;60px&#8221; m_bottom=&#8221;0&#8243; cut_top=&#8221;top-right&#8221; cut_top_h=&#8221;40&#8243;][vc_column width=&#8221;1\/4&#8243; css=&#8221;.vc_custom_1430726490082{margin-bottom: 30px !important;}&#8221;][vc_single_image image=&#8221;6542&#8243; img_size=&#8221;250&#215;190&#8243; alignment=&#8221;center&#8221;][\/vc_column][vc_column width=&#8221;3\/4&#8243;][vc_custom_heading text=&#8221;ACORD DE COL\u00b7LABORACI\u00d3 AMB UNAC&#8221; use_theme_fonts=&#8221;yes&#8221;][vc_column_text c_id=&#8221;.vc_1433319447418&#8243;]Acord de col\u00b7laboraci\u00f3 entre l\u2019empresa Estudi6 Gesti\u00f3 socioeducativa SL i la UNAC (Uni\u00f3n de Asociaciones, Centros y Federaci\u00f3n de Asistencia de Personas con Discapacidad de Baleares) per a la inserci\u00f3 laboral de persones amb discapacitat.[\/vc_column_text][\/vc_column][\/vc_row][vc_row width=&#8221;full&#8221; p_top=&#8221;40px&#8221; p_bottom=&#8221;60px&#8221; m_bottom=&#8221;0&#8243; cut_top=&#8221;top-right&#8221; cut_top_h=&#8221;40&#8243;][vc_column width=&#8221;1\/4&#8243; css=&#8221;.vc_custom_1430726490082{margin-bottom: 30px !important;}&#8221;][vc_single_image image=&#8221;6544&#8243; img_size=&#8221;150&#215;150&#8243; alignment=&#8221;center&#8221;][\/vc_column][vc_column width=&#8221;3\/4&#8243;][vc_custom_heading text=&#8221;CONVENI DE COL\u00b7LABORACI\u00d3 ENTRE COORDINADORA BALEAR DE PERSONES AMB DISCAPACITAT I L\u2019EMPRESA ESTUDI6&#8243; use_theme_fonts=&#8221;yes&#8221;][vc_column_text c_id=&#8221;.vc_1433319447418&#8243;]COORDINADORA es compromet a facilitar a ESTUDI6 els recursos humans i t\u00e8cnics dels seus programes d\u2019inserci\u00f3 laboral per poder cobrir les demandes laborals que tengui la nostra empresa per a persones amb discapacitat.[\/vc_column_text][\/vc_column][\/vc_row][vc_row width=&#8221;full&#8221; p_top=&#8221;40px&#8221; p_bottom=&#8221;60px&#8221; m_bottom=&#8221;0&#8243; cut_top=&#8221;top-right&#8221; cut_top_h=&#8221;40&#8243;][vc_column width=&#8221;1\/4&#8243; css=&#8221;.vc_custom_1430726490082{margin-bottom: 30px !important;}&#8221;][vc_single_image image=&#8221;6546&#8243; img_size=&#8221;full&#8221; alignment=&#8221;center&#8221;][vc_single_image image=&#8221;6550&#8243; img_size=&#8221;full&#8221; alignment=&#8221;center&#8221;][\/vc_column][vc_column width=&#8221;3\/4&#8243;][vc_custom_heading text=&#8221;CONVENI AMB INCORPORA. OBRA SOCIAL LA CAIXA.&#8221; use_theme_fonts=&#8221;yes&#8221;][vc_column_text c_id=&#8221;.vc_1433319447418&#8243;]Conveni d\u2019adhesi\u00f3 de l\u2019empresa al programa Incorpora de l\u2019obra social la Caixa per afavorir una major inserci\u00f3 de les persones amb risc d\u2019exclusi\u00f3 al m\u00f3n laboral i promoure la responsabilitat social empresarial.[\/vc_column_text][\/vc_column][\/vc_row][vc_row width=&#8221;full&#8221; p_top=&#8221;40px&#8221; p_bottom=&#8221;60px&#8221; m_bottom=&#8221;0&#8243; cut_top=&#8221;top-right&#8221; cut_top_h=&#8221;40&#8243;][vc_column width=&#8221;1\/4&#8243; css=&#8221;.vc_custom_1430726490082{margin-bottom: 30px !important;}&#8221;][vc_single_image image=&#8221;6586&#8243; img_size=&#8221;full&#8221; alignment=&#8221;center&#8221;][\/vc_column][vc_column width=&#8221;3\/4&#8243;][vc_custom_heading text=&#8221;CONVENI DE COL\u00b7LABORACI\u00d3 AMB L\u2019INSTITUT MUNICIPAL D\u2019EDUCACI\u00d3 I BIBLIOTEQUES DE L\u2019AJUNTAMENT&#8221; use_theme_fonts=&#8221;yes&#8221;][vc_column_text c_id=&#8221;.vc_1433319447418&#8243;]Conveni per a la realitzaci\u00f3 de pr\u00e0ctiques extracurriculars a trav\u00e9s del qual els i les estudiants universitaris o de cicles formatius del terme municipal de Calvi\u00e0 puguin accedir al coneixement de t\u00e8cniques i metodologies de l\u2019empresa com a complement pr\u00e0ctic de la seva formaci\u00f3 acad\u00e8mica.[\/vc_column_text][\/vc_column][\/vc_row][vc_row width=&#8221;full&#8221; p_top=&#8221;40px&#8221; p_bottom=&#8221;60px&#8221; m_bottom=&#8221;0&#8243; cut_top=&#8221;top-right&#8221; cut_top_h=&#8221;40&#8243;][vc_column width=&#8221;1\/4&#8243; css=&#8221;.vc_custom_1430726490082{margin-bottom: 30px !important;}&#8221;][vc_single_image image=&#8221;6555&#8243; img_size=&#8221;full&#8221; alignment=&#8221;center&#8221;][\/vc_column][vc_column width=&#8221;3\/4&#8243;][vc_custom_heading text=&#8221;ACORD DE COL\u00b7LABORACI\u00d3 ENTRE ESTUDI 6 I LA CONSELLERIA D\u2019EDUCACI\u00d3 DE LES ILLES BALEARS&#8221; use_theme_fonts=&#8221;yes&#8221;][vc_column_text c_id=&#8221;.vc_1433319447418&#8243;]Acord de col\u00b7laboraci\u00f3 entre el CIFP Son Llebre i Estudi 6 per al desenvolupament d\u2019un programa formatiu de pr\u00e0ctiques formatives en centres de treball que ha de realitzar l\u2019alumnat en el marc del seu ensenyament.[\/vc_column_text][\/vc_column][\/vc_row][vc_row width=&#8221;full&#8221; p_top=&#8221;40px&#8221; p_bottom=&#8221;60px&#8221; m_bottom=&#8221;0&#8243; cut_top=&#8221;top-right&#8221; cut_top_h=&#8221;40&#8243;][vc_column width=&#8221;1\/4&#8243; css=&#8221;.vc_custom_1430726490082{margin-bottom: 30px !important;}&#8221;][vc_single_image image=&#8221;6570&#8243; img_size=&#8221;full&#8221; alignment=&#8221;center&#8221;][\/vc_column][vc_column width=&#8221;3\/4&#8243;][vc_custom_heading text=&#8221;ACORD AMB LA FUNDACI\u00d3 BRITISH COUNCIL&#8221; use_theme_fonts=&#8221;yes&#8221;][vc_column_text c_id=&#8221;.vc_1433319447418&#8243;]Acord per a la realitzaci\u00f3 dels ex\u00e0mens conduents a l\u2019obtenci\u00f3 de les titulacions oficials d\u2019idiomes per a l\u2019alumnat que estigui realitzant cursos d\u2019angl\u00e8s amb Estudi 6.[\/vc_column_text][\/vc_column][\/vc_row][vc_row width=&#8221;full&#8221; p_top=&#8221;40px&#8221; p_bottom=&#8221;60px&#8221; m_bottom=&#8221;0&#8243; cut_top=&#8221;top-right&#8221; cut_top_h=&#8221;40&#8243;][vc_column width=&#8221;1\/4&#8243; css=&#8221;.vc_custom_1430726490082{margin-bottom: 30px !important;}&#8221;][vc_single_image image=&#8221;6573&#8243; img_size=&#8221;full&#8221; alignment=&#8221;center&#8221;][\/vc_column][vc_column width=&#8221;3\/4&#8243;][vc_custom_heading text=&#8221;CONVENI DE COL\u00b7LABORACI\u00d3 AMB EL COL\u00b7LEGI OFICIAL DE PEDAGOGS I PEDAGOGUES DE CATALUNYA (COPEC)&#8221; use_theme_fonts=&#8221;yes&#8221;][vc_column_text c_id=&#8221;.vc_1433319447418&#8243;]Conveni de col\u00b7laboraci\u00f3 per al disseny i el desenvolupament de programes de formaci\u00f3 que millorin la qualitat pedag\u00f2gica de la intervenci\u00f3 que duen a terme els i les professionals d\u2019Estudi 6 que treballen en \u00e0mbits d\u2019educaci\u00f3 no formal.[\/vc_column_text][\/vc_column][\/vc_row][vc_row width=&#8221;full&#8221; p_top=&#8221;40px&#8221; p_bottom=&#8221;60px&#8221; m_bottom=&#8221;0&#8243; cut_top=&#8221;top-right&#8221; cut_top_h=&#8221;40&#8243;][vc_column width=&#8221;1\/4&#8243; css=&#8221;.vc_custom_1430726490082{margin-bottom: 30px !important;}&#8221;][vc_single_image image=&#8221;6578&#8243; img_size=&#8221;full&#8221; alignment=&#8221;center&#8221;][\/vc_column][vc_column width=&#8221;3\/4&#8243;][vc_custom_heading text=&#8221;CONVENI AMB PASSAR VIA EMPRESA D\u2019INSERCI\u00d3&#8221; use_theme_fonts=&#8221;yes&#8221;][vc_column_text c_id=&#8221;.vc_1433319447418&#8243;]Conveni de col\u00b7laboraci\u00f3 per contribuir a la inserci\u00f3 laboral de persones amb dificultats particulars d\u2019incorporaci\u00f3 al mercat laboral[\/vc_column_text][\/vc_column][\/vc_row][vc_row width=&#8221;full&#8221; p_top=&#8221;40px&#8221; p_bottom=&#8221;60px&#8221; m_bottom=&#8221;0&#8243; cut_top=&#8221;top-right&#8221; cut_top_h=&#8221;40&#8243;][vc_column width=&#8221;1\/4&#8243; css=&#8221;.vc_custom_1430726490082{margin-bottom: 30px !important;}&#8221;][vc_single_image image=&#8221;6581&#8243; img_size=&#8221;full&#8221; alignment=&#8221;center&#8221;][\/vc_column][vc_column width=&#8221;3\/4&#8243;][vc_custom_heading text=&#8221;CONVENI DE COL\u00b7LABORACI\u00d3 AMB EL COL\u00b7LEGI D\u2019EDUCADORS I EDUDADORES SOCIALS DE CATALUNYA&#8221; use_theme_fonts=&#8221;yes&#8221;][vc_column_text c_id=&#8221;.vc_1433319447418&#8243;]Conveni de col\u00b7laboraci\u00f3 per al disseny i el desenvolupament de programes de formaci\u00f3 que millorin la qualitat socioeducativa de la intervenci\u00f3 que duen a terme els i les professionals d\u2019Estudi 6 que treballen en \u00e0mbits de l\u2019acci\u00f3 social.[\/vc_column_text][\/vc_column][\/vc_row][vc_row width=&#8221;full&#8221; p_top=&#8221;40px&#8221; p_bottom=&#8221;60px&#8221; m_bottom=&#8221;0&#8243; cut_top=&#8221;top-right&#8221; cut_top_h=&#8221;40&#8243;][vc_column width=&#8221;1\/4&#8243; css=&#8221;.vc_custom_1430726490082{margin-bottom: 30px !important;}&#8221;][vc_single_image image=&#8221;6552&#8243; img_size=&#8221;120&#215;193&#8243; alignment=&#8221;center&#8221;][\/vc_column][vc_column width=&#8221;3\/4&#8243;][vc_custom_heading text=&#8221;CONVENI DE COL\u00b7LABORACI\u00d3 AMB EL PROGRAMA L\u00c0BORA BARCELONA MERCAT LABORAL RESERVAT&#8221; use_theme_fonts=&#8221;yes&#8221;][vc_column_text c_id=&#8221;.vc_1433319447418&#8243;]El Programa L\u00e0bora treballa per al foment de l\u2019ocupaci\u00f3 i, apropa a les persones en situaci\u00f3 de vulnerabilitat al mercat laboral.[\/vc_column_text][\/vc_column][\/vc_row][vc_row width=&#8221;full&#8221; p_top=&#8221;40px&#8221; p_bottom=&#8221;60px&#8221; m_bottom=&#8221;0&#8243; cut_top=&#8221;top-right&#8221; cut_top_h=&#8221;40&#8243;][vc_column width=&#8221;1\/4&#8243; css=&#8221;.vc_custom_1430726490082{margin-bottom: 30px !important;}&#8221;][vc_single_image image=&#8221;6583&#8243; img_size=&#8221;&#8221; alignment=&#8221;center&#8221;][\/vc_column][vc_column width=&#8221;3\/4&#8243;][vc_custom_heading text=&#8221;CONVENI DE COL\u00b7LABORACI\u00d3 PER A PR\u00c0CTIQUES EN EMPRESES AMB LA DIRECCI\u00d3 GENERAL D\u2019ECONOMIA SOCIAL, EL TERCER SECTOR, LES COOPERATIVES I L\u2019AUTOEMPRESA DE LA GENERALITAT DE CATALUNYA (Departament De Treball, Afers Socials i Fam\u00edlies)&#8221; use_theme_fonts=&#8221;yes&#8221;][vc_column_text c_id=&#8221;.vc_1433319447418&#8243;]Col\u00b7laboraci\u00f3 per dur a terme un per\u00edode de pr\u00e0ctiques no laborals que es realitzaran en empreses de mercat ordinari, en empreses d\u2019inserci\u00f3 degudament inscrites en el Registre Administratiu d\u2019Empreses d\u2019Inserci\u00f3 de Catalunya\u00a0i\/o administracions p\u00fabliques o ens vinculats, on existeixin perspectives de contractaci\u00f3 laboral.[\/vc_column_text][\/vc_column][\/vc_row][vc_row width=&#8221;full&#8221; p_top=&#8221;40px&#8221; p_bottom=&#8221;60px&#8221; m_bottom=&#8221;0&#8243; cut_top=&#8221;top-right&#8221; cut_top_h=&#8221;40&#8243;][vc_column width=&#8221;1\/4&#8243; css=&#8221;.vc_custom_1430726490082{margin-bottom: 30px !important;}&#8221;][vc_single_image image=&#8221;6565&#8243; img_size=&#8221;150&#215;152&#8243; alignment=&#8221;center&#8221;][\/vc_column][vc_column width=&#8221;3\/4&#8243;][vc_custom_heading text=&#8221;ACORD AMB LA FUNDACI\u00d3 TRES TURONS&#8221; use_theme_fonts=&#8221;yes&#8221;][vc_column_text c_id=&#8221;.vc_1433319447418&#8243;]Acord per a afavorir la incorporaci\u00f3 al m\u00f3n laboral de persones amb situaci\u00f3 de risc i dificultats per la seva incorporaci\u00f3 al mercat ordinari i promoure aix\u00ed la Responsabilitats Social Empresarial.[\/vc_column_text][\/vc_column][\/vc_row][vc_row width=&#8221;full&#8221; p_top=&#8221;40px&#8221; p_bottom=&#8221;60px&#8221; m_bottom=&#8221;0&#8243; cut_top=&#8221;top-right&#8221; cut_top_h=&#8221;40&#8243;][vc_column width=&#8221;1\/4&#8243; css=&#8221;.vc_custom_1430726490082{margin-bottom: 30px !important;}&#8221;][vc_single_image image=&#8221;6082&#8243; img_size=&#8221;160&#215;161&#8243; alignment=&#8221;center&#8221;][\/vc_column][vc_column width=&#8221;3\/4&#8243;][vc_custom_heading text=&#8221;ACORD CIUTAD\u00c0 PER UNA BARCELONA INCLUSIVA&#8221; use_theme_fonts=&#8221;yes&#8221;][vc_column_text c_id=&#8221;.vc_1433319447418&#8243;]Estudi 6 \u00e9s membre de l\u2019Acord Ciutad\u00e0 per una Barcelona Inclusiva, l\u2019espai de participaci\u00f3, de cooperaci\u00f3 publico-privada i d\u2019acci\u00f3 conjunta entre institucions i organitzacions de la ciutat que treballen per construir una Barcelona m\u00e9s inclusiva i amb major qualitat de vida per a totes les persones. \u00c9s l\u2019espai compartit per excel\u00b7l\u00e8ncia entre el govern de la ciutat i la societat civil per a la inclusi\u00f3 social.[\/vc_column_text][\/vc_column][\/vc_row][vc_row width=&#8221;full&#8221; p_top=&#8221;40px&#8221; p_bottom=&#8221;60px&#8221; m_bottom=&#8221;0&#8243; cut_top=&#8221;top-right&#8221; cut_top_h=&#8221;40&#8243;][vc_column width=&#8221;1\/4&#8243; css=&#8221;.vc_custom_1430726490082{margin-bottom: 30px !important;}&#8221;][vc_single_image image=&#8221;6528&#8243; img_size=&#8221;full&#8221;][\/vc_column][vc_column width=&#8221;3\/4&#8243;][vc_custom_heading text=&#8221;CONVENI PER A LA REALITZACI\u00d3 DE PR\u00c0CTIQUES ACAD\u00c8MIQUES EXTERNES CURRICULARS I EXTRACURRICULARS D\u2019ESTUDIANTS DE GRAU I POSTGRAU DE T\u00cdTOLS OFICIALS I PROPIS DE LA UIB&#8221; use_theme_fonts=&#8221;yes&#8221;][vc_column_text c_id=&#8221;.vc_1433319447418&#8243;]Pr\u00e0ctiques curriculars: Les que els estudiants realitzen com a activitats acad\u00e8miques integrants del seu pla d\u2019estudis.<br \/>\nPr\u00e0ctiques extracurriculars: les que els estudiants realitzen de grau i postgrau de t\u00edtols oficials i propis de la UIB.[\/vc_column_text][\/vc_column][\/vc_row][vc_row width=&#8221;full&#8221; p_top=&#8221;40px&#8221; p_bottom=&#8221;60px&#8221; m_bottom=&#8221;0&#8243; cut_top=&#8221;top-right&#8221; cut_top_h=&#8221;40&#8243;][vc_column width=&#8221;1\/4&#8243; css=&#8221;.vc_custom_1430726490082{margin-bottom: 30px !important;}&#8221;][vc_single_image image=&#8221;6562&#8243; img_size=&#8221;full&#8221; alignment=&#8221;center&#8221;][\/vc_column][vc_column width=&#8221;3\/4&#8243;][vc_custom_heading text=&#8221;CONVENI DE COOPERACI\u00d3 EDUCATIVA ENTRE LA UNIVERSITAT NACIONAL D\u2019EDUCACI\u00d3 A DIST\u00c0NCIA I ESTUDI 6 GESTI\u00d3 SOCIOEDUCATIVA S.L.&#8221; use_theme_fonts=&#8221;yes&#8221;][vc_column_text c_id=&#8221;.vc_1433319447418&#8243;]Els estudiants de la UNED de graus oficials podran realitzar les seves pr\u00e0ctiques professionals a Estudi 6.[\/vc_column_text][\/vc_column][\/vc_row][vc_row width=&#8221;full&#8221; p_top=&#8221;40px&#8221; p_bottom=&#8221;60px&#8221; m_bottom=&#8221;0&#8243; cut_top=&#8221;top-right&#8221; cut_top_h=&#8221;40&#8243;][vc_column width=&#8221;1\/4&#8243; css=&#8221;.vc_custom_1430726490082{margin-bottom: 30px !important;}&#8221;][vc_single_image image=&#8221;6559&#8243; img_size=&#8221;full&#8221; alignment=&#8221;center&#8221;][\/vc_column][vc_column width=&#8221;3\/4&#8243;][vc_custom_heading text=&#8221;ACORD AMB ESPAI CONEIX&#8221; use_theme_fonts=&#8221;yes&#8221;][vc_column_text c_id=&#8221;.vc_1433319447418&#8243;]Acord de col\u00b7laborarci\u00f3 en el disseny i desenvolupament d\u2019actuacions en els \u00e0mbits socioeducatiu, de la intervenci\u00f3 comunit\u00e0ria, l\u2019animaci\u00f3 sociocultural i la participaci\u00f3 ciutadana i civisme, a partir de les experteses d\u2019ambdues organitzacions.[\/vc_column_text][\/vc_column][\/vc_row]<\/p>\n<\/div>","protected":false},"excerpt":{"rendered":"<p>[vc_row width=&#8221;full&#8221; p_bottom=&#8221;10px&#8221; m_top=&#8221;80px&#8221; css=&#8221;.vc_custom_1584968313663{margin-top: 30px !important;}&#8221;][vc_column][vc_column_text c_id=&#8221;.vc_1433319417337&#8243;] Convenios de colaboraci\u00f3n con entidades e instituciones [\/vc_column_text][\/vc_column][\/vc_row][vc_row width=&#8221;full&#8221; p_top=&#8221;40px&#8221; p_bottom=&#8221;60px&#8221; m_bottom=&#8221;0&#8243; cut_top=&#8221;top-right&#8221; cut_top_h=&#8221;40&#8243;][vc_column width=&#8221;1\/4&#8243; css=&#8221;.vc_custom_1430726490082{margin-bottom: 30px !important;}&#8221;][vc_single_image image=&#8221;6526&#8243; img_size=&#8221;160&#215;140&#8243; alignment=&#8221;center&#8221;][\/vc_column][vc_column width=&#8221;3\/4&#8243;][vc_custom_heading text=&#8221;CONVENI DE COL\u00b7LABORACI\u00d3 AMB EL COPPIB&#8221; use_theme_fonts=&#8221;yes&#8221;][vc_column_text c_id=&#8221;.vc_1433319447418&#8243;]Conveni de col\u00b7laboraci\u00f3 amb el Col\u00b7legi Oficial de Pedagogia i Psicopedagogia de les Illes Balears per a la [&hellip;]<\/p>\n","protected":false},"author":1,"featured_media":0,"parent":0,"menu_order":0,"comment_status":"closed","ping_status":"closed","template":"","meta":{"footnotes":""},"class_list":["post-6593","page","type-page","status-publish","hentry"],"_links":{"self":[{"href":"https:\/\/estudi6.com\/es\/wp-json\/wp\/v2\/pages\/6593","targetHints":{"allow":["GET"]}}],"collection":[{"href":"https:\/\/estudi6.com\/es\/wp-json\/wp\/v2\/pages"}],"about":[{"href":"https:\/\/estudi6.com\/es\/wp-json\/wp\/v2\/types\/page"}],"author":[{"embeddable":true,"href":"https:\/\/estudi6.com\/es\/wp-json\/wp\/v2\/users\/1"}],"replies":[{"embeddable":true,"href":"https:\/\/estudi6.com\/es\/wp-json\/wp\/v2\/comments?post=6593"}],"version-history":[{"count":5,"href":"https:\/\/estudi6.com\/es\/wp-json\/wp\/v2\/pages\/6593\/revisions"}],"predecessor-version":[{"id":6743,"href":"https:\/\/estudi6.com\/es\/wp-json\/wp\/v2\/pages\/6593\/revisions\/6743"}],"wp:attachment":[{"href":"https:\/\/estudi6.com\/es\/wp-json\/wp\/v2\/media?parent=6593"}],"curies":[{"name":"wp","href":"https:\/\/api.w.org\/{rel}","templated":true}]}}