{"id":8320,"date":"2026-02-19T13:17:51","date_gmt":"2026-02-19T12:17:51","guid":{"rendered":"https:\/\/estudi6.com\/plan-de-igualdad-y-lgtbiq-y-transparencia\/"},"modified":"2026-02-19T13:24:47","modified_gmt":"2026-02-19T12:24:47","slug":"plan-de-igualdad-y-lgtbiq-y-transparencia","status":"publish","type":"page","link":"https:\/\/estudi6.com\/es\/estudi-6\/el-nostre-adn\/plan-de-igualdad-y-lgtbiq-y-transparencia\/","title":{"rendered":"Plan de Igualdad y LGTBIQ+ y Transparencia."},"content":{"rendered":"<div class=\"wpb-content-wrapper\"><p>[vc_section full_width=&#8221;stretch_row&#8221; el_id=&#8221;pla-igualtat-lgtbiq-transparencia&#8221; css=&#8221;.vc_custom_1771503272319{margin-top: 0px !important;margin-bottom: 0px !important;background-color: #F8F8F8 !important;}&#8221;][vc_row width=&#8221;full&#8221; bg_color_row=&#8221;#00000000&#8243; p_top=&#8221;40px&#8221; m_bottom=&#8221;0&#8243;][vc_column css=&#8221;.vc_custom_1430726490082{margin-bottom: 30px !important;}&#8221;][vc_column_text css=&#8221;&#8221; c_id=&#8221;.vc_1429868196203&#8243;]<\/p>\n<h1>Pla d&#8217;Igualtat i LGTBIQ+<\/h1>\n<p>[\/vc_column_text][\/vc_column][\/vc_row][vc_row content_placement=&#8221;middle&#8221; anchor=&#8221;pla-igualtat&#8221; width=&#8221;full&#8221; bg_color_row=&#8221;#00000000&#8243; p_top=&#8221;10px&#8221; m_bottom=&#8221;0&#8243; css=&#8221;.vc_custom_1771421854517{padding-right: 3% !important;padding-left: 3% !important;border-radius: 20px !important;}&#8221; el_id=&#8221;plan-igualdad&#8221;][vc_column width=&#8221;1\/4&#8243; css=&#8221;.vc_custom_1430726490082{margin-bottom: 30px !important;}&#8221;][vc_single_image image=&#8221;8293&#8243; img_size=&#8221;full&#8221; css=&#8221;&#8221;][\/vc_column][vc_column width=&#8221;3\/4&#8243;][vc_custom_heading text=&#8221;IV Plan de igualdad 2024-2028&#8243; font_container=&#8221;tag:h3|text_align:left&#8221; use_theme_fonts=&#8221;yes&#8221; css=&#8221;&#8221;][vc_column_text css=&#8221;&#8221; c_id=&#8221;.vc_1432543643168&#8243;]El<strong> IV Plan de Igualdad 2024-2028<\/strong> es el instrumento con el que Estudi 6 consolida su compromiso con la igualdad real y efectiva entre mujeres y hombres, de acuerdo con la <strong>Ley Org\u00e1nica 3\/2007 y los Reales Decretos 901\/2020 y 902\/2020.<\/strong><\/p>\n<p>El Plan se ha elaborado a partir de un diagn\u00f3stico exhaustivo que ha permitido identificar fortalezas y \u00e1reas de mejora en aspectos como la selecci\u00f3n y contrataci\u00f3n, la promoci\u00f3n profesional, la conciliaci\u00f3n y la cultura organizativa. Incluye <strong>61 medidas estructuradas en 10 \u00e1reas de actuaci\u00f3n<\/strong>, con objetivos, indicadores y un calendario de aplicaci\u00f3n hasta 2028 para integrar la perspectiva de g\u00e9nero de forma transversal en toda la organizaci\u00f3n. El despliegue cuenta con una <strong>comisi\u00f3n paritaria de seguimiento<\/strong>, reuniones peri\u00f3dicas, <strong>informes bienales<\/strong> y personal t\u00e9cnico de igualdad a tiempo completo, garantizando su evaluaci\u00f3n y mejora continua.[\/vc_column_text][\/vc_column][\/vc_row][vc_row content_placement=&#8221;middle&#8221; anchor=&#8221;mesures-lgtbiq&#8221; width=&#8221;full&#8221; bg_color_row=&#8221;#00000000&#8243; p_top=&#8221;10px&#8221; m_bottom=&#8221;0&#8243; css=&#8221;.vc_custom_1771421830482{padding-right: 3% !important;padding-left: 3% !important;border-radius: 20px !important;}&#8221; el_id=&#8221;medidas-lgtbiq&#8221;][vc_column width=&#8221;1\/4&#8243; css=&#8221;.vc_custom_1430726490082{margin-bottom: 30px !important;}&#8221;][vc_single_image image=&#8221;8294&#8243; img_size=&#8221;full&#8221; css=&#8221;&#8221;][\/vc_column][vc_column width=&#8221;3\/4&#8243;][vc_custom_heading text=&#8221;I Conjunto planificado de medidas LGTBIQ+ 2025\u20132029&#8243; font_container=&#8221;tag:h3|text_align:left&#8221; use_theme_fonts=&#8221;yes&#8221; css=&#8221;&#8221;][vc_column_text css=&#8221;&#8221; c_id=&#8221;.vc_1432543643168&#8243;]El<strong> I Conjunto Planificado de Medidas LGTBIQ+ 2025\u20132029<\/strong> refuerza el compromiso de Estudi6 con la igualdad de trato, la no discriminaci\u00f3n y el respeto a la diversidad afectivosexual, de identidad y expresi\u00f3n de g\u00e9nero.<br \/>\nEste Plan se enmarca en la <strong>Ley 4\/2023 y el Real Decreto 1026\/2024<\/strong>, e incluye <strong>38 medidas estructuradas en 9 \u00e1reas de actuaci\u00f3n<\/strong> para promover un entorno laboral inclusivo, seguro y libre de LGTBIQ-fobia. Su objetivo es impulsar cambios reales en la cultura organizativa y en los procesos internos, incorporando la perspectiva LGTBIQ+ en \u00e1mbitos como la gesti\u00f3n de personas, la comunicaci\u00f3n, la promoci\u00f3n profesional y los permisos sociales. Un elemento central del <strong>Plan es el Protocolo de prevenci\u00f3n y actuaci\u00f3n ante el acoso y la LGTBIQ-fobia<\/strong>, que establece mecanismos claros de protecci\u00f3n y consolida la tolerancia cero frente a cualquier forma de discriminaci\u00f3n.[\/vc_column_text][\/vc_column][\/vc_row][\/vc_section][vc_section full_width=&#8221;stretch_row&#8221; css=&#8221;.vc_custom_1771503794731{background-color: #FFFFFF !important;}&#8221;][vc_row width=&#8221;full&#8221; bg_color_row=&#8221;#00000000&#8243; p_top=&#8221;40px&#8221; m_bottom=&#8221;0&#8243;][vc_column css=&#8221;.vc_custom_1430726490082{margin-bottom: 30px !important;}&#8221;][vc_column_text css=&#8221;&#8221; c_id=&#8221;.vc_1429868196203&#8243;]<\/p>\n<h1>Transparencia<\/h1>\n<p>[\/vc_column_text][\/vc_column][\/vc_row][vc_row width=&#8221;full&#8221; bg_color_row=&#8221;#00000000&#8243; p_top=&#8221;60px&#8221; m_bottom=&#8221;0&#8243; el_id=&#8221;trasparencia&#8221;][vc_column css=&#8221;.vc_custom_1430726490082{margin-bottom: 30px !important;}&#8221;][vc_column_text css=&#8221;&#8221; c_id=&#8221;.vc_1432543643168&#8243;]La transparencia referida a la direcci\u00f3n y plantilla sus retribuciones seg\u00fan funci\u00f3n y nivel de responsabilidad, con la intenci\u00f3n de establecer par\u00e1metros conjuntos, a partir de la diversidad de convenios colectivos, proponiendo unas tablas salariales con m\u00e1ximos y m\u00ednimos para cada categor\u00eda.[\/vc_column_text][vc_separator color=&#8221;white&#8221; border_width=&#8221;2&#8243; css=&#8221;.vc_custom_1486638827920{padding-top: 20px !important;padding-bottom: 20px !important;}&#8221;][vc_row_inner][vc_column_inner width=&#8221;1\/2&#8243;][vc_column_text css=&#8221;&#8221;]<\/p>\n<h4>Convenios colectivos:<\/h4>\n<ol>\n<li><em>Convenio colectivo de \u00e1mbito estatal de centros de asistencia y educaci\u00f3n infantil<\/em><\/li>\n<li><em>Convenio colectivo de ense\u00f1anza y formaci\u00f3n no reglada<\/em><\/li>\n<li><em>Convenio colectivo estatal para los centros de ense\u00f1anzas musicales<\/em><\/li>\n<li><em>Convenio colectivo estatal de acci\u00f3n e intervenci\u00f3n social<\/em><\/li>\n<li><em>Convenio colectivo marco estatal del sector ocio educativo y animaci\u00f3n sociocultural<\/em><\/li>\n<li><em>Convenio colectivo auton\u00f3mico para residencias y centros de d\u00eda para personas dependientes<\/em><\/li>\n<li><em>Convenio colectivo auton\u00f3mico de ense\u00f1anza y formaci\u00f3n no reglada de Catalu\u00f1a<\/em><\/li>\n<li><em>Conveni col\u00b7lectiu del sector de l&#8217;oci educatiu i sociocultural de Catalunya<\/em><\/li>\n<li><em>Convenio colectivo del sector de las escuelas infantiles de educaci\u00f3n de 0 a 3 a\u00f1os de Menorca<\/em><\/li>\n<\/ol>\n<p>[\/vc_column_text][\/vc_column_inner][vc_column_inner width=&#8221;1\/2&#8243;][vc_column_text]<\/p>\n<h4>Tablas Salariales<\/h4>\n<table style=\"width: 100%;\">\n<tbody>\n<tr>\n<td>1. Direcci\u00f3n<\/td>\n<td>73.000<\/td>\n<td>50.000<\/td>\n<\/tr>\n<tr>\n<td>2. Jefes de Departamento<\/td>\n<td>40.000<\/td>\n<td>30.000<\/td>\n<\/tr>\n<tr>\n<td>3. Equipo t\u00e9cnico<\/td>\n<td>30.000<\/td>\n<td>24.000<\/td>\n<\/tr>\n<tr>\n<td>4. Coordinadores\/ras de centros y projectos<\/td>\n<td>30.000<\/td>\n<td>20.000<\/td>\n<\/tr>\n<tr>\n<td>5. Profesorado\/T\u00e9cnicos<\/td>\n<td>22.000<\/td>\n<td>15.500<\/td>\n<\/tr>\n<tr>\n<td>6. Educadores\/ras, monitores\/ras<\/td>\n<td>22.000<\/td>\n<td>15.500<\/td>\n<\/tr>\n<tr>\n<td>7. T\u00e9cnicos de Servicios Generales<\/td>\n<td>22.000<\/td>\n<td>14.000<\/td>\n<\/tr>\n<tr>\n<td>8. Cocineros\/ras<\/td>\n<td>20.000<\/td>\n<td>12.000<\/td>\n<\/tr>\n<tr>\n<td>9. Auxiliares de Servicios Generales<\/td>\n<td>15.000<\/td>\n<td>12.000<\/td>\n<\/tr>\n<tr>\n<td>10. Limpieza\/Porter\u00eda<\/td>\n<td>13.500<\/td>\n<td>12.000<\/td>\n<\/tr>\n<\/tbody>\n<\/table>\n<p>[\/vc_column_text][\/vc_column_inner][\/vc_row_inner][vc_empty_space][\/vc_column][\/vc_row][\/vc_section]<\/p>\n<\/div>","protected":false},"excerpt":{"rendered":"<p>[vc_section full_width=&#8221;stretch_row&#8221; el_id=&#8221;pla-igualtat-lgtbiq-transparencia&#8221; css=&#8221;.vc_custom_1771503272319{margin-top: 0px !important;margin-bottom: 0px !important;background-color: #F8F8F8 !important;}&#8221;][vc_row width=&#8221;full&#8221; bg_color_row=&#8221;#00000000&#8243; p_top=&#8221;40px&#8221; m_bottom=&#8221;0&#8243;][vc_column css=&#8221;.vc_custom_1430726490082{margin-bottom: 30px !important;}&#8221;][vc_column_text css=&#8221;&#8221; c_id=&#8221;.vc_1429868196203&#8243;] Pla d&#8217;Igualtat i LGTBIQ+ [\/vc_column_text][\/vc_column][\/vc_row][vc_row content_placement=&#8221;middle&#8221; anchor=&#8221;pla-igualtat&#8221; width=&#8221;full&#8221; bg_color_row=&#8221;#00000000&#8243; p_top=&#8221;10px&#8221; m_bottom=&#8221;0&#8243; css=&#8221;.vc_custom_1771421854517{padding-right: 3% !important;padding-left: 3% !important;border-radius: 20px !important;}&#8221; el_id=&#8221;plan-igualdad&#8221;][vc_column width=&#8221;1\/4&#8243; css=&#8221;.vc_custom_1430726490082{margin-bottom: 30px !important;}&#8221;][vc_single_image image=&#8221;8293&#8243; img_size=&#8221;full&#8221; css=&#8221;&#8221;][\/vc_column][vc_column width=&#8221;3\/4&#8243;][vc_custom_heading text=&#8221;IV Plan de igualdad 2024-2028&#8243; font_container=&#8221;tag:h3|text_align:left&#8221; use_theme_fonts=&#8221;yes&#8221; css=&#8221;&#8221;][vc_column_text css=&#8221;&#8221; [&hellip;]<\/p>\n","protected":false},"author":1,"featured_media":0,"parent":3235,"menu_order":0,"comment_status":"closed","ping_status":"closed","template":"","meta":{"footnotes":""},"class_list":["post-8320","page","type-page","status-publish","hentry"],"_links":{"self":[{"href":"https:\/\/estudi6.com\/es\/wp-json\/wp\/v2\/pages\/8320","targetHints":{"allow":["GET"]}}],"collection":[{"href":"https:\/\/estudi6.com\/es\/wp-json\/wp\/v2\/pages"}],"about":[{"href":"https:\/\/estudi6.com\/es\/wp-json\/wp\/v2\/types\/page"}],"author":[{"embeddable":true,"href":"https:\/\/estudi6.com\/es\/wp-json\/wp\/v2\/users\/1"}],"replies":[{"embeddable":true,"href":"https:\/\/estudi6.com\/es\/wp-json\/wp\/v2\/comments?post=8320"}],"version-history":[{"count":9,"href":"https:\/\/estudi6.com\/es\/wp-json\/wp\/v2\/pages\/8320\/revisions"}],"predecessor-version":[{"id":8336,"href":"https:\/\/estudi6.com\/es\/wp-json\/wp\/v2\/pages\/8320\/revisions\/8336"}],"up":[{"embeddable":true,"href":"https:\/\/estudi6.com\/es\/wp-json\/wp\/v2\/pages\/3235"}],"wp:attachment":[{"href":"https:\/\/estudi6.com\/es\/wp-json\/wp\/v2\/media?parent=8320"}],"curies":[{"name":"wp","href":"https:\/\/api.w.org\/{rel}","templated":true}]}}